{"id":120028,"date":"2023-11-09T10:25:09","date_gmt":"2023-11-09T09:25:09","guid":{"rendered":"https:\/\/www.kunstmuseumluzern.ch\/museum\/institution\/"},"modified":"2026-04-30T17:35:20","modified_gmt":"2026-04-30T15:35:20","slug":"institution","status":"publish","type":"page","link":"https:\/\/www.kunstmuseumluzern.ch\/de-es\/museum\/institution\/","title":{"rendered":"Institution"},"content":{"rendered":"\n<div class=\"wp-block-slider alignfull\">\n\n  <div class=\"swiper-container\">\n    <div class=\"swiper-wrapper\">\n\n      \n            <div class=\"swiper-slide\" data-index=\"0\">\n        \n        \n                <div class=\"us_video-wrapper\">\n          <iframe width=\"640\" height=\"360\" src=\"https:\/\/arttv.ch\/videoembed\/?vid_id=9729\" frameborder=\"0\" scrolling=\"no\" allowfullscreen><\/iframe>        <\/div>\n              <\/div>\n                    <div class=\"swiper-slide\" data-index=\"1\">\n                <div data-caption=\"Kunstmuseum Luzern, Bannermontage f\u00fcr Turner. Das Meer und die Alpen, Foto: Marc Latzel\">          <img decoding=\"async\" width=\"980\" height=\"1400\" src=\"https:\/\/www.kunstmuseumluzern.ch\/wp-content\/uploads\/2024\/02\/kml-turner-banner.jpg\" class=\"attachment-gallery_image size-gallery_image\" alt=\"\" srcset=\"https:\/\/www.kunstmuseumluzern.ch\/wp-content\/uploads\/2024\/02\/kml-turner-banner.jpg 980w, https:&#x2f;&#x2f;&#119;&#119;&#119;&#46;&#x6b;&#x75;&#x6e;&#115;&#116;mu&#x73;&#x65;&#x75;&#109;&#108;u&#x7a;&#x65;&#x72;&#110;&#46;&#99;h&#x2f;&#x77;&#x70;&#45;&#99;on&#x74;&#x65;&#x6e;&#116;&#47;u&#x70;&#x6c;&#x6f;&#97;&#100;&#115;\/&#x32;&#x30;&#x32;&#52;&#47;02&#x2f;&#x6b;&#x6d;&#108;&#45;t&#x75;&#x72;&#x6e;&#101;&#114;&#45;b&#x61;&#x6e;&#x6e;&#101;&#114;-1&#x35;&#x30;&#x78;&#50;&#49;4&#x40;&#x32;&#x78;&#46;&#106;&#112;g 300w, https:\/\/www.kunstmuseumluzern.ch\/wp-content\/uploads\/2024\/02\/kml-turner-banner-150x214.jpg 150w, https:\/\/www.kunstmuseumluzern.ch\/wp-content\/uploads\/2024\/02\/kml-turner-banner-420x600.jpg 420w, https:&#x2f;&#x2f;&#119;ww&#x2e;&#x6b;&#117;&#110;s&#x74;&#x6d;&#117;&#115;e&#x75;&#x6d;&#x6c;&#117;ze&#x72;&#x6e;&#46;&#99;h&#x2f;&#x77;&#112;&#45;c&#x6f;&#x6e;&#116;&#101;n&#x74;&#x2f;&#x75;&#112;lo&#x61;&#x64;&#115;&#47;2&#x30;&#x32;&#52;&#47;0&#x32;&#x2f;&#107;&#109;l&#x2d;&#x74;&#x75;&#114;ne&#x72;&#x2d;&#98;&#97;n&#x6e;&#x65;&#114;&#45;3&#x30;&#x30;&#x78;&#52;2&#x39;&#x40;&#x32;&#120;&#46;j&#x70;&#x67; 600w, https:&#47;&#x2f;w&#119;&#x77;&#46;&#x6b;&#x75;&#110;&#x73;t&#109;&#x75;s&#101;&#x75;&#109;&#x6c;u&#122;&#x65;r&#110;&#x2e;&#99;&#x68;&#x2f;&#119;&#x70;-&#99;&#x6f;n&#x74;&#x65;&#110;&#x74;\/&#117;&#x70;l&#111;&#x61;&#100;&#x73;\/&#50;&#x30;2&#52;&#x2f;0&#x32;&#x2f;&#107;&#x6d;l&#45;&#x74;u&#x72;&#x6e;&#101;&#x72;-&#98;&#x61;n&#110;&#x65;&#114;&#x2d;4&#50;&#x30;x&#54;&#x30;0&#x40;&#x32;&#120;&#x2e;j&#112;&#x67; 840w\" sizes=\"(max-width: 980px) 100vw, 980px\" \/>        <\/div>        \n        \n              <\/div>\n                    <div class=\"swiper-slide\" data-index=\"2\">\n                <div data-caption=\"Kultur- und Kongresshaus KKL mit Kunstmuseum Luzern, Foto: Franca Pedrazzetti\">          <img decoding=\"async\" width=\"2100\" height=\"1400\" src=\"https:\/\/www.kunstmuseumluzern.ch\/wp-content\/uploads\/2024\/02\/kml-fassade-see.jpg\" class=\"attachment-gallery_image size-gallery_image\" alt=\"\" srcset=\"https:\/\/www.kunstmuseumluzern.ch\/wp-content\/uploads\/2024\/02\/kml-fassade-see.jpg 2100w, https:&#x2f;&#47;w&#x77;&#x77;&#46;k&#x75;&#x6e;&#115;t&#x6d;&#x75;&#115;e&#x75;&#x6d;&#108;u&#x7a;&#101;&#114;n&#x2e;&#99;h&#x2f;&#x77;&#112;-&#x63;&#x6f;&#110;t&#x65;&#x6e;&#116;\/&#x75;&#x70;&#108;o&#x61;&#x64;&#115;\/&#x32;&#48;&#50;&#x34;&#x2f;&#48;2&#x2f;&#x6b;&#109;l&#x2d;&#x66;&#97;s&#x73;&#x61;&#100;e&#x2d;&#x73;&#101;e&#x2d;&#49;&#53;0&#x78;&#49;0&#x30;&#x40;&#50;x&#x2e;&#x6a;&#112;g 300w, https:\/\/www.kunstmuseumluzern.ch\/wp-content\/uploads\/2024\/02\/kml-fassade-see-1024x683.jpg 1024w, https:\/\/www.kunstmuseumluzern.ch\/wp-content\/uploads\/2024\/02\/kml-fassade-see-150x100.jpg 150w, https:\/\/www.kunstmuseumluzern.ch\/wp-content\/uploads\/2024\/02\/kml-fassade-see-420x280.jpg 420w, https:&#x2f;&#47;&#x77;&#x77;&#119;&#x2e;&#107;u&#x6e;&#115;t&#x6d;&#117;s&#x65;&#117;m&#x6c;&#117;&#x7a;&#x65;&#114;&#x6e;&#x2e;&#99;&#x68;&#47;w&#x70;&#45;c&#x6f;&#110;t&#x65;&#110;t&#x2f;&#117;&#x70;&#x6c;&#111;&#x61;&#x64;&#115;&#x2f;&#50;0&#x32;&#52;\/&#x30;&#50;\/&#x6b;&#109;l&#x2d;&#102;&#x61;&#x73;&#115;&#x61;&#x64;&#101;&#x2d;&#115;e&#x65;&#45;3&#x30;&#48;x&#x32;&#48;0&#x40;&#50;&#x78;&#x2e;&#106;&#x70;&#x67; 600w, https:&#47;&#x2f;&#119;&#x77;&#119;&#x2e;&#107;&#x75;&#110;&#x73;&#116;&#x6d;&#117;&#x73;&#101;&#x75;&#109;&#x6c;&#117;&#x7a;&#101;&#x72;&#110;&#x2e;&#99;&#x68;\/&#x77;p&#x2d;c&#x6f;n&#x74;e&#x6e;t&#x2f;u&#x70;l&#x6f;a&#x64;s&#47;2&#48;2&#52;&#x2f;&#48;&#x32;&#47;&#x6b;&#109;&#x6c;&#45;&#x66;&#97;&#x73;&#115;&#x61;&#100;&#x65;&#45;&#x73;&#101;&#x65;&#45;&#x31;&#48;&#x32;&#52;&#x78;6&#x38;3&#x40;2&#x78;&#46;&#x6a;p&#x67; 2048w, https:&#x2f;&#x2f;&#119;w&#x77;&#x2e;&#107;un&#x73;&#x74;&#109;u&#x73;&#x65;&#117;&#109;l&#x75;&#x7a;&#101;r&#x6e;&#x2e;&#99;&#104;\/&#x77;&#x70;&#45;c&#x6f;&#x6e;&#116;&#101;n&#x74;&#x2f;&#117;p&#x6c;&#x6f;&#97;&#100;s&#x2f;&#x32;&#48;2&#x34;&#x2f;&#x30;&#50;\/&#x6b;&#x6d;&#108;-f&#x61;&#x73;&#115;a&#x64;&#x65;&#45;&#115;e&#x65;&#x2d;&#52;2&#x30;&#x78;&#50;&#56;0&#x40;&#x32;&#120;&#46;&#x6a;&#x70;&#103; 840w\" sizes=\"(max-width: 2100px) 100vw, 2100px\" \/>        <\/div>        \n        \n              <\/div>\n              \n    <\/div>\n\n    <div class=\"swiper-button-prev\"><\/div>\n    <div class=\"swiper-button-next\"><\/div>\n    <div class=\"swiper-pagination\"><\/div>\n    <div class=\"swiper-caption\"><\/div>\n  <\/div>\n\n<\/div>\n\n\n\n<div style=\"height:60px\" aria-hidden=\"true\" class=\"wp-block-spacer\"><\/div>\n\n\n\n<p>Das Kunstmuseum Luzern geh\u00f6rt zu den bedeutendsten Schweizer Kunstmuseen. Es interessiert sich f\u00fcr aktuelle gesellschaftlichen Themen. Es ist auch \u00f6ffentlich zug\u00e4nglich, barrierefrei und f\u00fcr alle da. Das Kunstmuseum Luzern f\u00f6rdert Vielfalt und Austausch. Das Kunstmuseum Luzern arbeitet mit anderen Betrieben und Museen in Luzern und ganz Europa zusammen.<\/p>\n\n\n\n<p>Im Kunstmuseum Luzern sind rund zehn Ausstellungen pro Jahr zu sehen. Es sind meist drei Ausstellungen gleichzeitig. Wenn man f\u00fcr eine Ausstellung ins Museum kommt, kann man auch die anderen Ausstellungen sehen.<\/p>\n\n\n\n<p>Das Programm ist abwechslungsreich:<\/p>\n\n\n\n<ul class=\"wp-block-list\">\n<li>internationale Ausstellungen<\/li>\n\n\n\n<li>Sammlungsausstellung<\/li>\n\n\n\n<li>Einzelausstellungen junger K\u00fcnstler:innen<\/li>\n<\/ul>\n\n\n\n<p>Die Sammlungsausstellung wird einmal pro Jahr neu eingerichtet.<\/p>\n\n\n\n<p>Die vielen Themen der Ausstellungen kommen auch in den Veranstaltungen vor. Das Angebot ist interessant und unterhaltend.<\/p>\n\n\n\n<p><\/p>\n\n\n\n<p>Die Kunstgesellschaft Luzern ist Tr\u00e4gerin des Kunstmuseums Luzern. Sie hat rund 2\u2019500 Mitglieder und wurde vor \u00fcber 200 Jahren gegr\u00fcndet. Die Kunstgesellschaft bereichert die Kultur der Zentralschweiz. Sie erm\u00f6glicht auch aufsehenerregende Ausstellungen.<\/p>\n\n\n\n<p>Seit seiner Gr\u00fcndung zeigt das Kunstmuseum Luzern neuste Kunst:<\/p>\n\n\n\n<ul class=\"wp-block-list\">\n<li>Die Ausstellung <em>These, Antithese und Synthese <\/em>versammelte 1935 alle bedeutenden K\u00fcnstler:innen der Zeit. Zum Beispiel Kandinsky, Mir\u00f3, Picasso.<\/li>\n\n\n\n<li>Jean-Christophe Ammann brachte in den 1970er-Jahren die junge Szene, Performances und Happenings nach Luzern.<\/li>\n\n\n\n<li>In den 1990er-Jahren waren Jeff Wall, Andy Warhol oder Cindy Sherman zu sehen.<\/li>\n<\/ul>\n\n\n\n<p>Auch die heutige Direktorin Fanni Fetzer zeigt immer wieder neuste Kunst.<\/p>\n\n\n\n<p><\/p>\n\n\n\n<h3 class=\"wp-block-heading\" id=\"erklarung-gegen-diskriminierung\" id=\"erklaerung-gegen-diskriminierung\">Erkl\u00e4rung gegen Diskriminierung<\/h3>\n\n\n\n<p>Das Kunstmuseum Luzern ist ein Ort f\u00fcr alle. Menschen mit verschiedenen Lebensgeschichten, Interessen und Meinungen kommen hier gerne zusammen. Wir wollen Respekt und Zustimmung f\u00fcr alle. Vielfalt ist uns wichtig. Alle Menschen sollen ihren Museumsbesuch genie\u00dfen.<\/p>\n\n\n\n<p>Wir lernen st\u00e4ndig dazu und besch\u00e4ftigen uns bewusst mit Fragen zur Diskriminierung. Wir nehmen Anregungen und Kritik ernst. Wir denken \u00fcber Ausgrenzung nach und setzen uns aktiv gegen Diskriminierung ein.<\/p>\n\n\n\n<div style=\"height:120px\" aria-hidden=\"true\" class=\"wp-block-spacer\"><\/div>\n\n\n\n<h2 class=\"wp-block-heading has-text-align-center\" id=\"informationen\" id=\"informationen\">Informationen<\/h2>\n\n\n\n<div class=\"wp-block-columns alignwide no-gap is-layout-flex wp-container-core-columns-is-layout-28f84493 wp-block-columns-is-layout-flex\">\n<div class=\"wp-block-column is-layout-flow wp-block-column-is-layout-flow\">\n<div class=\"wp-block-pb-accordion-item c-accordion__item js-accordion-item no-js\" data-initially-open=\"false\" data-click-to-close=\"true\" data-auto-close=\"true\" data-scroll=\"false\" data-scroll-offset=\"0\"><h2 id=\"at-1200280\" class=\"c-accordion__title js-accordion-controller\" role=\"button\" id=\"kommission-fuer-das-ausstellungsprogramm\">kommission F\u00fcr das Ausstellungsprogramm<\/h2><div id=\"ac-1200280\" class=\"c-accordion__content\">\n<p>Manuel Berger, Kunstgesellschaft Luzern<br>Alexandra Bl\u00e4ttler, Kunstmuseum Luzern<br>Mauritius Carlen, ArtClub Luzern<br>Fanni Fetzer, Kunstmuseum Luzern<br>Hubert Hofmann, Stiftung BEST Art Collection Luzern<br>Eveline Suter, Kunstmuseum Luzern<\/p>\n<\/div><\/div>\n<\/div>\n\n\n\n<div class=\"wp-block-column is-layout-flow wp-block-column-is-layout-flow\">\n<div class=\"wp-block-pb-accordion-item c-accordion__item js-accordion-item no-js\" data-initially-open=\"false\" data-click-to-close=\"true\" data-auto-close=\"true\" data-scroll=\"false\" data-scroll-offset=\"0\"><h2 id=\"at-1200281\" class=\"c-accordion__title js-accordion-controller\" role=\"button\" id=\"mitgliedschaften\">Mitgliedschaften<\/h2><div id=\"ac-1200281\" class=\"c-accordion__content\">\n<p><a href=\"https:\/\/www.artmuseums.ch\/\">Vereinigung Schweizer Kunstmuseen<\/a><br><a href=\"http:\/\/aisac-vsizk.ch\/\">Verein Schweizer Institutionen f\u00fcr zeitgen\u00f6ssische Kunst<\/a> <br><a href=\"https:\/\/museenluzern.ch\/\" target=\"_blank\" rel=\"noreferrer noopener\">Verein Museen Luzern<\/a><br><a href=\"https:\/\/photography-in-switzerland.ch\/\" target=\"_blank\" rel=\"noreferrer noopener\">Verein Spectrum \u2013 Photography in Switzerland<\/a><\/p>\n<\/div><\/div>\n<\/div>\n<\/div>\n\n\n\n<div style=\"height:40px\" aria-hidden=\"true\" class=\"wp-block-spacer\"><\/div>\n\n\n\n<div class=\"wp-block-buttons is-content-justification-center is-layout-flex wp-container-core-buttons-is-layout-a89b3969 wp-block-buttons-is-layout-flex\">\n<div class=\"wp-block-button is-style-download\"><a class=\"wp-block-button__link has-text-align-center wp-element-button\" href=\"https:\/\/www.kunstmuseumluzern.ch\/wp-content\/uploads\/2023\/04\/2024-leitbild-kunstmuseum-luzern_de.pdf\" target=\"_blank\" rel=\"noreferrer noopener\">Leitbild<\/a><\/div>\n<\/div>\n\n\n\n<div style=\"height:120px\" aria-hidden=\"true\" class=\"wp-block-spacer\"><\/div>\n\n\n\n<h2 class=\"wp-block-heading has-text-align-center\" id=\"team\" id=\"team\">TEam<\/h2>\n\n\n\n<div class=\"wp-block-columns alignwide no-gap is-layout-flex wp-container-core-columns-is-layout-28f84493 wp-block-columns-is-layout-flex\">\n<div class=\"wp-block-column is-layout-flow wp-block-column-is-layout-flow\">\n<div class=\"wp-block-pb-accordion-item c-accordion__item js-accordion-item no-js\" data-initially-open=\"false\" data-click-to-close=\"true\" data-auto-close=\"true\" data-scroll=\"false\" data-scroll-offset=\"0\" id=\"direktion\"><h2 id=\"at-1200282\" class=\"c-accordion__title js-accordion-controller\" role=\"button\" id=\"direktion\">Direktion<\/h2><div id=\"ac-1200282\" class=\"c-accordion__content\">\n<p><strong>Direkt<\/strong>orin<br><a href=\"mailto: &#x69;&#110;&#x66;&#x6f;&#64;&#x6b;&#117;n&#x73;&#116;m&#x75;&#115;&#x65;&#x75;m&#x6c;&#117;z&#x65;&#114;n&#x2e;&#99;&#x68;\">Fanni Fetzer<\/a><\/p>\n<\/div><\/div>\n\n\n\n<div class=\"wp-block-pb-accordion-item c-accordion__item js-accordion-item no-js\" data-initially-open=\"false\" data-click-to-close=\"true\" data-auto-close=\"true\" data-scroll=\"false\" data-scroll-offset=\"0\"><h2 id=\"at-1200283\" class=\"c-accordion__title js-accordion-controller\" role=\"button\" id=\"ausstellung\">Ausstellung<\/h2><div id=\"ac-1200283\" class=\"c-accordion__content\">\n<p><strong>Kuratorin<\/strong><br><a href=\"&#x6d;&#x61;&#105;l&#x74;&#x6f;&#58;&#101;v&#x65;&#x6c;&#105;&#110;e&#x2e;&#x73;&#117;te&#x72;&#x40;&#107;u&#x6e;&#x73;&#116;&#109;u&#x73;&#x65;&#117;&#109;l&#x75;&#x7a;&#101;rn&#x2e;&#x63;&#104;\">Eveline Suter<\/a>, +41 41 226 78 13 (Di-Do)<\/p>\n\n\n\n<p><strong>Exhibition Management<\/strong><br><a href=\"m&#97;&#x69;&#x6c;t&#111;&#58;&#x73;&#x75;s&#97;&#110;&#x6e;&#x65;&#46;&#103;&#x65;&#x72;&#x62;e&#114;&#x40;&#x6b;u&#110;&#115;&#x74;&#x6d;u&#115;&#101;&#x75;&#x6d;l&#117;&#x7a;&#x65;&#x72;n&#46;&#x63;&#x68;\">Susanne Gerber<\/a>, +41 41 226 78 22 (Mo-Do)<\/p>\n\n\n\n<p><strong>Wissenschaftliche Mitarbeiterin<\/strong><br><a href=\"&#x6d;&#97;i&#x6c;&#x74;&#111;:&#x6d;&#x69;&#108;e&#x6e;&#97;&#46;&#x76;&#x6f;&#110;s&#x63;&#x68;&#117;l&#x74;&#104;&#101;&#x73;&#x73;&#64;k&#x75;&#x6e;&#115;t&#x6d;&#117;&#115;e&#x75;&#109;l&#x75;&#x7a;&#101;r&#x6e;&#x2e;&#99;h\">Milena von Schulthess<\/a>, +41 41 226 78 16 (Mo-Do)<\/p>\n<\/div><\/div>\n\n\n\n<div class=\"wp-block-pb-accordion-item c-accordion__item js-accordion-item no-js\" data-initially-open=\"false\" data-click-to-close=\"true\" data-auto-close=\"true\" data-scroll=\"false\" data-scroll-offset=\"0\"><h2 id=\"at-1200284\" class=\"c-accordion__title js-accordion-controller\" role=\"button\" id=\"kommunikation\">Kommunikation<\/h2><div id=\"ac-1200284\" class=\"c-accordion__content\">\n<p><strong>Mitarbeiterin Kommunikation<\/strong><br><a href=\"m&#97;&#x69;&#x6c;&#x74;o&#58;&#x63;&#x61;&#x72;o&#108;&#x69;&#x6e;&#x65;&#46;&#103;&#x6c;&#x6f;&#x63;k&#64;&#x6b;&#x75;&#x6e;s&#116;&#x6d;&#x75;&#x73;e&#117;&#x6d;&#x6c;&#x75;z&#101;&#x72;&#x6e;&#x2e;c&#104;\">Caroline Glock<\/a>, + 41 41 226 78 26 (Di-Fr)<\/p>\n\n\n\n<p><strong>Mitarbeiterin Kommunikation<br><\/strong><a href=\"ma&#105;&#108;&#x74;&#x6f;&#x3a;&#x68;an&#110;&#97;&#x68;&#x2e;&#x77;&#x69;nt&#101;&#114;&#115;&#x40;&#x6b;&#x75;&#x6e;st&#109;&#117;&#x73;&#x65;&#x75;&#x6d;lu&#122;&#101;&#x72;&#x6e;&#x2e;&#x63;h\">Hannah-Maria Winters<\/a>, +41 41 226 78 27 (Mo-Do)<\/p>\n<\/div><\/div>\n\n\n\n<div class=\"wp-block-pb-accordion-item c-accordion__item js-accordion-item no-js\" data-initially-open=\"false\" data-click-to-close=\"true\" data-auto-close=\"true\" data-scroll=\"false\" data-scroll-offset=\"0\"><h2 id=\"at-1200285\" class=\"c-accordion__title js-accordion-controller\" role=\"button\" id=\"sammlung\">Sammlung<\/h2><div id=\"ac-1200285\" class=\"c-accordion__content\">\n<p><strong>Sammlungskonservatorin<br><\/strong><a href=\"mailto: &#x61;&#108;&#x65;&#x78;&#97;&#x6e;&#100;r&#x61;&#46;b&#x6c;&#97;e&#x74;&#116;l&#x65;&#114;&#x40;&#x6b;&#117;&#x6e;&#x73;&#116;&#x6d;&#117;s&#x65;&#117;m&#x6c;&#117;z&#x65;&#114;n&#x2e;&#99;&#x68;\">Alexandra Bl\u00e4ttler<\/a>, +41 41 226 78 93 (Mo-Do)<\/p>\n\n\n\n<p><strong>Restauratorin<\/strong><br><a href=\"&#109;&#x61;&#105;&#x6c;&#116;&#x6f;&#58;&#x6a;&#111;&#x68;&#97;&#x6e;&#110;&#x61;&#46;&#x65;&#108;&#x65;&#98;&#x65;&#64;&#x6b;&#117;&#x6e;&#115;&#x74;m&#x75;s&#x65;u&#x6d;l&#x75;z&#x65;r&#x6e;&#46;&#x63;h\" target=\"_blank\" rel=\"noreferrer noopener\">Johanna Elebe<\/a>, +41 41 226 78 83 (Di-Do)<\/p>\n\n\n\n<p><strong>Externe Provenienzforscherin<br><\/strong><a href=\"https:\/\/provenienzundrecht.ch\" data-type=\"mailto\" data-id=\"&#x6d;&#x61;&#x69;&#108;&#116;o:&#x73;&#x61;&#x6e;&#x64;&#114;&#97;&#46;s&#x79;&#x6b;&#x6f;&#114;&#97;&#64;ku&#x6e;&#x73;&#x74;&#109;&#117;se&#x75;&#x6d;&#x6c;&#x75;&#122;&#101;rn&#x2e;&#x63;&#x68;\" target=\"_blank\" rel=\"noreferrer noopener\">Sandra Sykora<\/a><\/p>\n<\/div><\/div>\n<\/div>\n\n\n\n<div class=\"wp-block-column is-layout-flow wp-block-column-is-layout-flow\">\n<div class=\"wp-block-pb-accordion-item c-accordion__item js-accordion-item no-js\" data-initially-open=\"false\" data-click-to-close=\"true\" data-auto-close=\"true\" data-scroll=\"false\" data-scroll-offset=\"0\"><h2 id=\"at-1200286\" class=\"c-accordion__title js-accordion-controller\" role=\"button\" id=\"administration\">Administration<\/h2><div id=\"ac-1200286\" class=\"c-accordion__content\">\n<p><strong>Leitung<\/strong><br><a href=\"&#x6d;&#x61;&#105;&#108;t&#x6f;&#x3a;&#x69;&#110;&#102;o&#x40;&#x6b;&#x75;&#110;&#115;t&#x6d;&#x75;&#x73;&#101;&#117;m&#x6c;&#x75;&#x7a;&#101;rn&#x2e;&#x63;&#x68;\">Mascha Wolf<\/a>, (Mo-Do)<\/p>\n\n\n\n<p><strong>Administration<\/strong><br><a href=\"&#109;&#x61;i&#x6c;t&#111;&#x3a;&#100;&#x61;n&#105;&#x65;&#108;&#x2e;m&#x75;&#x65;&#108;&#x6c;e&#x72;&#64;&#107;&#x75;&#110;&#x73;t&#109;&#x75;&#115;&#x65;u&#109;&#x6c;&#117;&#x7a;e&#x72;&#x6e;&#46;&#x63;h\">Daniel M\u00fcller<\/a>, +41 41 226 78 48 (Di-Do)<\/p>\n\n\n\n<p><strong>Buchhaltung<\/strong><br><a href=\"ma&#105;&#108;&#116;&#x6f;&#x3a;&#x73;&#x79;&#x62;il&#108;&#101;&#46;&#x6b;&#x65;&#x73;&#x73;&#x6c;er&#64;&#107;&#117;&#x6e;&#x73;&#x74;&#x6d;&#x75;se&#117;&#109;&#108;&#x75;&#x7a;&#x65;&#x72;&#x6e;&#46;c&#104;\">Sybille Kessler<\/a>, +41 41 226 78 11<\/p>\n\n\n\n<p><strong>Veranstaltungen und Partnerschaften<\/strong><br><a href=\"&#x6d;&#x61;&#x69;&#x6c;&#x74;&#x6f;&#x3a;&#115;&#111;&#110;&#106;&#97;&#46;fuc&#x68;&#x73;&#x40;&#x6b;&#x75;&#x6e;&#x73;&#x74;&#109;&#117;&#115;&#101;&#117;mluz&#x65;&#x72;&#x6e;&#x2e;&#x63;&#x68;\">Sonja Fuchs<\/a>, +41 41 226 78 12 (Di\/Do)<\/p>\n<\/div><\/div>\n\n\n\n<div class=\"wp-block-pb-accordion-item c-accordion__item js-accordion-item no-js\" data-initially-open=\"false\" data-click-to-close=\"true\" data-auto-close=\"true\" data-scroll=\"false\" data-scroll-offset=\"0\"><h2 id=\"at-1200287\" class=\"c-accordion__title js-accordion-controller\" role=\"button\" id=\"kunstvermittlung\">Kunstvermittlung<\/h2><div id=\"ac-1200287\" class=\"c-accordion__content\">\n<p><strong>Leitung <\/strong><br><a href=\"&#109;&#x61;i&#x6c;&#x74;&#111;&#x3a;k&#117;&#x6e;&#115;&#x74;v&#101;&#x72;m&#x69;t&#116;&#x6c;u&#x6e;&#x67;&#64;&#x6b;u&#110;&#x73;&#116;&#x6d;u&#115;&#x65;&#117;&#x6d;l&#117;&#x7a;e&#x72;&#x6e;&#46;&#x63;h\">Hannah Horst<\/a>, +41 41 226 78 18 (Mo-Do)<\/p>\n\n\n\n<p><strong>Kunstvermittlerinnen<\/strong><br><a href=\"mai&#108;&#116;&#111;&#x3a;&#x6b;&#x75;&#x6e;&#x73;&#x74;ver&#109;&#105;&#116;&#116;&#x6c;&#x75;&#x6e;&#x67;&#x40;&#x6b;uns&#116;&#109;&#117;&#x73;&#x65;&#x75;&#x6d;&#x6c;&#x75;zer&#110;&#46;&#99;&#104;\">Domenika Chandra<\/a>, +41 41 226 78 47 (Mi-Fr)<br><a href=\"m&#97;&#105;&#x6c;&#x74;o&#58;&#107;&#x75;&#x6e;&#x73;t&#118;&#101;&#x72;&#x6d;it&#116;&#x6c;&#x75;&#x6e;g&#64;&#107;&#x75;&#x6e;st&#109;&#x75;&#x73;&#x65;u&#109;&#108;&#x75;&#x7a;er&#110;&#x2e;&#x63;&#x68;\">Ursula Helg<\/a>, +41 41 226 78 46 (Do\/Fr)<br><a href=\"&#x6d;&#97;i&#x6c;&#x74;&#111;:&#x6b;&#x75;&#110;s&#x74;&#118;e&#x72;&#x6d;&#105;t&#x74;&#x6c;&#117;n&#x67;&#64;&#107;&#x75;&#x6e;&#115;t&#x6d;&#x75;&#115;e&#x75;&#109;&#108;u&#x7a;&#101;r&#x6e;&#x2e;&#99;h\">Evita Verbrugge<\/a>, +41 41 226 78 45 (Di-Fr)<\/p>\n<\/div><\/div>\n\n\n\n<div class=\"wp-block-pb-accordion-item c-accordion__item js-accordion-item no-js\" data-initially-open=\"false\" data-click-to-close=\"true\" data-auto-close=\"true\" data-scroll=\"false\" data-scroll-offset=\"0\"><h2 id=\"at-1200288\" class=\"c-accordion__title js-accordion-controller\" role=\"button\" id=\"museumsdienst\">Museumsdienst<\/h2><div id=\"ac-1200288\" class=\"c-accordion__content\">\n<p><strong>Leitung<\/strong><br><a href=\"&#x6d;&#x61;&#x69;&#108;&#116;o:&#x25;&#x32;&#x30;&#x6c;&#97;&#114;a&#46;&#x65;&#x6e;&#x73;&#64;&#107;&#117;ns&#x74;&#x6d;&#x75;&#115;&#101;um&#x6c;&#x75;&#x7a;&#x65;&#114;&#110;&#46;c&#x68;\">Lara Ens<\/a>, +41 41 226 78 00<\/p>\n\n\n\n<p><strong>Kasse, Empfang<\/strong><br>Sonja Fuchs, Dania Schellenberg, Katharina Schulik, Yvonne Zorzi<\/p>\n\n\n\n<p><strong>Museumsshop<\/strong><br><a href=\"&#x6d;&#x61;&#105;&#108;to&#x3a;&#x25;&#x32;&#48;la&#x72;&#x61;&#x2e;&#101;&#110;s&#x40;&#x6b;&#x75;&#110;&#115;t&#x6d;&#x75;&#x73;&#101;&#117;ml&#x75;&#x7a;&#x65;&#114;n&#46;&#x63;&#x68;\">Lara Ens<\/a>, +41 41 226 78 00<\/p>\n\n\n\n<p><strong>Museumsdienst<br><\/strong>Ursula Ambauen, Lisa Blaser, Lucia Ferrari Piazza, Ivana Janackovic, Doris Karavidic, Yolanda Keiser, Silvana Liniger, Aline Peter, Dania Schellenberg, Katharina Schulik, Christian Sterchi<\/p>\n<\/div><\/div>\n\n\n\n<div class=\"wp-block-pb-accordion-item c-accordion__item js-accordion-item no-js\" data-initially-open=\"false\" data-click-to-close=\"true\" data-auto-close=\"true\" data-scroll=\"false\" data-scroll-offset=\"0\"><h2 id=\"at-1200289\" class=\"c-accordion__title js-accordion-controller\" role=\"button\" id=\"museumstechnik\">Museumstechnik<\/h2><div id=\"ac-1200289\" class=\"c-accordion__content\">\n<p><strong>Leitung, Registrar<\/strong><br><a href=\"mailto: &#x74;&#x6f;&#x62;&#x69;&#x61;&#x73;&#x2e;&#x6f;&#x65;&#x68;&#x6d;&#x69;&#x63;&#x68;&#x65;&#x6e;&#x40;&#x6b;&#x75;&#x6e;&#x73;&#x74;&#x6d;&#x75;&#x73;&#x65;&#x75;&#x6d;&#x6c;&#x75;&#x7a;&#x65;&#x72;&#x6e;&#x2e;&#x63;&#x68;\">Tobias Oehmichen<\/a>, +41 41 226 78 80 (Mo-Do)<br><br><strong>Stv. Leitung<\/strong><br><a href=\"&#x6d;&#x61;&#105;&#108;t&#x6f;&#x3a;&#x6e;&#105;na&#x2e;&#x6c;&#97;&#110;g&#x6f;&#x73;&#x63;&#104;&#64;k&#x75;&#x6e;&#115;&#116;m&#x75;&#x73;&#x65;&#117;ml&#x75;&#x7a;&#101;&#114;n&#x2e;&#x63;&#x68;\">Nina Langosch<\/a>, +41 41 226 78 08 (Mi-Fr)<\/p>\n\n\n\n<p><strong>Museumstechnik<\/strong><br><a href=\"mailto: &#100;&#x61;&#x6e;&#105;&#x65;&#x6c;&#46;&#x61;&#x6d;h&#111;&#x66;&#64;&#107;&#x75;n&#115;&#x74;m&#117;&#x73;e&#117;&#x6d;&#x6c;&#117;&#x7a;&#x65;&#114;&#x6e;&#x2e;c&#x68;\">Daniel Amhof<\/a>, +41 41 226 78 82<br><a href=\"mailto: &#115;&#x74;e&#118;&#x65;&#110;&#x2e;t&#111;&#x64;&#64;&#x6b;&#x75;&#110;&#x73;t&#109;&#x75;s&#x65;&#x75;&#109;&#x6c;u&#122;&#x65;&#114;&#x6e;&#46;&#99;&#x68;\">Steven Tod<\/a>, +41 41 226 78 81<\/p>\n\n\n\n<p><strong>Ausstellungstechnik<\/strong><br>Christian Aregger, Tobias B\u00fchlmann, Tatjana Erpen, Raphael Muntwyler, Benedikt Notter, Janosch Perler, Anita Zumb\u00fchl<\/p>\n<\/div><\/div>\n<\/div>\n<\/div>\n\n\n\n<div style=\"height:120px\" aria-hidden=\"true\" class=\"wp-block-spacer\"><\/div>\n\n\n\n<div class=\"wp-block-nav-links alignwide\">\n\n    <div class=\"wp-block-nav-links__link-wrapper\">\n  \n        <a class=\"wp-block-nav-links__link\" href=\"https:\/\/www.kunstmuseumluzern.ch\/de-es\/museum\/kunstgesellschaft-luzern\/\" target=\"_self\">Kunstgesellschaft Luzern<\/a>\n    \n  \n        <a class=\"wp-block-nav-links__link\" href=\"https:\/\/www.kunstmuseumluzern.ch\/de-es\/museum\/partnerschaften\/\" target=\"_self\">Partnerschaften<\/a>\n    \n  \n        <a class=\"wp-block-nav-links__link\" href=\"https:\/\/www.kunstmuseumluzern.ch\/de-es\/museum\/sammlung\/\" target=\"_self\">Sammlung<\/a>\n    \n    <\/div>\n  \n<\/div>","protected":false},"excerpt":{"rendered":"<p>Das Kunstmuseum Luzern geh\u00f6rt zu den bedeutendsten Schweizer Kunstmuseen. Es interessiert sich f\u00fcr aktuelle gesellschaftlichen Themen. Es ist auch \u00f6ffentlich zug\u00e4nglich, barrierefrei und f\u00fcr alle da. Das Kunstmuseum Luzern f\u00f6rdert Vielfalt und Austausch. Das Kunstmuseum Luzern arbeitet mit anderen Betrieben und Museen in Luzern und ganz Europa zusammen. Im Kunstmuseum Luzern sind rund zehn Ausstellungen [&hellip;]<\/p>\n","protected":false},"author":14,"featured_media":0,"parent":120026,"menu_order":0,"comment_status":"closed","ping_status":"closed","template":"","meta":{"_acf_changed":false,"_seopress_robots_primary_cat":"","_seopress_titles_title":"","_seopress_titles_desc":"","_seopress_robots_index":"","inline_featured_image":false,"ghostkit_customizer_options":"","ghostkit_custom_css":"","ghostkit_custom_js_head":"","ghostkit_custom_js_foot":"","ghostkit_typography":"","footnotes":""},"tags":[],"class_list":["post-120028","page","type-page","status-publish","hentry"],"acf":[],"_links":{"self":[{"href":"https:\/\/www.kunstmuseumluzern.ch\/de-es\/wp-json\/wp\/v2\/pages\/120028","targetHints":{"allow":["GET"]}}],"collection":[{"href":"https:\/\/www.kunstmuseumluzern.ch\/de-es\/wp-json\/wp\/v2\/pages"}],"about":[{"href":"https:\/\/www.kunstmuseumluzern.ch\/de-es\/wp-json\/wp\/v2\/types\/page"}],"author":[{"embeddable":true,"href":"https:\/\/www.kunstmuseumluzern.ch\/de-es\/wp-json\/wp\/v2\/users\/14"}],"replies":[{"embeddable":true,"href":"https:\/\/www.kunstmuseumluzern.ch\/de-es\/wp-json\/wp\/v2\/comments?post=120028"}],"version-history":[{"count":60,"href":"https:\/\/www.kunstmuseumluzern.ch\/de-es\/wp-json\/wp\/v2\/pages\/120028\/revisions"}],"predecessor-version":[{"id":240048,"href":"https:\/\/www.kunstmuseumluzern.ch\/de-es\/wp-json\/wp\/v2\/pages\/120028\/revisions\/240048"}],"up":[{"embeddable":true,"href":"https:\/\/www.kunstmuseumluzern.ch\/de-es\/wp-json\/wp\/v2\/pages\/120026"}],"wp:attachment":[{"href":"https:\/\/www.kunstmuseumluzern.ch\/de-es\/wp-json\/wp\/v2\/media?parent=120028"}],"wp:term":[{"taxonomy":"post_tag","embeddable":true,"href":"https:\/\/www.kunstmuseumluzern.ch\/de-es\/wp-json\/wp\/v2\/tags?post=120028"}],"curies":[{"name":"wp","href":"https:\/\/api.w.org\/{rel}","templated":true}]}}