{"id":120077,"date":"2024-01-15T15:13:55","date_gmt":"2024-01-15T14:13:55","guid":{"rendered":"https:\/\/www.kunstmuseumluzern.ch\/museum\/kunstgesellschaft-luzern\/geschichte-kunstgesellschaft-luzern\/"},"modified":"2024-08-08T16:49:06","modified_gmt":"2024-08-08T14:49:06","slug":"geschichte-kunstgesellschaft-luzern","status":"publish","type":"page","link":"https:\/\/www.kunstmuseumluzern.ch\/de-es\/museum\/kunstgesellschaft-luzern\/geschichte-kunstgesellschaft-luzern\/","title":{"rendered":"Geschichte Kunstgesellschaft Luzern"},"content":{"rendered":"\n<figure class=\"wp-block-image alignwide size-large\"><img decoding=\"async\" width=\"1024\" height=\"393\" src=\"https:\/\/www.kunstmuseumluzern.ch\/wp-content\/uploads\/2024\/02\/kml-meili-historisch-oben-1024x393.jpg\" alt=\"\" class=\"wp-image-21051\" srcset=\"https:\/\/www.kunstmuseumluzern.ch\/wp-content\/uploads\/2024\/02\/kml-meili-historisch-oben-1024x393.jpg 1024w, https:&#x2f;\/&#x77;&#119;&#x77;&#46;k&#x75;n&#x73;&#116;&#x6d;&#117;s&#x65;&#117;&#x6d;&#108;u&#x7a;e&#x72;&#110;&#x2e;&#99;h&#x2f;w&#x70;&#45;&#x63;&#x6f;n&#x74;&#101;&#x6e;&#116;\/&#x75;p&#x6c;&#111;&#x61;&#100;s&#x2f;&#50;&#x30;&#50;&#x34;&#x2f;0&#x32;&#47;&#x6b;&#109;l&#x2d;m&#x65;&#105;&#x6c;&#105;-&#x68;&#105;&#x73;&#116;o&#x72;i&#x73;&#99;&#x68;&#45;o&#x62;e&#x6e;&#45;&#x31;&#x35;0&#x78;&#53;&#x38;&#64;2&#x78;&#46;&#x6a;&#112;&#x67; 300w, https:\/\/www.kunstmuseumluzern.ch\/wp-content\/uploads\/2024\/02\/kml-meili-historisch-oben-150x58.jpg 150w, https:\/\/www.kunstmuseumluzern.ch\/wp-content\/uploads\/2024\/02\/kml-meili-historisch-oben-420x161.jpg 420w, https:&#x2f;\/&#x77;&#119;&#x77;&#46;&#x6b;&#x75;n&#x73;&#116;&#x6d;&#117;&#x73;&#101;u&#x6d;&#108;&#x75;&#122;&#x65;&#114;n&#x2e;&#99;&#x68;&#47;&#x77;&#112;-&#x63;o&#x6e;&#116;&#x65;&#110;t&#x2f;u&#x70;&#108;&#x6f;&#97;d&#x73;\/&#x32;&#48;&#x32;&#52;\/&#x30;2&#x2f;&#107;&#x6d;&#108;-&#x6d;e&#x69;&#108;&#x69;&#45;h&#x69;s&#x74;&#111;&#x72;&#105;s&#x63;h&#x2d;&#111;&#x62;&#101;n&#x2d;1&#x30;&#50;&#x34;&#120;3&#x39;3&#x40;&#50;&#x78;&#46;j&#x70;g 2048w, https:\/\/&#119;&#119;&#119;&#x2e;&#x6b;&#x75;&#x6e;st&#109;&#117;&#115;&#x65;&#x75;&#x6d;&#x6c;uz&#101;&#114;&#110;&#x2e;&#x63;&#x68;&#x2f;wp&#45;&#99;&#111;&#x6e;&#x74;&#x65;&#x6e;t\/&#117;&#112;&#108;&#x6f;&#x61;&#x64;&#x73;\/2&#48;&#50;&#52;&#x2f;&#x30;&#x32;&#x2f;km&#108;&#45;&#109;&#x65;&#x69;&#x6c;&#x69;-h&#105;&#115;&#116;&#x6f;&#x72;&#x69;&#x73;ch&#45;&#111;&#98;&#x65;&#x6e;&#x2d;&#x33;00x&#49;&#49;&#x35;&#x40;&#x32;&#x78;&#46;jp&#103; 600w, https:&#x2f;&#x2f;&#119;w&#x77;&#x2e;&#x6b;&#117;n&#x73;&#x74;&#x6d;&#117;s&#x65;&#x75;&#x6d;&#108;u&#x7a;&#x65;&#x72;&#110;&#46;&#x63;&#x68;&#x2f;&#119;p&#x2d;&#x63;&#x6f;&#110;t&#x65;&#x6e;&#x74;&#47;u&#x70;&#x6c;&#x6f;&#97;d&#x73;&#x2f;&#x32;&#48;2&#x34;&#x2f;&#x30;&#50;\/&#x6b;&#x6d;&#x6c;&#45;m&#x65;&#x69;&#x6c;&#105;-&#x68;&#x69;&#x73;&#116;o&#x72;&#x69;&#x73;&#99;h&#x2d;&#x6f;&#x62;&#101;n&#x2d;&#x34;&#x32;&#48;x&#x31;&#x36;&#x31;&#64;2&#x78;&#x2e;&#x6a;&#112;g 840w\" sizes=\"(max-width: 1024px) 100vw, 1024px\" \/><\/figure>\n\n\n\n<h1 class=\"wp-block-heading alignwide is-style-alt-font\" id=\"geschichte-kunstgesellschaft-luzern\" id=\"geschichte-kunstgesellschaft-luzern\">Geschichte Kunstgesellschaft Luzern<\/h1>\n\n\n\n<div style=\"height:150px\" aria-hidden=\"true\" class=\"wp-block-spacer\"><\/div>\n\n\n\n<p>Die Kunstgesellschaft Luzern wurde am 11.05.1819 gegr\u00fcndet. Vorher gab es schon die Plastische Sektion der Grossen Gesellschaft der Wissenschaften und der K\u00fcnste. Diese wurde bereits 1817 gegr\u00fcndet. Ihr erster Pr\u00e4sident war Karl Pfyffer von Altishofen. Sein Ziel war es, ein Denkmal f\u00fcr die Schweizer K\u00e4mpfer zu schaffen, die in Paris beim Sturm auf die Tuilerien starben. F\u00fcr dieses \u00abL\u00f6wendenkmal\u00bb sucht er Geld. Wichtige konservative Pers\u00f6nlichkeiten im In- und Ausland beteiligen sich. Karl Pfyffer hat gute Kontakte. Er kann den angesehenen d\u00e4nischen Bildhauer Bertel Thorvaldsen beauftragen.<\/p>\n\n\n\n<p>Das \u00abL\u00f6wendenkmal\u00bb wird 1821 eingeweiht. Es ist ein Symbol der Restauration. Deshalb wird es bei seiner Einweihung teilweise abgelehnt. Karl Pfyffer verwirklicht das konservative Denkmal mithilfe Kunstgesellschaft Luzern. Die Kunstgesellschaft ist aber eigentlich ein fortschrittlicher Verein, mit dem die B\u00fcrgerschaft ihre Interessen vertritt.<\/p>\n\n\n\n<p>Karl Pfyffer war selbst Schweizer K\u00e4mpfer und sein Onkel starb in Paris. Nachdem er sein pers\u00f6nliches Ziel erreicht hat, nimmt er nicht mehr am Leben der Kunstgesellschaft Luzern teil. Sein Stellvertreter, August Schmid, f\u00fchrt die Gesch\u00e4fte weiter. August Schmid wird sp\u00e4ter zum zweiten Pr\u00e4sidenten gew\u00e4hlt. Nun steht die Kunst mehr im Zentrum der Aktivit\u00e4ten.<\/p>\n\n\n\n<p>Die Kunstgesellschaft will ein Ort f\u00fcr Ausstellungen und Begegnungen sein. Sie will auch ein Bildarchiv anlegen. Das Vereinsleben ist Ausdruck der neuen Zivil-Gesellschaft: Das B\u00fcrgertum will seine Umwelt gestalten. Gleichzeitig beginnt Anfang des 19. Jahrhunderts der Tourismus in Luzern. Die Zentralschweiz mit ihren Natursch\u00f6nheiten begeistert die Reisenden. Luzern wird so zu einem bedeutenden st\u00e4dtischen Zentrum.<\/p>\n\n\n\n<p>Paul Hilber wurde im Jahr 1924 Pr\u00e4sident der Kunstgesellschaft Luzern. Von 1925 bis 1949 war er auch Leiter des Kunstmuseums Luzern. Er machte die Institution in der ganzen Schweiz bekannt. In seinen Ausstellungen zeigte er bedeutende Schweizer K\u00fcnstler:innen wie Robert Z\u00fcnd, Anna Babberger-Tobler, Giovanni Giacometti, Ferdinand Hodler und Paul Klee. Er zeigte auch Renaissance-Malerei aus Venedig oder die Pariser Avantgarde. Die Ausstellung <em>These, Synthese, Antithese<\/em> fand 1935 statt. Sie brachte 22 der bedeutendsten zeitgen\u00f6ssischen K\u00fcnstleri:nnen nach Luzern.<\/p>\n\n\n\n<p>Jean-Christophe Ammann zeigte in den 1970er-Jahren die junge internationale Kunstszene. Zum Beispiel Giovanni Anselmo, Michael Buthe, Hanne Darboven, Gilbert &amp; George, Gerhard Richter, Paul Thek. Sein Nachfolger war Martin Kunz. Er arbeitete die Sammlung der 1970er- und 1980er-Jahre auf. Auch erweiterte er den Bereich der Videokunst. Sp\u00e4ter zeigte Martin Schwander Stars der internationalen Kunst wie Andy Warhol, Jeff Wall oder Cindy Sherman zum ersten Mal in der Schweiz. Diese Tradition der Avantgarde f\u00fchrt das Kunstmuseum Luzern bis heute weiter. 2019 feierte die Kunstgesellschaft Luzern ihren 200. Geburtstag. Zur Feier geh\u00f6rte auch die erfolgreiche Ausstellung <em><a href=\"https:\/\/www.kunstmuseumluzern.ch\/ausstellungen\/turner-meer-alpen\/\">Turner. Das Meer und die Alpen<\/a><\/em>.<\/p>\n\n\n\n<h2 class=\"wp-block-heading is-style-alt-font\" id=\"vom-meilibau-zum-kkl\" id=\"vom-meilibau-zum-kkl\">Vom \u00abMeilibau\u00bb zum KKL<\/h2>\n\n\n\n<p>Die Kunstgesellschaft Luzern suchte nach ihrer Gr\u00fcndung geeignete R\u00e4umlichkeiten in der Stadt Luzern. Ab 1873 richtete das Kunstmuseum Luzern in der Kornmarkthalle des Rathauses erste Ausstellungen ein. 1925 wurde im fr\u00fcheren Kriegs- und Friedensmuseum (heute Fluhmattschulhaus) das Museggmuseum er\u00f6ffnet. Im Museggmuseum befand sich das Kunstmuseum Luzern und das Gewerbemuseum. Deshalb wurden die R\u00e4ume bald zu klein. <\/p>\n\n\n\n<p>Mitte der 1920er-Jahre entstand die Idee zum Neubau beim Bahnhof. Paul Hilber sprach mit dem M\u00e4zen Charles Kiefer Hablitzel. Charles Kiefer Hablitzel gab 1929 dem Luzerner Stadtrat 2 Millionen Franken f\u00fcr den Bau eines Kunst- und Konzerthauses. Der moderne Bau von Armin Meili wurde 1933 eingeweiht. So erhielt das Kunstmuseum Luzern grosse Ausstellungsr\u00e4ume. <\/p>\n\n\n\n<p>In den 1990er-Jahren wurde der \u00abMeilibau\u00bb abgerissen und das Kultur- und Kongresszentrum Luzern KKL gebaut. Dieses entwarf der franz\u00f6sische Architekt Jean Nouvel. Das Kunstmuseum Luzern zog im Jahr 2000 in den 4. Stock des KKL ein.<\/p>\n\n\n\n<div style=\"height:100px\" aria-hidden=\"true\" class=\"wp-block-spacer\"><\/div>\n\n\n\n<div class=\"wp-block-slider alignfull\">\n\n  <div class=\"swiper-container\">\n    <div class=\"swiper-wrapper\">\n\n      \n            <div class=\"swiper-slide\" data-index=\"0\">\n                <div data-caption=\"Vernissage Transformer.Aspekte der Travestie, 1974\">          <img decoding=\"async\" width=\"2120\" height=\"1400\" src=\"https:\/\/www.kunstmuseumluzern.ch\/wp-content\/uploads\/2024\/02\/1974-vernissage-transformer-1.jpg\" class=\"attachment-gallery_image size-gallery_image\" alt=\"\" srcset=\"https:\/\/www.kunstmuseumluzern.ch\/wp-content\/uploads\/2024\/02\/1974-vernissage-transformer-1.jpg 2120w, https:&#x2f;&#x2f;&#119;&#119;w&#46;&#x6b;&#x75;&#x6e;&#115;tm&#x75;&#x73;&#x65;&#117;&#109;l&#x75;&#x7a;&#x65;&#114;&#110;&#46;&#x63;&#x68;&#x2f;&#119;&#112;-c&#x6f;&#x6e;&#x74;&#101;nt&#x2f;&#x75;&#x70;&#108;&#111;a&#x64;&#x73;&#x2f;&#50;&#48;2&#x34;&#x2f;&#x30;&#50;&#47;19&#x37;&#x34;&#x2d;&#118;er&#x6e;&#x69;&#x73;&#115;&#97;g&#x65;&#x2d;&#x74;&#114;&#97;n&#x73;&#x66;&#x6f;&#114;&#109;er&#x2d;&#x31;&#x2d;&#49;50&#x78;&#x39;&#x39;&#64;&#50;x&#x2e;&#x6a;&#x70;&#103; 300w, https:\/\/www.kunstmuseumluzern.ch\/wp-content\/uploads\/2024\/02\/1974-vernissage-transformer-1-1024x676.jpg 1024w, https:\/\/www.kunstmuseumluzern.ch\/wp-content\/uploads\/2024\/02\/1974-vernissage-transformer-1-150x99.jpg 150w, https:\/\/www.kunstmuseumluzern.ch\/wp-content\/uploads\/2024\/02\/1974-vernissage-transformer-1-420x277.jpg 420w, https:&#47;&#x2f;&#x77;&#119;&#x77;&#x2e;&#107;&#x75;&#x6e;&#115;&#x74;&#x6d;&#117;&#x73;&#x65;&#117;&#x6d;&#x6c;&#117;&#x7a;&#x65;&#114;&#x6e;&#x2e;&#99;&#x68;&#x2f;w&#x70;&#x2d;c&#x6f;&#x6e;t&#101;&#x6e;t&#47;&#x75;p&#108;&#x6f;a&#100;&#x73;\/&#50;&#x30;2&#52;&#x2f;0&#50;&#x2f;1&#57;&#x37;4&#45;&#x76;e&#114;&#x6e;i&#115;&#x73;a&#103;&#x65;-&#116;&#x72;a&#110;&#x73;f&#111;&#x72;m&#101;&#x72;-&#49;&#x2d;3&#48;&#x30;x&#49;&#x39;8&#64;&#x32;x&#46;&#x6a;p&#103; 600w, https:&#x2f;&#x2f;&#x77;&#x77;&#119;&#46;&#107;un&#x73;&#x74;&#x6d;&#x75;&#x73;&#101;&#117;&#109;lu&#x7a;&#x65;&#x72;&#x6e;&#x2e;&#99;&#104;&#47;wp&#x2d;&#x63;&#x6f;&#x6e;&#x74;&#101;&#110;&#116;\/u&#x70;&#x6c;&#x6f;&#x61;&#x64;&#115;&#47;&#50;02&#x34;&#x2f;&#x30;&#x32;&#x2f;&#49;&#57;&#55;4-&#x76;&#x65;&#x72;&#x6e;&#x69;&#115;&#115;&#97;ge&#x2d;&#x74;&#x72;&#x61;&#x6e;&#115;&#102;&#111;rm&#x65;&#x72;&#x2d;&#x31;&#x2d;&#49;&#48;&#50;4x&#x36;&#x37;&#x36;&#x40;&#x32;&#120;&#46;&#106;pg 2048w, https:&#x2f;&#x2f;&#119;&#119;w&#x2e;&#x6b;&#x75;&#110;&#115;t&#x6d;&#x75;&#x73;&#101;&#117;m&#x6c;&#x75;&#x7a;&#101;&#114;n&#x2e;&#x63;&#x68;&#47;wp&#x2d;&#x63;&#x6f;&#110;te&#x6e;&#x74;&#47;&#117;pl&#x6f;&#x61;&#100;&#115;\/2&#x30;&#x32;&#52;&#47;0&#x32;&#x2f;&#x31;&#57;&#55;4&#x2d;&#x76;&#x65;&#114;&#110;i&#x73;&#x73;&#x61;&#103;&#101;-&#x74;&#x72;&#x61;&#110;&#115;f&#x6f;&#x72;&#x6d;&#101;r-&#x31;&#x2d;&#52;&#50;0x&#x32;&#x37;&#55;&#64;2x&#x2e;&#x6a;&#112;&#103; 840w\" sizes=\"(max-width: 2120px) 100vw, 2120px\" \/>        <\/div>        \n        \n              <\/div>\n                    <div class=\"swiper-slide\" data-index=\"1\">\n                <div data-caption=\"Vernissage Transformer. Aspekte der Travestie, 1974\">          <img decoding=\"async\" width=\"2111\" height=\"1400\" src=\"https:\/\/www.kunstmuseumluzern.ch\/wp-content\/uploads\/2024\/02\/1974-vernissage-transformer-2.jpg\" class=\"attachment-gallery_image size-gallery_image\" alt=\"\" srcset=\"https:\/\/www.kunstmuseumluzern.ch\/wp-content\/uploads\/2024\/02\/1974-vernissage-transformer-2.jpg 2111w, https:\/&#47;&#119;&#x77;&#x77;&#46;k&#117;&#110;&#x73;&#x74;mu&#115;&#101;&#x75;&#x6d;lu&#122;&#x65;&#x72;&#x6e;&#46;&#99;&#104;&#x2f;&#x77;&#x70;-&#99;&#111;&#x6e;&#x74;&#x65;n&#116;&#47;&#x75;&#x70;&#x6c;o&#97;&#100;&#x73;&#x2f;&#x32;0&#50;&#52;&#x2f;&#x30;2\/&#49;&#57;&#x37;&#x34;-v&#101;&#114;&#x6e;&#x69;ss&#97;&#x67;&#x65;&#x2d;tr&#97;&#x6e;&#x73;&#x66;o&#114;&#109;&#x65;&#x72;&#x2d;2&#45;&#49;&#x35;&#x30;&#x78;9&#57;&#64;&#x32;&#x78;&#x2e;j&#112;&#103; 300w, https:\/\/www.kunstmuseumluzern.ch\/wp-content\/uploads\/2024\/02\/1974-vernissage-transformer-2-1024x679.jpg 1024w, https:\/\/www.kunstmuseumluzern.ch\/wp-content\/uploads\/2024\/02\/1974-vernissage-transformer-2-150x99.jpg 150w, https:\/\/www.kunstmuseumluzern.ch\/wp-content\/uploads\/2024\/02\/1974-vernissage-transformer-2-420x279.jpg 420w, https:&#x2f;&#x2f;&#119;&#119;w&#46;&#x6b;&#x75;&#x6e;&#115;tm&#x75;&#x73;&#x65;&#117;&#109;l&#x75;&#x7a;&#x65;&#114;&#110;&#46;&#x63;&#x68;&#x2f;&#119;&#112;-c&#x6f;&#x6e;&#x74;&#101;nt&#x2f;&#x75;&#x70;&#108;&#111;a&#x64;&#x73;&#x2f;&#50;&#48;2&#x34;&#x2f;&#x30;&#50;&#47;19&#x37;&#x34;&#x2d;&#118;er&#x6e;&#x69;&#x73;&#115;&#97;g&#x65;&#x2d;&#x74;&#114;&#97;n&#x73;&#x66;&#x6f;&#114;&#109;er&#x2d;&#x32;&#x2d;&#51;00&#x78;&#x31;&#x39;&#57;&#64;2&#x78;&#x2e;&#x6a;&#112;&#103; 600w, https:&#x2f;&#47;w&#x77;&#119;&#46;&#x6b;&#117;n&#x73;&#116;m&#x75;&#115;e&#x75;&#109;l&#x75;&#122;e&#x72;&#110;&#46;&#x63;&#104;\/&#x77;&#112;-&#x63;&#111;n&#x74;&#101;n&#x74;&#47;u&#x70;&#108;o&#x61;&#100;s&#x2f;&#50;0&#x32;&#52;\/&#x30;&#50;\/&#x31;&#57;7&#x34;&#45;v&#x65;&#114;n&#x69;&#115;s&#x61;&#x67;e&#x2d;&#x74;r&#x61;&#x6e;&#115;&#x66;&#x6f;&#114;&#x6d;&#x65;&#114;&#x2d;&#x32;&#45;&#x31;&#x30;&#50;&#x34;&#x78;&#54;&#x37;&#x39;&#64;&#x32;&#x78;&#46;&#x6a;&#x70;&#103; 2048w, https:&#47;&#x2f;&#119;&#x77;&#119;&#x2e;&#107;&#x75;&#110;&#x73;&#116;&#x6d;&#117;&#x73;&#101;&#x75;&#109;&#x6c;&#117;&#x7a;&#101;&#x72;&#110;&#x2e;&#99;&#x68;&#47;&#x77;&#112;&#x2d;&#99;&#x6f;&#110;&#x74;&#101;&#x6e;&#116;&#x2f;&#117;&#x70;&#108;&#x6f;&#97;&#x64;&#115;&#x2f;&#50;&#x30;&#50;&#x34;&#47;&#x30;&#50;&#x2f;&#49;&#x39;&#55;&#x34;&#45;&#x76;&#101;&#x72;&#110;&#x69;&#115;&#x73;&#97;&#x67;&#101;&#x2d;&#116;&#x72;&#97;&#x6e;&#115;&#x66;&#111;&#x72;&#109;&#x65;&#114;&#x2d;&#50;&#x2d;&#52;&#x32;&#48;&#x78;&#50;&#x37;&#57;&#x40;&#50;&#x78;&#46;&#x6a;&#112;&#x67; 840w\" sizes=\"(max-width: 2111px) 100vw, 2111px\" \/>        <\/div>        \n        \n              <\/div>\n                    <div class=\"swiper-slide\" data-index=\"2\">\n                <div data-caption=\"Kunstmuseum Luzern\">          <img decoding=\"async\" width=\"1315\" height=\"1400\" src=\"https:\/\/www.kunstmuseumluzern.ch\/wp-content\/uploads\/2024\/02\/kgl-historisch-5.jpg\" class=\"attachment-gallery_image size-gallery_image\" alt=\"\" srcset=\"https:\/\/www.kunstmuseumluzern.ch\/wp-content\/uploads\/2024\/02\/kgl-historisch-5.jpg 1315w, https:&#x2f;&#x2f;&#x77;&#x77;&#x77;&#x2e;&#x6b;&#x75;&#x6e;&#x73;&#x74;&#x6d;&#x75;&#x73;&#x65;&#x75;&#x6d;&#x6c;&#x75;&#x7a;&#x65;&#x72;&#110;&#46;&#99;&#104;&#47;&#119;&#112;&#45;&#99;&#111;&#110;&#116;&#101;&#110;&#116;\/uploads\/202&#x34;&#x2f;&#x30;&#x32;&#x2f;&#x6b;&#x67;&#x6c;&#x2d;&#x68;&#x69;&#x73;&#x74;&#x6f;&#x72;&#x69;&#x73;&#x63;&#x68;&#x2d;&#x35;&#x2d;&#x31;&#53;&#48;&#120;&#49;&#54;&#48;&#64;&#50;&#120;&#46;&#106;&#112;&#103; 300w, https:\/\/www.kunstmuseumluzern.ch\/wp-content\/uploads\/2024\/02\/kgl-historisch-5-1024x1090.jpg 1024w, https:\/\/www.kunstmuseumluzern.ch\/wp-content\/uploads\/2024\/02\/kgl-historisch-5-150x160.jpg 150w, https:\/\/www.kunstmuseumluzern.ch\/wp-content\/uploads\/2024\/02\/kgl-historisch-5-420x447.jpg 420w, https:&#x2f;&#47;w&#x77;&#x77;&#46;k&#x75;&#x6e;&#115;t&#x6d;&#x75;&#115;e&#x75;&#x6d;&#108;u&#x7a;&#101;&#114;n&#x2e;&#99;h&#x2f;&#x77;&#112;-&#x63;&#x6f;&#110;t&#x65;&#x6e;&#116;\/&#x75;&#x70;&#108;o&#x61;&#x64;&#115;\/&#x32;&#48;&#50;&#x34;&#x2f;&#48;2&#x2f;&#x6b;&#103;l&#x2d;&#x68;&#105;s&#x74;&#x6f;&#114;i&#x73;&#x63;&#104;-&#x35;&#45;&#51;0&#x30;&#120;3&#x31;&#x39;&#64;2&#x78;&#x2e;&#106;p&#x67; 600w, https:&#x2f;&#47;w&#x77;&#119;&#46;&#x6b;&#117;n&#x73;&#x74;&#109;&#x75;&#x73;&#101;u&#x6d;&#108;u&#x7a;&#101;r&#x6e;&#x2e;&#99;&#x68;&#x2f;&#119;p&#x2d;&#99;o&#x6e;&#116;e&#x6e;&#116;\/&#x75;&#x70;&#108;&#x6f;&#x61;&#100;s&#x2f;&#50;0&#x32;&#52;\/&#x30;&#x32;&#47;&#x6b;&#x67;&#108;-&#x68;&#105;s&#x74;&#111;r&#x69;&#115;c&#x68;&#x2d;&#53;&#x2d;&#x34;&#50;0&#x78;&#52;4&#x37;&#64;2&#x78;&#x2e;&#106;&#x70;&#x67; 840w\" sizes=\"(max-width: 1315px) 100vw, 1315px\" \/>        <\/div>        \n        \n              <\/div>\n                    <div class=\"swiper-slide\" data-index=\"3\">\n                <div data-caption=\"Kunstmuseum Luzern\">          <img decoding=\"async\" width=\"1326\" height=\"1400\" src=\"https:\/\/www.kunstmuseumluzern.ch\/wp-content\/uploads\/2024\/02\/kgl-historisch-6.jpg\" class=\"attachment-gallery_image size-gallery_image\" alt=\"\" srcset=\"https:\/\/www.kunstmuseumluzern.ch\/wp-content\/uploads\/2024\/02\/kgl-historisch-6.jpg 1326w, https:&#x2f;&#x2f;&#x77;&#x77;&#x77;&#x2e;&#x6b;&#x75;&#x6e;&#x73;&#x74;&#x6d;&#x75;&#x73;&#x65;&#x75;&#x6d;&#x6c;&#x75;&#x7a;&#x65;&#x72;&#x6e;&#x2e;&#x63;&#x68;&#x2f;&#x77;&#x70;&#x2d;&#x63;&#x6f;&#x6e;&#x74;&#x65;&#x6e;&#x74;&#x2f;&#x75;&#x70;&#x6c;&#x6f;&#x61;&#x64;&#115;&#47;&#50;&#48;&#50;&#52;&#47;&#48;&#50;&#47;&#107;&#103;&#108;&#45;&#104;&#105;&#115;&#116;&#111;&#114;&#105;&#115;&#99;&#104;&#45;&#54;&#45;&#49;&#53;&#48;&#120;158&#64;2x&#46;jpg 300w, https:\/\/www.kunstmuseumluzern.ch\/wp-content\/uploads\/2024\/02\/kgl-historisch-6-1024x1081.jpg 1024w, https:\/\/www.kunstmuseumluzern.ch\/wp-content\/uploads\/2024\/02\/kgl-historisch-6-150x158.jpg 150w, https:\/\/www.kunstmuseumluzern.ch\/wp-content\/uploads\/2024\/02\/kgl-historisch-6-420x443.jpg 420w, https:&#x2f;&#x2f;&#119;&#119;w&#46;&#x6b;&#x75;&#x6e;&#115;tm&#x75;&#x73;&#x65;&#117;&#109;l&#x75;&#x7a;&#x65;&#114;&#110;&#46;&#x63;&#x68;&#x2f;&#119;&#112;-c&#x6f;&#x6e;&#x74;&#101;nt&#x2f;&#x75;&#x70;&#108;&#111;a&#x64;&#x73;&#x2f;&#50;&#48;2&#x34;&#x2f;&#x30;&#50;&#47;kg&#x6c;&#x2d;&#x68;&#105;st&#x6f;&#x72;&#x69;&#115;&#99;h&#x2d;&#x36;&#x2d;&#51;&#48;0&#x78;&#x33;&#x31;&#55;&#64;2x&#x2e;&#x6a;&#x70;&#103; 600w, https:&#x2f;&#x2f;&#119;w&#x77;&#x2e;&#x6b;&#117;n&#x73;&#x74;&#x6d;&#117;s&#x65;&#x75;&#x6d;&#108;u&#x7a;&#x65;&#x72;&#110;&#46;&#x63;&#x68;&#x2f;&#119;p&#x2d;&#x63;&#x6f;&#110;t&#x65;&#x6e;&#x74;&#47;u&#x70;&#x6c;&#x6f;&#97;d&#x73;&#x2f;&#x32;&#48;2&#x34;&#x2f;&#x30;&#50;\/&#x6b;&#x67;&#x6c;&#45;h&#x69;&#x73;&#x74;&#111;r&#x69;&#x73;&#x63;&#104;-&#x36;&#x2d;&#x34;&#50;0&#x78;&#x34;&#x34;&#51;&#64;&#x32;&#x78;&#x2e;&#106;p&#x67; 840w\" sizes=\"(max-width: 1326px) 100vw, 1326px\" \/>        <\/div>        \n        \n              <\/div>\n                    <div class=\"swiper-slide\" data-index=\"4\">\n                <div data-caption=\"Kunstmuseum Luzern\">          <img decoding=\"async\" width=\"1319\" height=\"1400\" src=\"https:\/\/www.kunstmuseumluzern.ch\/wp-content\/uploads\/2024\/02\/kgl-historisch-3.jpg\" class=\"attachment-gallery_image size-gallery_image\" alt=\"\" srcset=\"https:\/\/www.kunstmuseumluzern.ch\/wp-content\/uploads\/2024\/02\/kgl-historisch-3.jpg 1319w, https:&#x2f;&#x2f;&#119;&#119;w&#x2e;&#x6b;&#x75;&#110;st&#x6d;&#x75;&#115;&#101;u&#x6d;&#x6c;&#x75;&#122;er&#x6e;&#x2e;&#99;&#104;\/&#x77;&#x70;&#x2d;&#99;on&#x74;&#x65;&#110;&#116;\/&#x75;&#x70;&#x6c;&#111;&#97;d&#x73;&#x2f;&#50;&#48;2&#x34;&#x2f;&#x30;&#50;&#47;k&#x67;&#x6c;&#x2d;&#104;is&#x74;&#x6f;&#114;&#105;s&#x63;&#x68;&#x2d;&#51;-1&#x35;&#x30;&#120;&#49;5&#x39;&#x40;&#x32;&#120;&#46;j&#x70;&#x67; 300w, https:\/\/www.kunstmuseumluzern.ch\/wp-content\/uploads\/2024\/02\/kgl-historisch-3-1024x1087.jpg 1024w, https:\/\/www.kunstmuseumluzern.ch\/wp-content\/uploads\/2024\/02\/kgl-historisch-3-150x159.jpg 150w, https:\/\/www.kunstmuseumluzern.ch\/wp-content\/uploads\/2024\/02\/kgl-historisch-3-420x446.jpg 420w, https:&#47;&#x2f;w&#119;&#x77;&#46;&#107;&#x75;n&#115;&#x74;m&#117;&#x73;e&#117;&#x6d;l&#117;&#x7a;e&#114;&#x6e;&#46;&#99;&#x68;\/&#119;&#x70;-&#99;&#x6f;n&#x74;&#x65;n&#x74;&#x2f;&#117;&#x70;&#x6c;&#111;&#x61;&#x64;&#115;&#x2f;&#x32;&#48;&#x32;&#x34;&#47;&#x30;2&#47;&#x6b;g&#108;&#x2d;h&#105;&#x73;t&#111;&#x72;i&#115;&#x63;h&#45;&#x33;-&#51;&#x30;0&#120;&#x33;1&#56;&#x40;2&#120;&#x2e;j&#x70;&#x67; 600w, https:\/\/www&#46;&#107;&#117;&#110;&#115;&#116;&#109;&#117;&#x73;&#x65;&#x75;&#x6d;&#x6c;&#x75;&#x7a;&#x65;&#x72;&#x6e;&#x2e;&#x63;h\/wp-c&#111;&#110;&#116;&#101;&#110;&#116;&#47;&#x75;&#x70;&#x6c;&#x6f;&#x61;&#x64;&#x73;&#x2f;&#x32;&#x30;&#x32;&#x34;\/02\/kg&#108;&#45;&#104;&#105;&#115;&#116;&#111;&#x72;&#x69;&#x73;&#x63;&#x68;&#x2d;&#x33;&#x2d;&#x34;&#x32;&#x30;&#x78;446&#64;2x&#46;&#106;&#112;&#103; 840w\" sizes=\"(max-width: 1319px) 100vw, 1319px\" \/>        <\/div>        \n        \n              <\/div>\n                    <div class=\"swiper-slide\" data-index=\"5\">\n                <div data-caption=\"Kunstmuseum Luzern\">          <img decoding=\"async\" width=\"1329\" height=\"1400\" src=\"https:\/\/www.kunstmuseumluzern.ch\/wp-content\/uploads\/2024\/02\/kgl-historisch-2.jpg\" class=\"attachment-gallery_image size-gallery_image\" alt=\"\" srcset=\"https:\/\/www.kunstmuseumluzern.ch\/wp-content\/uploads\/2024\/02\/kgl-historisch-2.jpg 1329w, https:\/&#47;&#x77;&#x77;w&#46;&#x6b;&#x75;n&#115;&#x74;&#x6d;u&#115;&#x65;&#x75;m&#108;&#x75;&#x7a;e&#114;&#110;&#x2e;&#x63;h&#47;&#x77;&#x70;-&#99;&#x6f;&#x6e;t&#101;&#x6e;&#x74;\/&#117;&#x70;&#x6c;o&#97;&#x64;&#x73;\/&#50;&#48;&#x32;&#x34;\/&#48;&#x32;&#x2f;k&#103;&#x6c;&#x2d;h&#105;&#x73;&#x74;o&#114;&#x69;&#x73;c&#104;&#x2d;&#x32;-&#49;&#53;&#x30;&#x78;1&#53;&#x38;&#x40;2&#120;&#x2e;&#x6a;p&#103; 300w, https:\/\/www.kunstmuseumluzern.ch\/wp-content\/uploads\/2024\/02\/kgl-historisch-2-1024x1079.jpg 1024w, https:\/\/www.kunstmuseumluzern.ch\/wp-content\/uploads\/2024\/02\/kgl-historisch-2-150x158.jpg 150w, https:\/\/www.kunstmuseumluzern.ch\/wp-content\/uploads\/2024\/02\/kgl-historisch-2-420x442.jpg 420w, https:&#x2f;\/&#x77;&#119;&#x77;&#46;k&#x75;n&#x73;&#116;&#x6d;&#117;s&#x65;&#117;&#x6d;&#108;u&#x7a;e&#x72;&#110;&#x2e;&#99;h&#x2f;w&#x70;&#45;&#x63;&#x6f;n&#x74;&#101;&#x6e;&#116;\/&#x75;p&#x6c;&#111;&#x61;&#100;s&#x2f;&#50;&#x30;&#50;&#x34;&#x2f;0&#x32;&#47;&#x6b;&#103;l&#x2d;h&#x69;&#115;&#x74;&#111;r&#x69;&#115;&#x63;&#104;-&#x32;-&#x33;&#48;&#x30;&#120;3&#x31;6&#x40;&#50;&#x78;&#x2e;j&#x70;&#103; 600w, https:&#47;&#x2f;w&#119;&#x77;&#46;&#107;&#x75;n&#x73;&#x74;&#109;&#x75;s&#101;&#x75;m&#108;&#x75;z&#x65;&#x72;&#110;&#x2e;&#x63;&#104;&#x2f;w&#112;&#x2d;c&#111;&#x6e;t&#x65;&#x6e;&#116;&#x2f;u&#112;&#x6c;o&#97;&#x64;s&#x2f;&#x32;&#48;&#x32;&#x34;&#47;&#x30;2&#47;&#x6b;g&#108;&#x2d;h&#x69;&#x73;&#116;&#x6f;r&#105;&#x73;c&#104;&#x2d;2&#x2d;&#x34;&#50;&#x30;&#x78;&#52;&#x34;2&#64;&#x32;x&#46;&#x6a;p&#x67; 840w\" sizes=\"(max-width: 1329px) 100vw, 1329px\" \/>        <\/div>        \n        \n              <\/div>\n                    <div class=\"swiper-slide\" data-index=\"6\">\n                <div data-caption=\"Kunstmuseum Luzern, Herstellung von Reprorafien\">          <img decoding=\"async\" width=\"1311\" height=\"1400\" src=\"https:\/\/www.kunstmuseumluzern.ch\/wp-content\/uploads\/2024\/02\/kml-historisch-repros.jpg\" class=\"attachment-gallery_image size-gallery_image\" alt=\"\" srcset=\"https:\/\/www.kunstmuseumluzern.ch\/wp-content\/uploads\/2024\/02\/kml-historisch-repros.jpg 1311w, https:&#x2f;&#47;&#119;w&#x77;&#x2e;&#107;u&#x6e;&#x73;&#116;m&#x75;&#x73;&#101;u&#x6d;&#x6c;&#117;z&#x65;&#x72;&#110;&#46;&#x63;&#x68;&#47;&#119;p&#x2d;&#x63;&#111;n&#x74;&#x65;&#110;t&#x2f;&#x75;&#112;l&#x6f;&#x61;&#100;s&#x2f;&#x32;&#48;2&#x34;&#x2f;&#48;&#50;\/&#x6b;&#x6d;&#108;-&#x68;&#x69;&#115;t&#x6f;&#x72;&#105;s&#x63;&#x68;&#45;r&#x65;&#x70;&#114;o&#x73;&#x2d;&#49;&#53;0&#x78;&#x31;&#54;0&#x40;&#x32;&#120;&#46;&#x6a;&#x70;&#103; 300w, https:\/\/www.kunstmuseumluzern.ch\/wp-content\/uploads\/2024\/02\/kml-historisch-repros-1024x1094.jpg 1024w, https:\/\/www.kunstmuseumluzern.ch\/wp-content\/uploads\/2024\/02\/kml-historisch-repros-150x160.jpg 150w, https:\/\/www.kunstmuseumluzern.ch\/wp-content\/uploads\/2024\/02\/kml-historisch-repros-420x449.jpg 420w, https:&#x2f;&#x2f;&#x77;&#x77;&#x77;&#x2e;&#x6b;&#x75;&#x6e;&#x73;&#x74;&#x6d;&#x75;&#x73;&#x65;&#x75;&#x6d;&#x6c;&#x75;&#x7a;&#x65;&#x72;&#110;&#46;&#99;&#104;&#47;&#119;&#112;&#45;&#99;&#111;&#110;&#116;&#101;&#110;&#116;\/uploads\/202&#x34;&#x2f;&#x30;&#x32;&#x2f;&#x6b;&#x6d;&#x6c;&#x2d;&#x68;&#x69;&#x73;&#x74;&#x6f;&#x72;&#x69;&#x73;&#x63;&#x68;&#x2d;&#x72;&#x65;&#x70;&#114;&#111;&#115;&#45;&#51;&#48;&#48;&#120;&#51;&#50;&#48;&#64;&#50;&#120;&#46;jpg 600w, https:&#x2f;&#x2f;&#x77;&#x77;&#x77;&#x2e;&#107;&#117;&#110;&#115;tmus&#x65;&#x75;&#x6d;&#x6c;&#x75;&#x7a;&#101;&#114;&#110;&#46;&#99;h\/w&#x70;&#x2d;&#x63;&#x6f;&#x6e;&#x74;&#101;&#110;&#116;&#47;&#117;plo&#x61;&#x64;&#x73;&#x2f;&#x32;&#x30;&#x32;&#52;&#47;&#48;&#50;\/kml&#x2d;&#x68;&#x69;&#x73;&#x74;&#x6f;&#114;&#105;&#115;&#99;h-re&#x70;&#x72;&#x6f;&#x73;&#x2d;&#x34;&#50;&#48;&#120;&#52;&#52;9&#64;2&#x78;&#x2e;&#x6a;&#x70;&#x67; 840w\" sizes=\"(max-width: 1311px) 100vw, 1311px\" \/>        <\/div>        \n        \n              <\/div>\n              \n    <\/div>\n\n    <div class=\"swiper-button-prev\"><\/div>\n    <div class=\"swiper-button-next\"><\/div>\n    <div class=\"swiper-pagination\"><\/div>\n    <div class=\"swiper-caption\"><\/div>\n  <\/div>\n\n<\/div>\n\n\n\n<div style=\"height:40px\" aria-hidden=\"true\" class=\"wp-block-spacer\"><\/div>\n","protected":false},"excerpt":{"rendered":"<p>Geschichte Kunstgesellschaft Luzern Die Kunstgesellschaft Luzern wurde am 11.05.1819 gegr\u00fcndet. Vorher gab es schon die Plastische Sektion der Grossen Gesellschaft der Wissenschaften und der K\u00fcnste. Diese wurde bereits 1817 gegr\u00fcndet. Ihr erster Pr\u00e4sident war Karl Pfyffer von Altishofen. Sein Ziel war es, ein Denkmal f\u00fcr die Schweizer K\u00e4mpfer zu schaffen, die in Paris beim Sturm [&hellip;]<\/p>\n","protected":false},"author":14,"featured_media":0,"parent":120055,"menu_order":0,"comment_status":"closed","ping_status":"closed","template":"","meta":{"_acf_changed":false,"_seopress_robots_primary_cat":"","_seopress_titles_title":"","_seopress_titles_desc":"","_seopress_robots_index":"","inline_featured_image":false,"ghostkit_customizer_options":"","ghostkit_custom_css":"","ghostkit_custom_js_head":"","ghostkit_custom_js_foot":"","ghostkit_typography":"","footnotes":""},"tags":[],"class_list":["post-120077","page","type-page","status-publish","hentry"],"acf":[],"_links":{"self":[{"href":"https:\/\/www.kunstmuseumluzern.ch\/de-es\/wp-json\/wp\/v2\/pages\/120077","targetHints":{"allow":["GET"]}}],"collection":[{"href":"https:\/\/www.kunstmuseumluzern.ch\/de-es\/wp-json\/wp\/v2\/pages"}],"about":[{"href":"https:\/\/www.kunstmuseumluzern.ch\/de-es\/wp-json\/wp\/v2\/types\/page"}],"author":[{"embeddable":true,"href":"https:\/\/www.kunstmuseumluzern.ch\/de-es\/wp-json\/wp\/v2\/users\/14"}],"replies":[{"embeddable":true,"href":"https:\/\/www.kunstmuseumluzern.ch\/de-es\/wp-json\/wp\/v2\/comments?post=120077"}],"version-history":[{"count":1,"href":"https:\/\/www.kunstmuseumluzern.ch\/de-es\/wp-json\/wp\/v2\/pages\/120077\/revisions"}],"predecessor-version":[{"id":120082,"href":"https:\/\/www.kunstmuseumluzern.ch\/de-es\/wp-json\/wp\/v2\/pages\/120077\/revisions\/120082"}],"up":[{"embeddable":true,"href":"https:\/\/www.kunstmuseumluzern.ch\/de-es\/wp-json\/wp\/v2\/pages\/120055"}],"wp:attachment":[{"href":"https:\/\/www.kunstmuseumluzern.ch\/de-es\/wp-json\/wp\/v2\/media?parent=120077"}],"wp:term":[{"taxonomy":"post_tag","embeddable":true,"href":"https:\/\/www.kunstmuseumluzern.ch\/de-es\/wp-json\/wp\/v2\/tags?post=120077"}],"curies":[{"name":"wp","href":"https:\/\/api.w.org\/{rel}","templated":true}]}}