{"id":121876,"date":"2023-11-09T10:16:47","date_gmt":"2023-11-09T09:16:47","guid":{"rendered":"https:\/\/www.kunstmuseumluzern.ch\/agenda\/"},"modified":"2025-09-12T17:03:33","modified_gmt":"2025-09-12T15:03:33","slug":"agenda","status":"publish","type":"page","link":"https:\/\/www.kunstmuseumluzern.ch\/de-es\/besuch\/agenda\/","title":{"rendered":"Agenda"},"content":{"rendered":"\n<div style=\"height:60px\" aria-hidden=\"true\" class=\"wp-block-spacer\"><\/div>\n\n\n\n<p>Die meisten F\u00fchrungen und Veranstaltungen sind auf Deutsch. Die \u00f6ffentlichen F\u00fchrungen sind immer gut verst\u00e4ndlich und das Team Kunstvermittlung erl\u00e4utert gerne auch Fragen an einer F\u00fchrung. Bei Veranstaltungen mit G\u00e4sten k\u00f6nnen auch schwierigere W\u00f6rter verwendet werden. <\/p>\n\n\n\n<p>Das Programm finden Sie auf der <a href=\"https:\/\/www.kunstmuseumluzern.ch\/de-es\/besuch\/agenda\/\">deutschen Website<\/a>.<\/p>\n\n\n\n<div style=\"height:40px\" aria-hidden=\"true\" class=\"wp-block-spacer\"><\/div>\n\n\n\n<div class=\"wp-block-buttons is-content-justification-center is-layout-flex wp-container-core-buttons-is-layout-a89b3969 wp-block-buttons-is-layout-flex\">\n<div class=\"wp-block-button\"><a class=\"wp-block-button__link wp-element-button\" href=\"https:\/\/www.kunstmuseumluzern.ch\/de-es\/besuch\/agenda\/\">Agenda<\/a><\/div>\n<\/div>\n\n\n\n<div style=\"height:120px\" aria-hidden=\"true\" class=\"wp-block-spacer\"><\/div>\n\n\n\n<div class=\"wp-block-nav-links alignwide\">\n\n    <div class=\"wp-block-nav-links__link-wrapper\">\n  \n        <a class=\"wp-block-nav-links__link\" href=\"https:\/\/www.kunstmuseumluzern.ch\/besuch\/informationen#oeffnungszeiten\" target=\"_self\">\u00d6ffnungszeiten<\/a>\n    \n  \n        <a class=\"wp-block-nav-links__link\" href=\"https:\/\/www.kunstmuseumluzern.ch\/besuch\/cafe\/\" target=\"_self\">Caf\u00e9<\/a>\n    \n  \n        <a class=\"wp-block-nav-links__link\" href=\"https:\/\/shop.kunstmuseumluzern.ch\/\" target=\"_blank\">Shop<\/a>\n    \n    <\/div>\n  \n<\/div>","protected":false},"excerpt":{"rendered":"<p>Die meisten F\u00fchrungen und Veranstaltungen sind auf Deutsch. Die \u00f6ffentlichen F\u00fchrungen sind immer gut verst\u00e4ndlich und das Team Kunstvermittlung erl\u00e4utert gerne auch Fragen an einer F\u00fchrung. Bei Veranstaltungen mit G\u00e4sten k\u00f6nnen auch schwierigere W\u00f6rter verwendet werden. Das Programm finden Sie auf der deutschen Website.<\/p>\n","protected":false},"author":14,"featured_media":0,"parent":123215,"menu_order":0,"comment_status":"closed","ping_status":"closed","template":"template-agenda.php","meta":{"_acf_changed":false,"_seopress_robots_primary_cat":"","_seopress_titles_title":"Agenda | KUNSTMUSEUM LUZERN","_seopress_titles_desc":"Aktuelle F\u00fchrungen, Gespr\u00e4che, Workshops und Veranstaltungen zu den Ausstellungen finden Sie in unserer Agenda.","_seopress_robots_index":"","inline_featured_image":false,"ghostkit_customizer_options":"","ghostkit_custom_css":"","ghostkit_custom_js_head":"","ghostkit_custom_js_foot":"","ghostkit_typography":"","footnotes":""},"tags":[],"class_list":["post-121876","page","type-page","status-publish","hentry"],"acf":[],"_links":{"self":[{"href":"https:\/\/www.kunstmuseumluzern.ch\/de-es\/wp-json\/wp\/v2\/pages\/121876","targetHints":{"allow":["GET"]}}],"collection":[{"href":"https:\/\/www.kunstmuseumluzern.ch\/de-es\/wp-json\/wp\/v2\/pages"}],"about":[{"href":"https:\/\/www.kunstmuseumluzern.ch\/de-es\/wp-json\/wp\/v2\/types\/page"}],"author":[{"embeddable":true,"href":"https:\/\/www.kunstmuseumluzern.ch\/de-es\/wp-json\/wp\/v2\/users\/14"}],"replies":[{"embeddable":true,"href":"https:\/\/www.kunstmuseumluzern.ch\/de-es\/wp-json\/wp\/v2\/comments?post=121876"}],"version-history":[{"count":14,"href":"https:\/\/www.kunstmuseumluzern.ch\/de-es\/wp-json\/wp\/v2\/pages\/121876\/revisions"}],"predecessor-version":[{"id":171594,"href":"https:\/\/www.kunstmuseumluzern.ch\/de-es\/wp-json\/wp\/v2\/pages\/121876\/revisions\/171594"}],"up":[{"embeddable":true,"href":"https:\/\/www.kunstmuseumluzern.ch\/de-es\/wp-json\/wp\/v2\/pages\/123215"}],"wp:attachment":[{"href":"https:\/\/www.kunstmuseumluzern.ch\/de-es\/wp-json\/wp\/v2\/media?parent=121876"}],"wp:term":[{"taxonomy":"post_tag","embeddable":true,"href":"https:\/\/www.kunstmuseumluzern.ch\/de-es\/wp-json\/wp\/v2\/tags?post=121876"}],"curies":[{"name":"wp","href":"https:\/\/api.w.org\/{rel}","templated":true}]}}