{"id":121884,"date":"2023-11-09T10:17:05","date_gmt":"2023-11-09T09:17:05","guid":{"rendered":"https:\/\/www.kunstmuseumluzern.ch\/informationen\/"},"modified":"2026-03-17T09:18:12","modified_gmt":"2026-03-17T08:18:12","slug":"informationen","status":"publish","type":"page","link":"https:\/\/www.kunstmuseumluzern.ch\/de-es\/besuch\/informationen\/","title":{"rendered":"Informationen"},"content":{"rendered":"\n<div class=\"wp-block-slider alignfull\">\n\n  <div class=\"swiper-container\">\n    <div class=\"swiper-wrapper\">\n\n      \n            <div class=\"swiper-slide\" data-index=\"0\">\n                <div data-caption=\"Kunstmuseum Luzern, Foto: Stefano Schr\u00f6ter\">          <img decoding=\"async\" width=\"2100\" height=\"1400\" src=\"https:\/\/www.kunstmuseumluzern.ch\/wp-content\/uploads\/2024\/02\/kml-fassade-seite.jpg\" class=\"attachment-gallery_image size-gallery_image\" alt=\"\" srcset=\"https:\/\/www.kunstmuseumluzern.ch\/wp-content\/uploads\/2024\/02\/kml-fassade-seite.jpg 2100w, https:&#x2f;&#x2f;&#x77;&#x77;&#119;&#46;&#107;un&#x73;&#x74;&#x6d;&#x75;&#x73;&#101;&#117;&#109;lu&#x7a;&#x65;&#x72;&#x6e;&#x2e;&#99;&#104;&#47;wp&#x2d;&#x63;&#x6f;&#x6e;&#x74;&#101;&#110;&#116;\/u&#x70;&#x6c;&#x6f;&#x61;&#x64;&#115;&#47;&#50;02&#x34;&#x2f;&#x30;&#x32;&#x2f;&#107;&#109;&#108;-f&#x61;&#x73;&#x73;&#x61;&#x64;&#101;&#45;&#115;ei&#x74;&#x65;&#x2d;&#x31;&#x35;&#48;&#120;&#49;00&#x40;&#x32;&#x78;&#x2e;&#x6a;&#112;&#103; 300w, https:\/\/www.kunstmuseumluzern.ch\/wp-content\/uploads\/2024\/02\/kml-fassade-seite-1024x683.jpg 1024w, https:\/\/www.kunstmuseumluzern.ch\/wp-content\/uploads\/2024\/02\/kml-fassade-seite-150x100.jpg 150w, https:\/\/www.kunstmuseumluzern.ch\/wp-content\/uploads\/2024\/02\/kml-fassade-seite-420x280.jpg 420w, https:&#x2f;&#x2f;&#x77;&#x77;&#x77;&#x2e;&#x6b;&#x75;&#x6e;&#x73;&#x74;&#x6d;&#x75;&#x73;&#x65;&#x75;&#x6d;&#x6c;&#x75;&#x7a;&#x65;&#x72;&#x6e;&#x2e;&#x63;&#x68;&#x2f;&#x77;&#x70;&#x2d;&#x63;&#x6f;&#x6e;&#x74;&#x65;&#x6e;&#x74;&#x2f;&#x75;&#x70;&#x6c;&#x6f;&#x61;&#x64;&#115;&#47;&#50;&#48;&#50;&#52;&#47;&#48;&#50;&#47;&#107;&#109;&#108;&#45;&#102;&#97;&#115;&#115;&#97;&#100;&#101;&#45;&#115;&#101;&#105;&#116;&#101;&#45;&#51;&#48;&#48;x200&#64;2x&#46;jpg 600w, https:&#47;&#x2f;&#x77;w&#119;&#x2e;&#x6b;u&#110;&#x73;t&#109;&#x75;&#x73;e&#117;&#x6d;l&#117;&#x7a;&#x65;r&#110;&#x2e;&#x63;&#104;&#x2f;&#x77;p&#45;&#x63;&#x6f;n&#116;&#x65;n&#116;&#x2f;&#x75;p&#108;&#x6f;a&#100;&#x73;&#x2f;2&#48;&#x32;&#x34;&#47;&#x30;&#x32;\/&#107;&#x6d;&#x6c;-&#102;&#x61;s&#115;&#x61;&#x64;e&#45;&#x73;e&#105;&#x74;&#x65;-&#49;&#x30;&#x32;&#52;&#x78;&#x36;8&#51;&#x40;&#x32;x&#46;&#x6a;p&#103; 2048w, https:\/\/w&#119;&#119;&#46;&#107;&#x75;&#x6e;&#x73;&#x74;&#x6d;&#x75;&#x73;eum&#108;&#117;&#122;&#101;&#114;&#x6e;&#x2e;&#x63;&#x68;&#x2f;&#x77;p-co&#110;&#116;&#101;&#110;&#x74;&#x2f;&#x75;&#x70;&#x6c;&#x6f;ads\/&#50;&#48;&#50;&#52;&#x2f;&#x30;&#x32;&#x2f;&#x6b;&#x6d;&#x6c;-fa&#115;&#115;&#97;&#100;&#101;&#x2d;&#x73;&#x65;&#x69;&#x74;&#x65;-42&#48;&#120;&#50;&#56;&#48;&#x40;&#x32;&#x78;&#x2e;&#x6a;&#x70;g 840w\" sizes=\"(max-width: 2100px) 100vw, 2100px\" \/>        <\/div>        \n        \n              <\/div>\n                    <div class=\"swiper-slide\" data-index=\"1\">\n                <div data-caption=\"Kunstmuseum Luzern, Eingang, Foto: Marc Latzel\">          <img decoding=\"async\" width=\"2000\" height=\"1333\" src=\"https:\/\/www.kunstmuseumluzern.ch\/wp-content\/uploads\/2024\/02\/kml-eingang-aussen.jpg\" class=\"attachment-gallery_image size-gallery_image\" alt=\"\" srcset=\"https:\/\/www.kunstmuseumluzern.ch\/wp-content\/uploads\/2024\/02\/kml-eingang-aussen.jpg 2000w, https:\/&#47;&#x77;&#x77;&#x77;&#46;&#107;&#117;&#x6e;&#x73;t&#109;&#117;&#x73;&#x65;um&#108;&#x75;&#x7a;&#x65;r&#110;&#x2e;&#x63;&#x68;\/&#119;&#112;&#x2d;&#x63;o&#110;&#116;&#x65;&#x6e;t\/&#117;&#x70;&#x6c;&#x6f;a&#100;&#115;&#x2f;&#x32;0&#50;&#52;&#x2f;&#x30;2&#47;&#107;&#x6d;&#x6c;-e&#105;&#x6e;&#x67;&#x61;n&#103;&#45;&#x61;&#x75;s&#115;&#101;&#x6e;&#x2d;1&#53;&#48;&#x78;&#x31;00&#64;&#x32;&#x78;&#x2e;j&#112;&#103; 300w, https:\/\/www.kunstmuseumluzern.ch\/wp-content\/uploads\/2024\/02\/kml-eingang-aussen-1024x682.jpg 1024w, https:\/\/www.kunstmuseumluzern.ch\/wp-content\/uploads\/2024\/02\/kml-eingang-aussen-150x100.jpg 150w, https:\/\/www.kunstmuseumluzern.ch\/wp-content\/uploads\/2024\/02\/kml-eingang-aussen-420x280.jpg 420w, https:&#47;&#x2f;&#119;&#x77;&#119;&#x2e;&#107;&#x75;&#110;&#x73;&#116;&#x6d;u&#x73;e&#x75;m&#x6c;u&#x7a;e&#x72;n&#46;&#x63;&#104;&#x2f;&#119;&#x70;&#45;&#x63;&#111;&#x6e;&#116;&#x65;&#110;&#x74;\/&#x75;p&#x6c;o&#x61;d&#x73;\/&#x32;0&#50;&#x34;&#47;&#x30;&#50;&#x2f;&#107;&#x6d;&#108;&#x2d;&#101;&#x69;&#110;&#x67;a&#x6e;g&#x2d;a&#x75;s&#x73;e&#x6e;-&#51;&#x30;&#48;&#x78;&#50;&#x30;&#48;&#x40;&#50;&#x78;&#46;&#x6a;&#112;&#x67; 600w, https:&#x2f;\/&#x77;&#119;&#x77;&#46;k&#x75;n&#x73;&#116;&#x6d;&#117;s&#x65;&#117;&#x6d;&#108;u&#x7a;e&#x72;&#110;&#x2e;&#99;h&#x2f;w&#x70;&#45;&#x63;&#x6f;n&#x74;&#101;&#x6e;&#116;\/&#x75;p&#x6c;&#111;&#x61;&#100;s&#x2f;&#50;&#x30;&#50;&#x34;&#x2f;0&#x32;&#47;&#x6b;&#109;l&#x2d;e&#x69;&#110;&#x67;&#97;n&#x67;&#45;&#x61;&#117;s&#x73;e&#x6e;&#45;&#x34;&#50;0&#x78;2&#x38;&#48;&#x40;&#x32;x&#x2e;&#106;&#x70;&#103; 840w\" sizes=\"(max-width: 2000px) 100vw, 2000px\" \/>        <\/div>        \n        \n              <\/div>\n                    <div class=\"swiper-slide\" data-index=\"2\">\n                <div data-caption=\"Kunstmuseum Luzern, Foyer, Foto: Marc Latzel\">          <img decoding=\"async\" width=\"2000\" height=\"1333\" src=\"https:\/\/www.kunstmuseumluzern.ch\/wp-content\/uploads\/2024\/02\/kml-cafe-shop.jpg\" class=\"attachment-gallery_image size-gallery_image\" alt=\"\" srcset=\"https:\/\/www.kunstmuseumluzern.ch\/wp-content\/uploads\/2024\/02\/kml-cafe-shop.jpg 2000w, https:&#x2f;&#47;w&#x77;&#x77;&#46;k&#x75;&#x6e;&#115;t&#x6d;&#117;s&#x65;&#x75;&#109;l&#x75;&#x7a;&#101;r&#x6e;&#46;&#99;&#x68;&#x2f;&#119;p&#x2d;&#x63;&#111;n&#x74;&#101;&#110;t&#x2f;&#117;p&#x6c;&#x6f;&#97;d&#x73;&#x2f;&#50;0&#x32;&#52;\/&#x30;&#x32;&#47;k&#x6d;&#x6c;&#45;c&#x61;&#102;&#101;&#x2d;&#x73;&#104;o&#x70;&#x2d;&#49;5&#x30;&#x78;&#49;0&#x30;&#64;2&#x78;&#x2e;&#106;p&#x67; 300w, https:\/\/www.kunstmuseumluzern.ch\/wp-content\/uploads\/2024\/02\/kml-cafe-shop-1024x682.jpg 1024w, https:\/\/www.kunstmuseumluzern.ch\/wp-content\/uploads\/2024\/02\/kml-cafe-shop-150x100.jpg 150w, https:\/\/www.kunstmuseumluzern.ch\/wp-content\/uploads\/2024\/02\/kml-cafe-shop-420x280.jpg 420w, https:&#x2f;&#x2f;&#x77;&#x77;&#x77;&#x2e;&#x6b;&#x75;&#x6e;&#x73;&#x74;&#x6d;&#x75;&#x73;&#x65;&#x75;&#x6d;&#x6c;&#x75;&#x7a;&#x65;&#x72;&#110;&#46;&#99;&#104;&#47;&#119;&#112;&#45;&#99;&#111;&#110;&#116;&#101;&#110;&#116;\/uploads\/202&#x34;&#x2f;&#x30;&#x32;&#x2f;&#x6b;&#x6d;&#x6c;&#x2d;&#x63;&#x61;&#x66;&#x65;&#x2d;&#x73;&#x68;&#x6f;&#x70;&#x2d;&#x33;&#x30;&#x30;&#x78;&#50;&#48;&#48;&#64;&#50;&#120;&#46;&#106;&#112;&#103; 600w, https:&#47;&#x2f;w&#x77;w&#46;&#x6b;&#117;&#x6e;s&#116;&#x6d;&#117;&#x73;e&#x75;&#x6d;&#108;&#x75;z&#x65;r&#110;&#x2e;&#99;&#x68;\/&#119;&#x70;&#45;&#x63;o&#110;&#x74;&#101;&#x6e;t&#x2f;&#x75;&#112;&#x6c;o&#x61;d&#115;&#x2f;&#50;&#x30;2&#52;&#x2f;&#48;&#x32;\/&#107;&#x6d;&#108;&#x2d;c&#x61;f&#101;&#x2d;s&#x68;o&#112;&#x2d;&#52;&#x32;0&#120;&#x32;&#56;&#x30;&#64;&#x32;&#x78;&#46;&#x6a;p&#x67; 840w\" sizes=\"(max-width: 2000px) 100vw, 2000px\" \/>        <\/div>        \n        \n              <\/div>\n                    <div class=\"swiper-slide\" data-index=\"3\">\n                <div data-caption=\"Kunstmuseum Luzern, Kasse, Foto: Marc Latzel\">          <img decoding=\"async\" width=\"2000\" height=\"1333\" src=\"https:\/\/www.kunstmuseumluzern.ch\/wp-content\/uploads\/2024\/02\/kml-kasse.jpg\" class=\"attachment-gallery_image size-gallery_image\" alt=\"\" srcset=\"https:\/\/www.kunstmuseumluzern.ch\/wp-content\/uploads\/2024\/02\/kml-kasse.jpg 2000w, https:\/&#47;&#x77;&#x77;&#x77;&#46;&#107;&#117;&#x6e;&#x73;t&#109;&#117;&#x73;&#x65;um&#108;&#x75;&#x7a;&#x65;r&#110;&#x2e;&#x63;&#x68;\/&#119;&#112;&#x2d;&#x63;o&#110;&#116;&#x65;&#x6e;t\/&#117;&#x70;&#x6c;&#x6f;a&#100;&#115;&#x2f;&#x32;0&#50;&#52;&#x2f;&#x30;2&#47;&#107;&#x6d;&#x6c;-k&#97;&#x73;&#x73;&#x65;-&#49;&#53;&#x30;&#x78;1&#48;&#48;&#x40;&#x32;x&#46;&#106;&#x70;&#x67; 300w, https:\/\/www.kunstmuseumluzern.ch\/wp-content\/uploads\/2024\/02\/kml-kasse-1024x682.jpg 1024w, https:\/\/www.kunstmuseumluzern.ch\/wp-content\/uploads\/2024\/02\/kml-kasse-150x100.jpg 150w, https:\/\/www.kunstmuseumluzern.ch\/wp-content\/uploads\/2024\/02\/kml-kasse-420x280.jpg 420w, https:&#x2f;&#x2f;&#x77;&#x77;&#119;&#46;&#107;un&#x73;&#x74;&#x6d;&#x75;&#x73;&#101;&#117;&#109;lu&#x7a;&#x65;&#x72;&#x6e;&#x2e;&#99;&#104;&#47;wp&#x2d;&#x63;&#x6f;&#x6e;&#x74;&#101;&#110;&#116;\/u&#x70;&#x6c;&#x6f;&#x61;&#x64;&#115;&#47;&#50;02&#x34;&#x2f;&#x30;&#x32;&#x2f;&#107;&#109;&#108;-k&#x61;&#x73;&#x73;&#x65;&#x2d;&#51;&#48;&#48;x2&#x30;&#x30;&#x40;&#x32;&#x78;&#46;&#106;&#112;g 600w, https:&#x2f;&#x2f;&#x77;&#119;&#119;&#46;k&#x75;&#x6e;&#x73;&#116;&#109;us&#x65;&#x75;&#x6d;&#108;&#117;ze&#x72;&#x6e;&#x2e;&#99;&#104;\/w&#x70;&#x2d;&#x63;&#111;&#110;te&#x6e;&#x74;&#x2f;&#117;&#112;&#108;o&#x61;&#x64;&#x73;&#x2f;&#50;&#48;2&#x34;&#x2f;&#x30;&#x32;&#47;&#107;ml&#x2d;&#x6b;&#x61;&#115;&#115;e-&#x34;&#x32;&#x30;&#120;&#50;80&#x40;&#x32;&#x78;&#46;&#106;pg 840w\" sizes=\"(max-width: 2000px) 100vw, 2000px\" \/>        <\/div>        \n        \n              <\/div>\n                    <div class=\"swiper-slide\" data-index=\"4\">\n                <div data-caption=\"Kunstmuseum Luzern, Shop, Foto: Marc Latzel\">          <img decoding=\"async\" width=\"2100\" height=\"1400\" src=\"https:\/\/www.kunstmuseumluzern.ch\/wp-content\/uploads\/2024\/02\/kml-shop.jpg\" class=\"attachment-gallery_image size-gallery_image\" alt=\"\" srcset=\"https:\/\/www.kunstmuseumluzern.ch\/wp-content\/uploads\/2024\/02\/kml-shop.jpg 2100w, https:&#x2f;&#x2f;&#x77;&#119;&#119;&#46;ku&#x6e;&#x73;&#x74;&#x6d;&#117;&#115;eu&#x6d;&#x6c;&#x75;&#x7a;&#101;&#114;n&#46;&#x63;&#x68;&#x2f;&#x77;&#112;&#45;&#99;on&#x74;&#x65;&#x6e;&#x74;&#47;&#117;pl&#x6f;&#x61;&#x64;&#x73;&#47;&#50;02&#x34;&#x2f;&#x30;&#x32;&#47;&#107;&#109;l-&#x73;&#x68;&#x6f;&#x70;&#45;&#49;50&#x78;&#x31;&#x30;&#x30;&#64;&#50;x&#46;&#x6a;&#x70;&#x67; 300w, https:\/\/www.kunstmuseumluzern.ch\/wp-content\/uploads\/2024\/02\/kml-shop-1024x683.jpg 1024w, https:\/\/www.kunstmuseumluzern.ch\/wp-content\/uploads\/2024\/02\/kml-shop-150x100.jpg 150w, https:\/\/www.kunstmuseumluzern.ch\/wp-content\/uploads\/2024\/02\/kml-shop-420x280.jpg 420w, https:\/\/&#119;&#119;&#119;&#x2e;&#x6b;&#x75;&#x6e;&#x73;tm&#117;&#115;&#101;&#x75;&#x6d;&#x6c;&#x75;&#x7a;er&#110;&#46;&#99;&#x68;&#x2f;&#x77;&#x70;&#x2d;co&#110;&#116;&#101;&#x6e;&#x74;&#x2f;&#x75;&#x70;lo&#97;&#100;&#115;&#x2f;&#x32;&#x30;&#x32;&#x34;\/0&#50;&#47;&#107;&#x6d;&#x6c;&#x2d;&#x73;&#x68;op&#45;&#51;&#48;&#x30;&#x78;&#x32;&#x30;&#x30;&#64;2&#120;&#46;&#106;&#x70;&#x67; 600w, https:&#x2f;&#x2f;&#x77;&#x77;&#119;&#46;kun&#x73;&#x74;&#x6d;&#x75;&#115;&#101;uml&#x75;&#x7a;&#x65;&#x72;&#110;&#46;&#99;h\/&#x77;&#x70;&#x2d;&#x63;&#111;&#110;&#116;en&#x74;&#x2f;&#x75;&#x70;&#108;&#111;&#97;ds&#x2f;&#x32;&#x30;&#x32;&#52;&#47;&#48;2\/&#x6b;&#x6d;&#x6c;&#x2d;&#115;&#104;&#111;p-&#x31;&#x30;&#x32;&#x34;&#120;&#54;&#56;3&#64;&#x32;&#x78;&#x2e;&#x6a;&#112;&#103; 2048w, https:&#47;&#x2f;&#x77;w&#119;&#x2e;k&#117;&#x6e;s&#116;&#x6d;u&#115;&#x65;&#x75;&#109;&#x6c;&#x75;z&#101;&#x72;n&#46;&#x63;h&#47;&#x77;&#x70;&#45;&#x63;&#x6f;n&#116;&#x65;n&#116;&#x2f;u&#112;&#x6c;o&#97;&#x64;&#x73;&#47;&#x32;&#x30;2&#52;&#x2f;0&#50;&#x2f;k&#109;&#x6c;&#x2d;&#115;&#x68;&#x6f;p&#45;&#x34;2&#48;&#x78;2&#56;&#x30;&#64;&#50;&#x78;&#x2e;&#106;&#x70;&#x67; 840w\" sizes=\"(max-width: 2100px) 100vw, 2100px\" \/>        <\/div>        \n        \n              <\/div>\n              \n    <\/div>\n\n    <div class=\"swiper-button-prev\"><\/div>\n    <div class=\"swiper-button-next\"><\/div>\n    <div class=\"swiper-pagination\"><\/div>\n    <div class=\"swiper-caption\"><\/div>\n  <\/div>\n\n<\/div>\n\n\n\n<div style=\"height:60px\" aria-hidden=\"true\" class=\"wp-block-spacer\"><\/div>\n\n\n\n<div class=\"wp-block-columns alignwide no-gap is-layout-flex wp-container-core-columns-is-layout-28f84493 wp-block-columns-is-layout-flex\">\n<div class=\"wp-block-column is-layout-flow wp-block-column-is-layout-flow\">\n<div class=\"wp-block-pb-accordion-item c-accordion__item js-accordion-item no-js\" data-initially-open=\"false\" data-click-to-close=\"true\" data-auto-close=\"true\" data-scroll=\"false\" data-scroll-offset=\"0\"><h2 id=\"at-1218840\" class=\"c-accordion__title js-accordion-controller\" role=\"button\" id=\"adresse\">Adresse<\/h2><div id=\"ac-1218840\" class=\"c-accordion__content\">\n<p>Kunstmuseum Luzern<br>Europaplatz 1<br>6002 Luzern<\/p>\n<\/div><\/div>\n\n\n\n<div class=\"wp-block-pb-accordion-item c-accordion__item js-accordion-item no-js\" data-initially-open=\"false\" data-click-to-close=\"true\" data-auto-close=\"true\" data-scroll=\"false\" data-scroll-offset=\"0\"><h2 id=\"at-1218841\" class=\"c-accordion__title js-accordion-controller\" role=\"button\" id=\"kontakt\">Kontakt<\/h2><div id=\"ac-1218841\" class=\"c-accordion__content\">\n<p>+41 41 226 78 00<br><a href=\"&#109;a&#105;l&#116;o&#x3a;i&#x6e;f&#x6f;&#64;&#x6b;u&#x6e;s&#x74;m&#x75;s&#x65;u&#x6d;l&#x75;&#122;&#x65;&#114;&#x6e;&#46;&#x63;&#104;\">&#105;&#x6e;&#102;&#x6f;&#64;&#x6b;u&#x6e;s&#116;&#x6d;&#117;&#x73;&#101;&#x75;m&#x6c;u&#122;&#x65;&#114;&#x6e;&#46;&#x63;&#104;<\/a><\/p>\n<\/div><\/div>\n\n\n\n<div class=\"wp-block-pb-accordion-item c-accordion__item js-accordion-item no-js\" data-initially-open=\"false\" data-click-to-close=\"true\" data-auto-close=\"true\" data-scroll=\"true\" data-scroll-offset=\"400\" id=\"preise\"><h2 id=\"at-1218842\" class=\"c-accordion__title js-accordion-controller\" role=\"button\" id=\"preise\">Preise<\/h2><div id=\"ac-1218842\" class=\"c-accordion__content\">\n<figure class=\"wp-block-table\"><table><tbody><tr><td>gratis<\/td><td>jeden ersten Sonntag im Monat<\/td><\/tr><tr><td>CHF 15.\u2013<\/td><td>Erwachsene<\/td><\/tr><tr><td>CHF 6.\u2013<\/td><td>Junge Erwachsene von 16 bis 25 Jahren<br>Student:innen mit Ausweis<\/td><\/tr><tr><td>gratis<\/td><td>Kinder und Jugendliche <br>bis 16 Jahre<\/td><\/tr><tr><td>CHF 12.\u2013<br><\/td><td>G\u00e4stekarte Luzern Tourismus<br>Visarte\/Art Card<br>IAA\/AIAP-K\u00fcnstlerausweis<br>IV<br>Gruppen ab 10 Personen (<a href=\"&#109;&#x61;&#105;&#x6c;t&#111;&#x3a;&#107;&#x75;n&#x73;t&#118;&#x65;&#114;&#x6d;i&#x74;&#x74;&#108;&#x75;n&#x67;&#64;&#107;&#x75;&#110;&#x73;t&#x6d;u&#115;&#x65;&#117;&#x6d;l&#117;&#x7a;&#101;&#x72;n&#x2e;c&#104;\">Anmeldung erforderlich<\/a>)<\/td><\/tr><tr><td>gratis<\/td><td>Mitglieder Kunstgesellschaft<br>diverse Kunstvereine<br>Kulturlegi<br>Schweizer Museumspass<br>Luzerner Museumspass<br>Raiffeisenkarte<br>Swiss Travel System<br>ICOM, VMS, IKT, CIMAM<br>Begleitpersonen von Menschen mit Behinderung<br>Lehrer:innen und Fachpersonen Kita aus der Zentralschweiz<br>Dozent:innen und Student:innen HSLU D&amp;K und PHLU<\/td><\/tr><\/tbody><\/table><figcaption class=\"wp-element-caption\">Je nach Ausstellung k\u00f6nnen die Preise va\u00adri\u00adie\u00adren.<\/figcaption><\/figure>\n\n\n\n<div style=\"height:20px\" aria-hidden=\"true\" class=\"wp-block-spacer\"><\/div>\n\n\n\n<div class=\"wp-block-buttons is-content-justification-center is-layout-flex wp-container-core-buttons-is-layout-a89b3969 wp-block-buttons-is-layout-flex\">\n<div class=\"wp-block-button\"><a class=\"wp-block-button__link wp-element-button\" href=\"https:\/\/shop.kunstmuseumluzern.ch\/\">Tickets kaufen<\/a><\/div>\n<\/div>\n<\/div><\/div>\n\n\n\n<div class=\"wp-block-pb-accordion-item c-accordion__item js-accordion-item no-js\" data-initially-open=\"false\" data-click-to-close=\"true\" data-auto-close=\"true\" data-scroll=\"true\" data-scroll-offset=\"300\" id=\"anreise\"><h2 id=\"at-1218843\" class=\"c-accordion__title js-accordion-controller\" role=\"button\" id=\"anreise\">Anreise<\/h2><div id=\"ac-1218843\" class=\"c-accordion__content\">\n<div class=\"wp-block-buttons is-content-justification-center is-layout-flex wp-container-core-buttons-is-layout-a89b3969 wp-block-buttons-is-layout-flex\">\n<div class=\"wp-block-button\"><a class=\"wp-block-button__link wp-element-button\" href=\"https:\/\/maps.app.goo.gl\/aBQn7YzRrYaAdPEf7\" target=\"_blank\" rel=\"noreferrer noopener\">Google Maps<\/a><\/div>\n\n\n\n<div class=\"wp-block-button is-style-download\"><a class=\"wp-block-button__link wp-element-button\" href=\"https:\/\/www.kunstmuseumluzern.ch\/wp-content\/uploads\/2018\/06\/kunstmuseum-luzern-map.pdf\" target=\"_blank\" rel=\"noreferrer noopener\">Lageplan<\/a><\/div>\n<\/div>\n<\/div><\/div>\n<\/div>\n\n\n\n<div class=\"wp-block-column is-layout-flow wp-block-column-is-layout-flow\">\n<div class=\"wp-block-columns is-layout-flex wp-container-core-columns-is-layout-28f84493 wp-block-columns-is-layout-flex\">\n<div class=\"wp-block-column is-layout-flow wp-block-column-is-layout-flow\" style=\"flex-basis:100%\">\n<div class=\"wp-block-pb-accordion-item c-accordion__item js-accordion-item no-js\" data-initially-open=\"false\" data-click-to-close=\"true\" data-auto-close=\"true\" data-scroll=\"true\" data-scroll-offset=\"400\" id=\"oeffnungszeiten\"><h2 id=\"at-1218844\" class=\"c-accordion__title js-accordion-controller\" role=\"button\" id=\"oeffnungszeiten\">\u00d6ffnungszeiten<\/h2><div id=\"ac-1218844\" class=\"c-accordion__content\">\n<figure class=\"wp-block-table\"><table><tbody><tr><td>Montag<\/td><td>geschlossen<\/td><\/tr><tr><td>Dienstag<\/td><td>11\u201318 Uhr<\/td><\/tr><tr><td>Mittwoch<\/td><td>11\u201319 Uhr<\/td><\/tr><tr><td>Donnerstag<\/td><td>11\u201318 Uhr<\/td><\/tr><tr><td>Freitag<\/td><td>11\u201318 Uhr<\/td><\/tr><tr><td>Samstag<\/td><td>11\u201318 Uhr<\/td><\/tr><tr><td>Sonntag<\/td><td>11\u201318 Uhr<\/td><\/tr><\/tbody><\/table><\/figure>\n<\/div><\/div>\n<\/div>\n<\/div>\n\n\n\n<div class=\"wp-block-pb-accordion-item c-accordion__item js-accordion-item no-js\" data-initially-open=\"false\" data-click-to-close=\"true\" data-auto-close=\"true\" data-scroll=\"false\" data-scroll-offset=\"0\"><h2 id=\"at-1218845\" class=\"c-accordion__title js-accordion-controller\" role=\"button\" id=\"feiertage\">Feiertage<\/h2><div id=\"ac-1218845\" class=\"c-accordion__content\">\n<div class=\"wp-block-columns is-layout-flex wp-container-core-columns-is-layout-28f84493 wp-block-columns-is-layout-flex\">\n<div class=\"wp-block-column is-layout-flow wp-block-column-is-layout-flow\" style=\"flex-basis:100%\">\n<figure class=\"wp-block-table\"><table><tbody><tr><td>Karfreitag (03.04.)<br>Ostersonntag (05.04.)<br>Auffahrt (14.05.)<br>Pfingstsonntag (24.05.)<br>Fronleichnam (04.06.)<br>Nationalfeiertag (01.08.)<br>Maria Himmelfahrt [15.08.]<br>St. Leodegar (02.10.)<br>Allerheiligen (01.11.)<br>Stephanstag (26.12.)<br>Neujahr (01.01.2027)<\/td><td>ge\u00f6ffnet 11\u201318 Uhr<\/td><\/tr><tr><td>Ostermontag (06.04.)<br>Pfingstmontag (25.05.)<br>Maria Empf\u00e4ngnis (08.12.)<br>Heiligabend (24.12.)<br>Weihnachten (25.12.)<br>Silvester (31.12.)<\/td><td>geschlossen<\/td><\/tr><\/tbody><\/table><\/figure>\n<\/div>\n<\/div>\n<\/div><\/div>\n\n\n\n<div class=\"wp-block-pb-accordion-item c-accordion__item js-accordion-item no-js\" data-initially-open=\"false\" data-click-to-close=\"true\" data-auto-close=\"true\" data-scroll=\"false\" data-scroll-offset=\"0\"><h2 id=\"at-1218846\" class=\"c-accordion__title js-accordion-controller\" role=\"button\" id=\"fotografieren-und-filmen\">Fotografieren und Filmen<\/h2><div id=\"ac-1218846\" class=\"c-accordion__content\">\n<p>Sie d\u00fcrfen f\u00fcr sich pers\u00f6nlich fotografieren und filmen. Mit dem Mobiltelefon oder einer kleinen, digitalen Kamera. Ausnahmen sind im Ausstellungsraum gekennzeichnet.<\/p>\n\n\n\n<p>Blitzlicht, Stative und Selfie-Sticks sind nicht erlaubt.<\/p>\n\n\n\n<p>Professionelle Aufnahmen m\u00fcssen vorher bewilligt werden.<\/p>\n<\/div><\/div>\n\n\n\n<div class=\"wp-block-pb-accordion-item c-accordion__item js-accordion-item no-js\" data-initially-open=\"false\" data-click-to-close=\"true\" data-auto-close=\"true\" data-scroll=\"false\" data-scroll-offset=\"0\"><h2 id=\"at-1218847\" class=\"c-accordion__title js-accordion-controller\" role=\"button\" id=\"foto-und-filmverwendung-an-vernissagen\">Foto- und Filmverwendung an Vernissagen<\/h2><div id=\"ac-1218847\" class=\"c-accordion__content\">\n<p>Wir machen Fotos und Filme von unseren Vernissagen.<\/p>\n\n\n\n<p>Diese Fotos und Filme ver\u00f6ffentlichen wir auf dem Instagram- und Facebook-Profil vom Kunstmuseum Luzern.<\/p>\n<\/div><\/div>\n<\/div>\n<\/div>\n\n\n\n<div style=\"height:60px\" aria-hidden=\"true\" class=\"wp-block-spacer\"><\/div>\n\n\n\n<div class=\"wp-block-columns is-layout-flex wp-container-core-columns-is-layout-28f84493 wp-block-columns-is-layout-flex\">\n<div class=\"wp-block-column is-layout-flow wp-block-column-is-layout-flow\"><\/div>\n\n\n\n<div class=\"wp-block-column is-layout-flow wp-block-column-is-layout-flow\">\n<div class=\"wp-block-buttons is-content-justification-center is-layout-flex wp-container-core-buttons-is-layout-a89b3969 wp-block-buttons-is-layout-flex\">\n<div class=\"wp-block-button is-style-download\"><a class=\"wp-block-button__link wp-element-button\" href=\"https:\/\/www.kunstmuseumluzern.ch\/wp-content\/uploads\/2023\/04\/anleitung-museumsbesuch-de-2025.pdf\" target=\"_blank\" rel=\"noreferrer noopener\">Hausordnung<\/a><\/div>\n<\/div>\n<\/div>\n\n\n\n<div class=\"wp-block-column is-layout-flow wp-block-column-is-layout-flow\"><\/div>\n<\/div>\n\n\n\n<div style=\"height:120px\" aria-hidden=\"true\" class=\"wp-block-spacer\"><\/div>\n\n\n\n<div class=\"wp-block-nav-links alignwide\">\n\n    <div class=\"wp-block-nav-links__link-wrapper\">\n  \n        <a class=\"wp-block-nav-links__link\" href=\"https:\/\/www.kunstmuseumluzern.ch\/de-es\/besuch\/agenda\/\" target=\"_self\">Agenda<\/a>\n    \n  \n        <a class=\"wp-block-nav-links__link\" href=\"https:\/\/www.kunstmuseumluzern.ch\/de-es\/besuch\/barrierefreiheit\/\" target=\"_self\">Barrierefreiheit<\/a>\n    \n  \n        <a class=\"wp-block-nav-links__link\" href=\"https:\/\/www.kunstmuseumluzern.ch\/de-es\/besuch\/cafe\/\" target=\"_self\">Caf\u00e9<\/a>\n    \n  \n        <a class=\"wp-block-nav-links__link\" href=\"https:\/\/shop.kunstmuseumluzern.ch\/\" target=\"_self\">Shop<\/a>\n    \n    <\/div>\n  \n<\/div>\n\n\n<div class=\"wp-block-nav-links alignwide\">\n\n      <div class=\"wp-block-nav-links__title\">Aktuelle Austellungen<\/div>\n\n  <div class=\"wp-block-nav-links__link-wrapper\">\n  \n        <a class=\"wp-block-nav-links__link\" href=\"https:\/\/www.kunstmuseumluzern.ch\/de-es\/exhibitions\/maria-pininska-beres\/\">Maria Pininska-Beres<\/a>\n    \n  \n        <a class=\"wp-block-nav-links__link\" href=\"https:\/\/www.kunstmuseumluzern.ch\/de-es\/exhibitions\/1-raum-1-werk\/\">1 Raum, 1 Werk<\/a>\n    \n  \n        <a class=\"wp-block-nav-links__link\" href=\"https:\/\/www.kunstmuseumluzern.ch\/de-es\/exhibitions\/brian-dawn-chalkley\/\">Brian Dawn Chalkley<\/a>\n    \n    <\/div>\n  \n<\/div>","protected":false},"excerpt":{"rendered":"","protected":false},"author":14,"featured_media":0,"parent":123215,"menu_order":1,"comment_status":"closed","ping_status":"closed","template":"","meta":{"_acf_changed":false,"_seopress_robots_primary_cat":"","_seopress_titles_title":"Informationen | KUNSTMUSEUM LUZERN","_seopress_titles_desc":"Informationen zu Anreise, \u00d6ffnungszeiten und Preise. Besuchen Sie das Kunstmuseum Luzern f\u00fcr eine unvergessliches Kunsterlebnis.","_seopress_robots_index":"","inline_featured_image":false,"ghostkit_customizer_options":"","ghostkit_custom_css":"","ghostkit_custom_js_head":"","ghostkit_custom_js_foot":"","ghostkit_typography":"","footnotes":""},"tags":[],"class_list":["post-121884","page","type-page","status-publish","hentry"],"acf":[],"_links":{"self":[{"href":"https:\/\/www.kunstmuseumluzern.ch\/de-es\/wp-json\/wp\/v2\/pages\/121884","targetHints":{"allow":["GET"]}}],"collection":[{"href":"https:\/\/www.kunstmuseumluzern.ch\/de-es\/wp-json\/wp\/v2\/pages"}],"about":[{"href":"https:\/\/www.kunstmuseumluzern.ch\/de-es\/wp-json\/wp\/v2\/types\/page"}],"author":[{"embeddable":true,"href":"https:\/\/www.kunstmuseumluzern.ch\/de-es\/wp-json\/wp\/v2\/users\/14"}],"replies":[{"embeddable":true,"href":"https:\/\/www.kunstmuseumluzern.ch\/de-es\/wp-json\/wp\/v2\/comments?post=121884"}],"version-history":[{"count":38,"href":"https:\/\/www.kunstmuseumluzern.ch\/de-es\/wp-json\/wp\/v2\/pages\/121884\/revisions"}],"predecessor-version":[{"id":222053,"href":"https:\/\/www.kunstmuseumluzern.ch\/de-es\/wp-json\/wp\/v2\/pages\/121884\/revisions\/222053"}],"up":[{"embeddable":true,"href":"https:\/\/www.kunstmuseumluzern.ch\/de-es\/wp-json\/wp\/v2\/pages\/123215"}],"wp:attachment":[{"href":"https:\/\/www.kunstmuseumluzern.ch\/de-es\/wp-json\/wp\/v2\/media?parent=121884"}],"wp:term":[{"taxonomy":"post_tag","embeddable":true,"href":"https:\/\/www.kunstmuseumluzern.ch\/de-es\/wp-json\/wp\/v2\/tags?post=121884"}],"curies":[{"name":"wp","href":"https:\/\/api.w.org\/{rel}","templated":true}]}}