{"id":124172,"date":"2023-11-09T10:22:50","date_gmt":"2023-11-09T09:22:50","guid":{"rendered":"https:\/\/www.kunstmuseumluzern.ch\/vermittlung\/schulen\/"},"modified":"2024-10-17T14:56:59","modified_gmt":"2024-10-17T12:56:59","slug":"schulen","status":"publish","type":"page","link":"https:\/\/www.kunstmuseumluzern.ch\/de-es\/vermittlung\/schulen\/","title":{"rendered":"Schulen"},"content":{"rendered":"\n<div class=\"wp-block-slider alignfull\">\n\n  <div class=\"swiper-container\">\n    <div class=\"swiper-wrapper\">\n\n      \n            <div class=\"swiper-slide\" data-index=\"0\">\n                <div data-caption=\"\">          <img decoding=\"async\" width=\"1867\" height=\"1400\" src=\"https:\/\/www.kunstmuseumluzern.ch\/wp-content\/uploads\/2024\/02\/kv-schulen-1400px-01.jpg\" class=\"attachment-gallery_image size-gallery_image\" alt=\"\" srcset=\"https:\/\/www.kunstmuseumluzern.ch\/wp-content\/uploads\/2024\/02\/kv-schulen-1400px-01.jpg 1867w, https:&#47;&#x2f;&#119;&#x77;w&#x2e;k&#117;&#x6e;&#115;&#x74;&#109;&#x75;s&#x65;u&#109;&#x6c;&#117;&#x7a;e&#x72;n&#x2e;&#x63;&#104;&#x2f;&#119;&#x70;-&#x63;o&#110;&#x74;&#101;&#x6e;&#116;&#x2f;u&#x70;l&#111;&#x61;&#100;&#x73;\/&#x32;0&#x32;&#x34;&#47;&#x30;&#50;&#x2f;k&#x76;-&#115;&#x63;&#104;&#x75;&#108;&#x65;n&#x2d;1&#52;&#x30;&#48;&#x70;x&#x2d;0&#x31;&#x2d;&#49;&#x35;&#48;&#x78;1&#x31;2&#64;&#x32;&#120;&#x2e;&#106;&#x70;g 300w, https:\/\/www.kunstmuseumluzern.ch\/wp-content\/uploads\/2024\/02\/kv-schulen-1400px-01-1024x768.jpg 1024w, https:\/\/www.kunstmuseumluzern.ch\/wp-content\/uploads\/2024\/02\/kv-schulen-1400px-01-150x112.jpg 150w, https:\/\/www.kunstmuseumluzern.ch\/wp-content\/uploads\/2024\/02\/kv-schulen-1400px-01-420x315.jpg 420w, https:&#47;&#x2f;w&#x77;w&#46;&#x6b;&#117;&#x6e;s&#116;&#x6d;&#117;&#x73;e&#x75;&#x6d;&#108;&#x75;z&#x65;r&#110;&#x2e;&#99;&#x68;\/&#119;&#x70;&#45;&#x63;o&#110;&#x74;&#101;&#x6e;t&#x2f;&#x75;&#112;&#x6c;o&#x61;d&#115;&#x2f;&#50;&#x30;2&#52;&#x2f;&#48;&#x32;\/&#107;&#x76;&#45;&#x73;c&#x68;u&#108;&#x65;n&#x2d;1&#52;&#x30;&#48;&#x70;x&#45;&#x30;&#49;&#x2d;3&#x30;&#x30;&#120;&#x32;2&#x35;&#64;&#50;&#x78;&#46;&#x6a;p&#103; 600w, https:\/\/www&#46;kunstmuseumluzern&#46;&#99;&#104;&#47;&#119;&#112;&#45;&#99;&#111;&#110;&#116;&#101;&#110;&#116;&#47;&#117;&#112;&#108;&#111;&#97;&#100;&#115;&#47;&#50;&#48;&#50;&#52;&#47;&#48;&#50;&#47;&#107;&#x76;&#x2d;&#x73;&#x63;&#x68;&#x75;&#x6c;&#x65;&#x6e;&#x2d;&#x31;&#x34;&#x30;&#x30;&#x70;&#x78;&#x2d;&#x30;&#x31;&#x2d;&#x34;&#x32;&#x30;&#x78;&#x33;&#x31;&#x35;&#x40;&#x32;&#x78;&#x2e;&#x6a;&#x70;&#x67; 840w\" sizes=\"(max-width: 1867px) 100vw, 1867px\" \/>        <\/div>        \n        \n              <\/div>\n                    <div class=\"swiper-slide\" data-index=\"1\">\n                <div data-caption=\"\">          <img decoding=\"async\" width=\"2100\" height=\"1400\" src=\"https:\/\/www.kunstmuseumluzern.ch\/wp-content\/uploads\/2024\/02\/kv-schulen-1400px-02.jpg\" class=\"attachment-gallery_image size-gallery_image\" alt=\"\" srcset=\"https:\/\/www.kunstmuseumluzern.ch\/wp-content\/uploads\/2024\/02\/kv-schulen-1400px-02.jpg 2100w, https:&#x2f;&#x2f;&#x77;&#119;&#119;&#46;k&#x75;&#x6e;&#x73;&#116;&#109;us&#x65;&#x75;&#x6d;&#108;&#117;ze&#x72;&#x6e;&#x2e;&#99;&#104;\/w&#x70;&#x2d;&#x63;&#111;&#110;te&#x6e;&#x74;&#x2f;&#117;&#112;&#108;o&#x61;&#x64;&#x73;&#x2f;&#50;&#48;2&#x34;&#x2f;&#x30;&#x32;&#47;&#107;v-&#x73;&#x63;&#x68;&#117;&#108;en&#x2d;&#x31;&#x34;&#48;&#48;px&#x2d;&#x30;&#x32;&#45;&#49;50&#x78;&#x31;&#x30;&#48;&#64;2x&#x2e;&#x6a;&#x70;&#103; 300w, https:\/\/www.kunstmuseumluzern.ch\/wp-content\/uploads\/2024\/02\/kv-schulen-1400px-02-1024x683.jpg 1024w, https:\/\/www.kunstmuseumluzern.ch\/wp-content\/uploads\/2024\/02\/kv-schulen-1400px-02-150x100.jpg 150w, https:\/\/www.kunstmuseumluzern.ch\/wp-content\/uploads\/2024\/02\/kv-schulen-1400px-02-420x280.jpg 420w, https:&#x2f;&#x2f;&#x77;&#x77;&#x77;&#x2e;&#x6b;&#x75;&#x6e;&#x73;&#x74;&#x6d;&#x75;&#x73;&#x65;&#x75;&#x6d;&#x6c;&#x75;&#x7a;&#x65;&#x72;&#x6e;&#x2e;&#x63;&#x68;&#x2f;&#x77;&#x70;&#x2d;&#x63;&#x6f;&#x6e;&#x74;&#x65;&#x6e;&#x74;&#x2f;&#x75;&#x70;&#x6c;&#x6f;&#x61;&#x64;&#x73;&#x2f;&#x32;&#x30;&#x32;&#x34;&#x2f;&#x30;&#x32;&#x2f;&#x6b;&#x76;&#x2d;&#x73;&#x63;&#x68;&#x75;&#x6c;&#x65;&#x6e;&#x2d;&#x31;&#x34;&#x30;&#x30;&#x70;&#x78;&#x2d;&#x30;&#x32;&#x2d;&#x33;&#x30;&#x30;&#x78;&#x32;&#x30;&#x30;&#x40;&#x32;&#x78;&#x2e;&#x6a;&#x70;&#x67; 600w, https:\/\/&#119;&#119;&#119;&#46;&#x6b;&#x75;&#x6e;&#x73;&#x74;mu&#115;&#101;&#117;&#109;&#x6c;&#x75;&#x7a;&#x65;&#x72;n&#46;&#99;&#104;&#47;&#119;&#x70;&#x2d;&#x63;&#x6f;&#x6e;ten&#116;&#47;&#117;&#x70;&#x6c;&#x6f;&#x61;&#x64;s\/2&#48;&#50;&#52;&#x2f;&#x30;&#x32;&#x2f;&#x6b;v-s&#99;&#104;&#117;&#x6c;&#x65;&#x6e;&#x2d;&#x31;400&#112;&#120;&#45;&#x30;&#x32;&#x2d;&#x31;&#x30;24x&#54;&#56;&#51;&#x40;&#x32;&#x78;&#x2e;&#x6a;pg 2048w, https:\/\/&#119;&#119;&#119;&#x2e;&#x6b;&#x75;&#x6e;&#x73;tm&#117;&#115;&#101;&#x75;&#x6d;&#x6c;&#x75;&#x7a;er&#110;&#46;&#99;&#x68;&#x2f;&#x77;&#x70;&#x2d;co&#110;&#116;&#101;&#x6e;&#x74;&#x2f;&#x75;&#x70;lo&#97;&#100;&#115;&#x2f;&#x32;&#x30;&#x32;&#x34;\/0&#50;&#47;&#107;&#x76;&#x2d;&#x73;&#x63;&#x68;ul&#101;&#110;&#45;&#x31;&#x34;&#x30;&#x30;&#x70;x-&#48;&#50;&#45;&#x34;&#x32;&#x30;&#x78;&#x32;80&#64;&#50;&#120;&#x2e;&#x6a;&#x70;&#x67; 840w\" sizes=\"(max-width: 2100px) 100vw, 2100px\" \/>        <\/div>        \n        \n              <\/div>\n                    <div class=\"swiper-slide\" data-index=\"2\">\n                <div data-caption=\"\">          <img decoding=\"async\" width=\"2100\" height=\"1400\" src=\"https:\/\/www.kunstmuseumluzern.ch\/wp-content\/uploads\/2024\/02\/kv-schulen-1400px-04.jpg\" class=\"attachment-gallery_image size-gallery_image\" alt=\"\" srcset=\"https:\/\/www.kunstmuseumluzern.ch\/wp-content\/uploads\/2024\/02\/kv-schulen-1400px-04.jpg 2100w, https:\/&#47;&#119;&#x77;&#x77;&#46;&#107;&#117;&#x6e;&#x73;&#x74;m&#117;&#115;&#x65;&#x75;ml&#117;&#x7a;&#x65;&#x72;n&#46;&#99;&#x68;&#x2f;wp&#45;&#x63;&#x6f;&#x6e;t&#101;&#110;&#x74;&#x2f;up&#108;&#x6f;&#x61;&#x64;s&#47;&#50;&#x30;&#x32;&#x34;\/&#48;&#50;&#x2f;&#x6b;v&#45;&#115;&#x63;&#x68;&#x75;l&#101;&#110;&#x2d;&#x31;40&#48;&#x70;&#x78;&#x2d;0&#52;&#45;&#x31;&#x35;0x&#49;&#x30;&#x30;&#x40;2&#120;&#46;&#x6a;&#x70;g 300w, https:\/\/www.kunstmuseumluzern.ch\/wp-content\/uploads\/2024\/02\/kv-schulen-1400px-04-1024x683.jpg 1024w, https:\/\/www.kunstmuseumluzern.ch\/wp-content\/uploads\/2024\/02\/kv-schulen-1400px-04-150x100.jpg 150w, https:\/\/www.kunstmuseumluzern.ch\/wp-content\/uploads\/2024\/02\/kv-schulen-1400px-04-420x280.jpg 420w, https:&#x2f;&#x2f;&#x77;&#x77;&#x77;&#x2e;&#x6b;&#x75;&#x6e;&#x73;&#x74;&#x6d;&#x75;&#x73;&#x65;&#x75;&#x6d;&#x6c;&#x75;&#x7a;&#x65;&#x72;&#x6e;&#x2e;&#x63;&#x68;&#x2f;&#x77;&#x70;&#x2d;&#x63;&#x6f;&#x6e;&#x74;&#x65;&#x6e;&#x74;&#x2f;&#x75;&#x70;&#x6c;&#x6f;&#x61;&#x64;&#115;&#47;&#50;&#48;&#50;&#52;&#47;&#48;&#50;&#47;&#107;&#118;&#45;&#115;&#99;&#104;&#117;&#108;&#101;&#110;&#45;&#49;&#52;&#48;&#48;&#112;&#120;&#45;&#48;&#52;&#45;300x200&#64;2x&#46;jpg 600w, https:&#x2f;&#47;&#x77;&#x77;&#119;&#x2e;&#x6b;&#117;&#x6e;&#x73;&#116;&#x6d;&#x75;s&#x65;&#x75;m&#x6c;&#117;z&#x65;&#114;n&#x2e;&#99;h&#x2f;&#119;p&#x2d;&#99;o&#x6e;&#116;e&#x6e;&#116;\/&#x75;&#112;l&#x6f;&#97;d&#x73;&#47;2&#x30;&#50;&#x34;&#x2f;&#48;&#x32;&#x2f;&#107;&#x76;&#x2d;&#115;&#x63;&#x68;&#117;&#x6c;&#x65;n&#x2d;&#x31;4&#x30;&#48;p&#x78;&#45;0&#x34;&#45;1&#x30;&#50;4&#x78;&#54;8&#x33;&#64;2&#x78;&#46;j&#x70;&#103; 2048w, https:\/&#47;&#x77;&#x77;&#x77;&#46;&#107;&#117;&#x6e;&#x73;t&#109;&#117;&#x73;&#x65;um&#108;&#x75;&#x7a;&#x65;r&#110;&#x2e;&#x63;&#x68;\/&#119;&#112;&#x2d;&#x63;o&#110;&#116;&#x65;&#x6e;t\/&#117;&#x70;&#x6c;&#x6f;a&#100;&#115;&#x2f;&#x32;0&#50;&#52;&#x2f;&#x30;2&#47;&#107;&#x76;&#x2d;sc&#104;&#x75;&#x6c;&#x65;n&#45;&#49;&#x34;&#x30;0&#112;&#120;&#x2d;&#x30;4&#45;&#52;&#x32;&#x30;x2&#56;&#x30;&#x40;&#x32;x&#46;&#106;&#x70;&#x67; 840w\" sizes=\"(max-width: 2100px) 100vw, 2100px\" \/>        <\/div>        \n        \n              <\/div>\n                    <div class=\"swiper-slide\" data-index=\"3\">\n                <div data-caption=\"\">          <img decoding=\"async\" width=\"1867\" height=\"1400\" src=\"https:\/\/www.kunstmuseumluzern.ch\/wp-content\/uploads\/2024\/02\/kv-schulen-1400px-05.jpg\" class=\"attachment-gallery_image size-gallery_image\" alt=\"\" srcset=\"https:\/\/www.kunstmuseumluzern.ch\/wp-content\/uploads\/2024\/02\/kv-schulen-1400px-05.jpg 1867w, https:\/\/www&#46;kunstm&#117;&#115;&#101;&#117;&#109;&#108;&#117;&#122;&#101;&#114;&#110;&#46;&#99;&#104;&#47;&#x77;&#x70;&#x2d;&#x63;&#x6f;&#x6e;&#x74;&#x65;&#x6e;&#x74;&#x2f;&#x75;&#x70;&#x6c;&#x6f;&#x61;&#x64;&#x73;&#x2f;&#x32;&#x30;&#x32;&#x34;\/02\/kv-schul&#101;&#110;&#45;&#49;&#52;&#48;&#48;&#112;&#120;&#45;&#48;&#53;&#45;&#49;&#53;&#x30;&#x78;&#x31;&#x31;&#x32;&#x40;&#x32;&#x78;&#x2e;&#x6a;&#x70;&#x67; 300w, https:\/\/www.kunstmuseumluzern.ch\/wp-content\/uploads\/2024\/02\/kv-schulen-1400px-05-1024x768.jpg 1024w, https:\/\/www.kunstmuseumluzern.ch\/wp-content\/uploads\/2024\/02\/kv-schulen-1400px-05-150x112.jpg 150w, https:\/\/www.kunstmuseumluzern.ch\/wp-content\/uploads\/2024\/02\/kv-schulen-1400px-05-420x315.jpg 420w, https:&#x2f;&#x2f;&#119;w&#x77;&#x2e;&#107;&#117;n&#x73;&#x74;&#109;&#117;s&#x65;&#x75;&#109;lu&#x7a;&#x65;&#114;n&#x2e;&#x63;&#104;&#47;w&#x70;&#x2d;&#99;&#111;n&#x74;&#x65;&#110;t\/&#x75;&#x70;&#108;o&#x61;&#x64;&#115;&#47;2&#x30;&#x32;&#52;&#47;0&#x32;&#x2f;&#107;v-&#x73;&#x63;&#104;u&#x6c;&#x65;&#x6e;&#45;1&#x34;&#x30;&#48;&#112;x&#x2d;&#x30;&#53;&#45;3&#x30;&#x30;&#120;2&#x32;&#x35;&#x40;&#50;x&#x2e;&#x6a;&#112;&#103; 600w, https:&#x2f;\/&#x77;&#119;&#x77;&#46;k&#x75;n&#x73;&#116;&#x6d;&#117;s&#x65;&#117;&#x6d;&#108;u&#x7a;e&#x72;&#110;&#x2e;&#99;h&#x2f;w&#x70;&#45;&#x63;&#x6f;n&#x74;&#101;&#x6e;&#116;\/&#x75;p&#x6c;&#111;&#x61;&#100;s&#x2f;&#50;&#x30;&#50;&#x34;&#x2f;0&#x32;&#47;&#x6b;&#118;-&#x73;c&#x68;&#117;&#x6c;&#101;n&#x2d;&#49;&#x34;&#48;0&#x70;x&#x2d;&#48;&#x35;&#45;4&#x32;0&#x78;&#51;&#x31;&#x35;&#64;&#x32;&#120;&#x2e;&#106;p&#x67; 840w\" sizes=\"(max-width: 1867px) 100vw, 1867px\" \/>        <\/div>        \n        \n              <\/div>\n                    <div class=\"swiper-slide\" data-index=\"4\">\n                <div data-caption=\"\">          <img decoding=\"async\" width=\"1945\" height=\"1400\" src=\"https:\/\/www.kunstmuseumluzern.ch\/wp-content\/uploads\/2024\/02\/kv-hochschulen-1400px-01.jpg\" class=\"attachment-gallery_image size-gallery_image\" alt=\"\" srcset=\"https:\/\/www.kunstmuseumluzern.ch\/wp-content\/uploads\/2024\/02\/kv-hochschulen-1400px-01.jpg 1945w, https:&#x2f;&#x2f;&#x77;&#119;&#119;&#46;k&#x75;&#x6e;&#x73;&#116;&#109;us&#x65;&#x75;&#x6d;&#108;&#117;ze&#x72;&#x6e;&#x2e;&#99;&#104;\/w&#x70;&#x2d;&#x63;&#111;&#110;te&#x6e;&#x74;&#x2f;&#117;&#112;&#108;o&#x61;&#x64;&#x73;&#x2f;&#50;&#48;2&#x34;&#x2f;&#x30;&#x32;&#47;&#107;v-&#x68;&#x6f;&#x63;&#104;&#115;ch&#x75;&#x6c;&#x65;&#110;&#45;14&#x30;&#x30;&#x70;&#120;&#45;01&#x2d;&#x31;&#x35;&#48;&#120;10&#x38;&#x40;&#x32;&#120;&#46;&#106;p&#x67; 300w, https:\/\/www.kunstmuseumluzern.ch\/wp-content\/uploads\/2024\/02\/kv-hochschulen-1400px-01-1024x737.jpg 1024w, https:\/\/www.kunstmuseumluzern.ch\/wp-content\/uploads\/2024\/02\/kv-hochschulen-1400px-01-150x108.jpg 150w, https:\/\/www.kunstmuseumluzern.ch\/wp-content\/uploads\/2024\/02\/kv-hochschulen-1400px-01-420x302.jpg 420w, https:&#x2f;&#47;&#119;w&#x77;&#x2e;&#107;u&#x6e;&#x73;&#116;mu&#x73;&#101;&#117;m&#x6c;&#x75;&#122;e&#x72;&#x6e;&#46;&#99;h&#x2f;&#x77;&#112;-&#x63;&#x6f;&#110;t&#x65;&#x6e;&#116;&#47;u&#x70;&#x6c;&#111;a&#x64;&#x73;&#47;2&#x30;&#x32;&#52;&#47;0&#x32;&#x2f;&#107;v&#x2d;&#x68;&#111;c&#x68;&#x73;&#99;&#104;u&#x6c;&#x65;&#110;-&#x31;&#x34;&#48;0&#x70;&#x78;&#45;&#48;1&#x2d;&#x33;&#48;0&#x78;&#x32;&#49;6&#x40;&#x32;&#120;&#46;j&#x70;&#x67; 600w, https:&#47;&#x2f;&#119;&#x77;&#119;&#x2e;k&#x75;n&#115;&#x74;&#109;&#x75;&#115;&#x65;u&#x6d;l&#117;&#x7a;&#101;&#x72;&#110;&#x2e;&#99;&#x68;\/&#x77;p&#45;&#x63;&#111;&#x6e;&#116;&#x65;n&#x74;\/&#117;&#x70;&#108;&#x6f;&#97;&#x64;&#115;&#x2f;2&#x30;2&#52;&#x2f;&#48;&#x32;&#47;&#x6b;v&#x2d;h&#111;&#x63;&#104;&#x73;&#99;&#x68;&#117;&#x6c;e&#x6e;-&#49;&#x34;&#48;&#x30;&#112;&#x78;-&#x30;1&#45;&#x34;&#50;&#x30;&#120;&#x33;&#48;&#x32;&#64;&#x32;x&#46;&#x6a;&#112;&#x67; 840w\" sizes=\"(max-width: 1945px) 100vw, 1945px\" \/>        <\/div>        \n        \n              <\/div>\n                    <div class=\"swiper-slide\" data-index=\"5\">\n                <div data-caption=\"\">          <img decoding=\"async\" width=\"1867\" height=\"1400\" src=\"https:\/\/www.kunstmuseumluzern.ch\/wp-content\/uploads\/2024\/02\/kv-schulen-1400px-06.jpg\" class=\"attachment-gallery_image size-gallery_image\" alt=\"\" srcset=\"https:\/\/www.kunstmuseumluzern.ch\/wp-content\/uploads\/2024\/02\/kv-schulen-1400px-06.jpg 1867w, https:&#47;&#x2f;&#x77;&#119;&#x77;&#x2e;&#107;&#x75;&#x6e;&#115;&#x74;&#x6d;&#117;&#x73;&#x65;&#117;&#x6d;&#x6c;&#117;&#x7a;&#x65;&#114;&#x6e;&#x2e;&#99;&#x68;&#x2f;w&#x70;&#x2d;c&#x6f;&#x6e;t&#101;&#x6e;t&#47;&#x75;p&#108;&#x6f;a&#100;&#x73;\/&#50;&#x30;2&#52;&#x2f;0&#50;&#x2f;k&#118;&#x2d;s&#99;&#x68;u&#108;&#x65;n&#45;&#x31;4&#48;&#x30;p&#120;&#x2d;0&#54;&#x2d;1&#53;&#x30;x&#49;&#x31;2&#64;&#x32;x&#46;&#x6a;p&#103; 300w, https:\/\/www.kunstmuseumluzern.ch\/wp-content\/uploads\/2024\/02\/kv-schulen-1400px-06-1024x768.jpg 1024w, https:\/\/www.kunstmuseumluzern.ch\/wp-content\/uploads\/2024\/02\/kv-schulen-1400px-06-150x112.jpg 150w, https:\/\/www.kunstmuseumluzern.ch\/wp-content\/uploads\/2024\/02\/kv-schulen-1400px-06-420x315.jpg 420w, https:&#x2f;&#47;w&#x77;&#119;&#46;&#x6b;&#x75;&#110;&#x73;&#x74;&#109;u&#x73;&#101;u&#x6d;&#x6c;&#117;&#x7a;&#x65;&#114;n&#x2e;&#99;h&#x2f;&#x77;&#112;&#x2d;&#x63;&#111;n&#x74;&#101;n&#x74;&#x2f;&#117;&#x70;&#x6c;&#111;a&#x64;&#115;\/&#x32;&#x30;&#50;&#x34;&#x2f;&#48;2&#x2f;&#107;v&#x2d;&#x73;&#99;&#x68;&#x75;&#108;e&#x6e;&#45;1&#x34;&#x30;&#48;&#x70;&#x78;&#45;0&#x36;&#45;3&#x30;&#x30;&#120;&#x32;&#x32;&#53;&#64;&#x32;&#120;&#46;&#x6a;&#x70;&#103; 600w, https:&#47;&#x2f;&#119;&#x77;&#119;&#x2e;&#107;&#x75;&#110;&#x73;&#116;&#x6d;&#117;&#x73;&#101;&#x75;&#109;&#x6c;&#117;&#x7a;&#101;&#x72;&#110;&#x2e;&#99;&#x68;\/&#x77;p&#x2d;c&#x6f;n&#x74;e&#x6e;t&#x2f;u&#x70;l&#x6f;a&#x64;s&#47;2&#48;2&#52;&#x2f;&#48;&#x32;&#47;&#x6b;&#118;&#x2d;&#115;&#x63;&#104;&#x75;&#108;&#x65;&#110;&#x2d;&#49;&#x34;&#48;&#x30;&#112;&#x78;&#45;&#x30;&#54;&#x2d;4&#x32;0&#x78;3&#x31;5&#x40;2&#x78;&#46;&#x6a;p&#x67; 840w\" sizes=\"(max-width: 1867px) 100vw, 1867px\" \/>        <\/div>        \n        \n              <\/div>\n              \n    <\/div>\n\n    <div class=\"swiper-button-prev\"><\/div>\n    <div class=\"swiper-button-next\"><\/div>\n    <div class=\"swiper-pagination\"><\/div>\n    <div class=\"swiper-caption\"><\/div>\n  <\/div>\n\n<\/div>\n\n\n\n<div style=\"height:60px\" aria-hidden=\"true\" class=\"wp-block-spacer\"><\/div>\n\n\n\n<p>Im Kunstmuseum Luzern sind alle Schulen und Klassen willkommen. Unsere Angebote sind f\u00fcr alle Stufen:<\/p>\n\n\n\n<ul class=\"wp-block-list\">\n<li>Kita<\/li>\n\n\n\n<li>Grundschule<\/li>\n\n\n\n<li>Sekundarschule<\/li>\n\n\n\n<li>Gymnasium<\/li>\n\n\n\n<li>Berufsschule<\/li>\n<\/ul>\n\n\n\n<p>Wir f\u00f6rdern die Sch\u00fcler:innen und gehen auf ihre W\u00fcnsche ein. Gruppen mit besonderen Bed\u00fcrfnissen sind auch willkommen.<\/p>\n\n\n\n<p>Unsere Angebote sind auf Deutsch und f\u00fcr verschiedene Deutsch-Niveaus geeignet. Sie finden <a href=\"https:\/\/www.kunstmuseumluzern.ch\/vermittlung\/schulen\/\">hier<\/a> weitere Informationen zu den Angeboten.<\/p>\n\n\n\n<p>Bitte melden Sie Ihre Klasse per <a href=\"&#109;&#x61;&#105;&#x6c;&#116;&#x6f;&#58;&#x6b;u&#x6e;s&#x74;v&#x65;r&#109;&#x69;&#116;&#x74;&#108;&#x75;&#110;&#x67;&#64;&#x6b;u&#x6e;s&#x74;m&#x75;s&#101;&#x75;&#109;&#x6c;&#117;&#x7a;&#101;&#x72;&#110;&#x2e;c&#x68;\">E-Mail<\/a> an, auch wenn Sie keine F\u00fchrung w\u00fcnschen.<\/p>\n\n\n\n<div class=\"wp-block-columns is-layout-flex wp-container-core-columns-is-layout-28f84493 wp-block-columns-is-layout-flex\">\n<div class=\"wp-block-column is-layout-flow wp-block-column-is-layout-flow\">\n<div class=\"wp-block-columns is-layout-flex wp-container-core-columns-is-layout-28f84493 wp-block-columns-is-layout-flex\">\n<div class=\"wp-block-column is-layout-flow wp-block-column-is-layout-flow\">\n<p class=\"has-simplon-bp-font-family has-small-font-size\">Die Projekte der Kunstvermittlung werden unterst\u00fctzt von<strong> Albert Koechlin Stiftung, B. Braun Medical AG, Josef M\u00fcller Stiftung<\/strong>.<\/p>\n<\/div>\n\n\n\n<div class=\"wp-block-column is-layout-flow wp-block-column-is-layout-flow\"><\/div>\n<\/div>\n<\/div>\n<\/div>\n\n\n\n<div style=\"height:120px\" aria-hidden=\"true\" class=\"wp-block-spacer\"><\/div>\n\n\n\n<h2 class=\"wp-block-heading has-text-align-center\" id=\"weitere-informationen\" id=\"weitere-informationen\">Weitere Informationen<\/h2>\n\n\n\n<div class=\"wp-block-columns alignwide no-gap is-layout-flex wp-container-core-columns-is-layout-28f84493 wp-block-columns-is-layout-flex\">\n<div class=\"wp-block-column is-layout-flow wp-block-column-is-layout-flow\">\n<div class=\"wp-block-pb-accordion-item c-accordion__item js-accordion-item no-js is-open\" data-initially-open=\"true\" data-click-to-close=\"true\" data-auto-close=\"true\" data-scroll=\"false\" data-scroll-offset=\"0\"><h2 id=\"at-1241720\" class=\"c-accordion__title js-accordion-controller\" role=\"button\" id=\"kontakt\">Kontakt<\/h2><div id=\"ac-1241720\" class=\"c-accordion__content\">\n<p>+41 41 226 78 18<br><a href=\"m&#97;&#105;&#x6c;&#x74;&#x6f;&#x3a;k&#117;&#110;&#115;&#x74;&#x76;&#x65;rm&#105;&#116;&#x74;&#x6c;&#x75;ng&#64;&#107;&#x75;&#x6e;&#x73;tm&#117;&#115;&#x65;&#x75;&#x6d;lu&#122;&#101;&#x72;&#x6e;&#x2e;ch\" target=\"_blank\" rel=\"noreferrer noopener\">k&#117;&#x6e;&#x73;t&#118;&#101;&#x72;&#x6d;i&#116;&#116;&#x6c;&#x75;n&#103;&#x40;&#x6b;&#x75;n&#115;&#x74;&#x6d;u&#115;&#101;&#x75;&#x6d;l&#117;&#122;&#x65;&#x72;n&#46;&#x63;&#x68;<\/a><\/p>\n<\/div><\/div>\n<\/div>\n\n\n\n<div class=\"wp-block-column is-layout-flow wp-block-column-is-layout-flow\">\n<div class=\"wp-block-pb-accordion-item c-accordion__item js-accordion-item no-js\" data-initially-open=\"false\" data-click-to-close=\"true\" data-auto-close=\"true\" data-scroll=\"false\" data-scroll-offset=\"0\"><h2 id=\"at-1241721\" class=\"c-accordion__title js-accordion-controller\" role=\"button\" id=\"termine\">Termine<\/h2><div id=\"ac-1241721\" class=\"c-accordion__content\">\n<p>Nach Absprache, Dienstag bis Freitag von 9\u201318 Uhr<\/p>\n<\/div><\/div>\n<\/div>\n<\/div>\n\n\n\n<div style=\"height:40px\" aria-hidden=\"true\" class=\"wp-block-spacer\"><\/div>\n\n\n\n<div class=\"wp-block-buttons is-content-justification-center is-layout-flex wp-container-core-buttons-is-layout-a89b3969 wp-block-buttons-is-layout-flex\">\n<div class=\"wp-block-button ghostkit-custom-2wD0Rs\"><a class=\"wp-block-button__link wp-element-button\" href=\"&#109;&#x61;&#x69;l&#116;&#x6f;:&#107;&#x75;n&#115;&#x74;v&#101;&#x72;&#x6d;&#105;&#x74;&#x74;l&#117;&#x6e;g&#64;&#x6b;u&#110;&#x73;&#x74;&#109;&#x75;&#x73;e&#117;&#x6d;l&#117;&#x7a;e&#114;&#x6e;&#46;&#99;&#x68;\">Newsletter Schulen<\/a><\/div>\n<\/div>\n\n\n\n<div style=\"height:40px\" aria-hidden=\"true\" class=\"wp-block-spacer\"><\/div>\n\n\n\n<div class=\"wp-block-buttons is-content-justification-center is-layout-flex wp-container-core-buttons-is-layout-a89b3969 wp-block-buttons-is-layout-flex\">\n<div class=\"wp-block-button is-style-download\"><a class=\"wp-block-button__link wp-element-button\" href=\"https:\/\/www.kunstmuseumluzern.ch\/wp-content\/uploads\/2023\/04\/schulen-im-kunstmuseum-luzern-2025_d.pdf\" target=\"_blank\" rel=\"noreferrer noopener\">Anleitung Besuch Schulen<\/a><\/div>\n<\/div>\n\n\n\n<div style=\"height:120px\" aria-hidden=\"true\" class=\"wp-block-spacer\"><\/div>\n\n\n\n<div class=\"wp-block-nav-links alignwide\">\n\n    <div class=\"wp-block-nav-links__link-wrapper\">\n  \n        <a class=\"wp-block-nav-links__link\" href=\"https:\/\/www.kunstmuseumluzern.ch\/de-es\/vermittlung\/hochschulen\/\" target=\"_self\">Hochschulen<\/a>\n    \n  \n        <a class=\"wp-block-nav-links__link\" href=\"https:\/\/www.kunstmuseumluzern.ch\/de-es\/vermittlung\/kinder-familien\/\" target=\"_self\">Kinder &amp; Familien<\/a>\n    \n  \n        <a class=\"wp-block-nav-links__link\" href=\"https:\/\/www.kunstmuseumluzern.ch\/de-es\/mediathek\/digital\/\" target=\"_self\">Digital<\/a>\n    \n    <\/div>\n  \n<\/div>\n\n\n<div style=\"height:40px\" aria-hidden=\"true\" class=\"wp-block-spacer\"><\/div>\n\n\n\n<div class=\"wp-block-nav-links alignwide\">\n\n      <div class=\"wp-block-nav-links__title\">Aktuelle Ausstellungen<\/div>\n\n  <div class=\"wp-block-nav-links__link-wrapper\">\n  \n        <a class=\"wp-block-nav-links__link\" href=\"https:\/\/www.kunstmuseumluzern.ch\/de-es\/exhibitions\/maria-pininska-beres\/\">Maria Pininska-Beres<\/a>\n    \n  \n        <a class=\"wp-block-nav-links__link\" href=\"https:\/\/www.kunstmuseumluzern.ch\/de-es\/exhibitions\/1-raum-1-werk\/\">1 Raum, 1 Werk<\/a>\n    \n  \n        <a class=\"wp-block-nav-links__link\" href=\"https:\/\/www.kunstmuseumluzern.ch\/de-es\/exhibitions\/brian-dawn-chalkley\/\">Brian Dawn Chalkley<\/a>\n    \n    <\/div>\n  \n<\/div>","protected":false},"excerpt":{"rendered":"<p>Im Kunstmuseum Luzern sind alle Schulen und Klassen willkommen. Unsere Angebote sind f\u00fcr alle Stufen: Wir f\u00f6rdern die Sch\u00fcler:innen und gehen auf ihre W\u00fcnsche ein. Gruppen mit besonderen Bed\u00fcrfnissen sind auch willkommen. Unsere Angebote sind auf Deutsch und f\u00fcr verschiedene Deutsch-Niveaus geeignet. Sie finden hier weitere Informationen zu den Angeboten. Bitte melden Sie Ihre Klasse [&hellip;]<\/p>\n","protected":false},"author":14,"featured_media":0,"parent":124170,"menu_order":0,"comment_status":"closed","ping_status":"closed","template":"","meta":{"_acf_changed":false,"_seopress_robots_primary_cat":"","_seopress_titles_title":"","_seopress_titles_desc":"","_seopress_robots_index":"","inline_featured_image":false,"ghostkit_customizer_options":"","ghostkit_custom_css":"","ghostkit_custom_js_head":"","ghostkit_custom_js_foot":"","ghostkit_typography":"","footnotes":""},"tags":[],"class_list":["post-124172","page","type-page","status-publish","hentry"],"acf":[],"_links":{"self":[{"href":"https:\/\/www.kunstmuseumluzern.ch\/de-es\/wp-json\/wp\/v2\/pages\/124172","targetHints":{"allow":["GET"]}}],"collection":[{"href":"https:\/\/www.kunstmuseumluzern.ch\/de-es\/wp-json\/wp\/v2\/pages"}],"about":[{"href":"https:\/\/www.kunstmuseumluzern.ch\/de-es\/wp-json\/wp\/v2\/types\/page"}],"author":[{"embeddable":true,"href":"https:\/\/www.kunstmuseumluzern.ch\/de-es\/wp-json\/wp\/v2\/users\/14"}],"replies":[{"embeddable":true,"href":"https:\/\/www.kunstmuseumluzern.ch\/de-es\/wp-json\/wp\/v2\/comments?post=124172"}],"version-history":[{"count":10,"href":"https:\/\/www.kunstmuseumluzern.ch\/de-es\/wp-json\/wp\/v2\/pages\/124172\/revisions"}],"predecessor-version":[{"id":126913,"href":"https:\/\/www.kunstmuseumluzern.ch\/de-es\/wp-json\/wp\/v2\/pages\/124172\/revisions\/126913"}],"up":[{"embeddable":true,"href":"https:\/\/www.kunstmuseumluzern.ch\/de-es\/wp-json\/wp\/v2\/pages\/124170"}],"wp:attachment":[{"href":"https:\/\/www.kunstmuseumluzern.ch\/de-es\/wp-json\/wp\/v2\/media?parent=124172"}],"wp:term":[{"taxonomy":"post_tag","embeddable":true,"href":"https:\/\/www.kunstmuseumluzern.ch\/de-es\/wp-json\/wp\/v2\/tags?post=124172"}],"curies":[{"name":"wp","href":"https:\/\/api.w.org\/{rel}","templated":true}]}}