{"id":124178,"date":"2023-11-09T10:23:59","date_gmt":"2023-11-09T09:23:59","guid":{"rendered":"https:\/\/www.kunstmuseumluzern.ch\/vermittlung\/erwachsene\/"},"modified":"2024-10-10T14:28:24","modified_gmt":"2024-10-10T12:28:24","slug":"erwachsene","status":"publish","type":"page","link":"https:\/\/www.kunstmuseumluzern.ch\/de-es\/vermittlung\/erwachsene\/","title":{"rendered":"Erwachsene"},"content":{"rendered":"\n<div class=\"wp-block-slider alignfull\">\n\n  <div class=\"swiper-container\">\n    <div class=\"swiper-wrapper\">\n\n      \n            <div class=\"swiper-slide\" data-index=\"0\">\n                <div data-caption=\"\">          <img decoding=\"async\" width=\"2101\" height=\"1400\" src=\"https:\/\/www.kunstmuseumluzern.ch\/wp-content\/uploads\/2024\/02\/kv-erwachsene-1400px-01-1.jpg\" class=\"attachment-gallery_image size-gallery_image\" alt=\"\" srcset=\"https:\/\/www.kunstmuseumluzern.ch\/wp-content\/uploads\/2024\/02\/kv-erwachsene-1400px-01-1.jpg 2101w, https:\/\/ww&#119;&#46;&#107;&#117;&#110;&#115;&#116;&#x6d;&#x75;&#x73;&#x65;&#x75;&#x6d;&#x6c;&#x75;&#x7a;ern&#46;&#99;&#104;&#47;&#119;&#112;&#45;&#99;&#x6f;&#x6e;&#x74;&#x65;&#x6e;&#x74;&#x2f;&#x75;&#x70;load&#115;&#47;&#50;&#48;&#50;&#52;&#47;&#x30;&#x32;&#x2f;&#x6b;&#x76;&#x2d;&#x65;&#x72;&#x77;achs&#101;&#110;&#101;&#45;&#49;&#52;&#48;&#x30;&#x70;&#x78;&#x2d;&#x30;&#x31;&#x2d;&#x31;&#x2d;150x&#49;&#48;&#48;&#64;&#50;&#120;&#46;&#x6a;&#x70;&#x67; 300w, https:\/\/www.kunstmuseumluzern.ch\/wp-content\/uploads\/2024\/02\/kv-erwachsene-1400px-01-1-1024x682.jpg 1024w, https:\/\/www.kunstmuseumluzern.ch\/wp-content\/uploads\/2024\/02\/kv-erwachsene-1400px-01-1-150x100.jpg 150w, https:\/\/www.kunstmuseumluzern.ch\/wp-content\/uploads\/2024\/02\/kv-erwachsene-1400px-01-1-420x280.jpg 420w, https:\/&#47;&#119;&#119;&#x77;&#x2e;&#x6b;un&#115;&#116;&#x6d;&#x75;&#x73;&#x65;um&#108;&#117;&#x7a;&#x65;&#x72;&#x6e;&#46;&#99;&#104;&#47;&#x77;&#x70;&#x2d;co&#110;&#116;&#101;&#x6e;&#x74;&#x2f;up&#108;&#111;&#x61;&#x64;&#x73;&#x2f;20&#50;&#52;&#x2f;&#x30;&#x32;\/k&#118;&#45;&#101;&#x72;&#x77;&#x61;ch&#115;&#101;&#x6e;&#x65;&#x2d;&#x31;40&#48;&#112;&#x78;&#x2d;&#x30;1-&#49;&#45;&#51;&#x30;&#x30;&#x78;20&#48;&#64;&#x32;&#x78;&#x2e;&#x6a;pg 600w, https:&#x2f;&#x2f;&#119;ww&#x2e;&#x6b;&#117;&#110;s&#x74;&#x6d;&#117;&#115;e&#x75;&#x6d;&#x6c;&#117;ze&#x72;&#x6e;&#46;&#99;h&#x2f;&#x77;&#112;&#45;c&#x6f;&#x6e;&#116;&#101;n&#x74;&#x2f;&#x75;&#112;lo&#x61;&#x64;&#115;&#47;2&#x30;&#x32;&#52;&#47;0&#x32;&#x2f;&#107;&#118;-&#x65;&#x72;&#x77;&#97;ch&#x73;&#x65;&#110;&#101;-&#x31;&#x34;&#48;&#48;p&#x78;&#x2d;&#x30;&#49;-&#x31;&#x2d;&#x31;&#48;24&#x78;&#x36;&#56;&#50;&#64;&#x32;&#x78;&#46;&#106;p&#x67; 2048w, https:&#x2f;&#47;&#119;w&#x77;&#x2e;&#107;u&#x6e;&#x73;&#116;mu&#x73;&#101;&#117;m&#x6c;&#x75;&#122;e&#x72;&#x6e;&#46;&#99;h&#x2f;&#x77;&#112;-&#x63;&#x6f;&#110;t&#x65;&#x6e;&#116;&#47;u&#x70;&#x6c;&#111;a&#x64;&#x73;&#47;2&#x30;&#x32;&#52;&#47;0&#x32;&#x2f;&#107;v&#x2d;&#x65;&#114;w&#x61;&#x63;&#104;&#115;e&#x6e;&#x65;&#45;1&#x34;&#x30;&#48;p&#x78;&#x2d;&#48;&#49;-&#x31;&#x2d;&#52;2&#x30;&#x78;&#50;8&#x30;&#x40;&#50;&#120;&#46;&#x6a;&#x70;&#103; 840w\" sizes=\"(max-width: 2101px) 100vw, 2101px\" \/>        <\/div>        \n        \n              <\/div>\n                    <div class=\"swiper-slide\" data-index=\"1\">\n                <div data-caption=\"\">          <img decoding=\"async\" width=\"2100\" height=\"1400\" src=\"https:\/\/www.kunstmuseumluzern.ch\/wp-content\/uploads\/2024\/02\/kv-erwachsene-1400px-02-1.jpg\" class=\"attachment-gallery_image size-gallery_image\" alt=\"\" srcset=\"https:\/\/www.kunstmuseumluzern.ch\/wp-content\/uploads\/2024\/02\/kv-erwachsene-1400px-02-1.jpg 2100w, https:&#x2f;&#47;w&#x77;&#119;&#46;&#x6b;&#117;n&#x73;&#x74;&#109;&#x75;&#x73;&#101;u&#x6d;&#108;u&#x7a;&#101;r&#x6e;&#x2e;&#99;&#x68;&#x2f;&#119;p&#x2d;&#99;o&#x6e;&#116;e&#x6e;&#116;\/&#x75;&#x70;&#108;&#x6f;&#x61;&#100;s&#x2f;&#50;0&#x32;&#52;\/&#x30;&#x32;&#47;&#x6b;&#x76;&#45;e&#x72;&#119;a&#x63;&#104;s&#x65;&#110;e&#x2d;&#x31;&#52;&#x30;&#x30;&#112;x&#x2d;&#48;2&#x2d;&#49;-&#x31;&#x35;&#48;&#x78;&#x31;&#48;0&#x40;&#50;x&#x2e;&#106;p&#x67; 300w, https:\/\/www.kunstmuseumluzern.ch\/wp-content\/uploads\/2024\/02\/kv-erwachsene-1400px-02-1-1024x683.jpg 1024w, https:\/\/www.kunstmuseumluzern.ch\/wp-content\/uploads\/2024\/02\/kv-erwachsene-1400px-02-1-150x100.jpg 150w, https:\/\/www.kunstmuseumluzern.ch\/wp-content\/uploads\/2024\/02\/kv-erwachsene-1400px-02-1-420x280.jpg 420w, https:&#x2f;&#x2f;&#x77;&#x77;&#119;&#46;&#107;un&#x73;&#x74;&#x6d;&#x75;&#x73;&#101;&#117;&#109;lu&#x7a;&#x65;&#x72;&#x6e;&#x2e;&#99;&#104;&#47;wp&#x2d;&#x63;&#x6f;&#x6e;&#x74;&#101;&#110;&#116;\/u&#x70;&#x6c;&#x6f;&#x61;&#x64;&#115;&#47;&#50;02&#x34;&#x2f;&#x30;&#x32;&#x2f;&#107;&#118;&#45;er&#x77;&#x61;&#x63;&#x68;&#x73;&#101;&#110;&#101;-1&#x34;&#x30;&#x30;&#x70;&#x78;&#45;&#48;&#50;-1&#x2d;&#x33;&#x30;&#x30;&#x78;&#50;&#48;&#48;&#64;2&#x78;&#x2e;&#x6a;&#x70;&#x67; 600w, https:\/\/&#119;&#119;&#119;&#x2e;&#x6b;&#x75;&#x6e;st&#109;&#117;&#115;&#x65;&#x75;&#x6d;&#x6c;uz&#101;&#114;&#110;&#x2e;&#x63;&#x68;&#x2f;wp&#45;&#99;&#111;&#x6e;&#x74;&#x65;&#x6e;t\/&#117;&#112;&#108;&#x6f;&#x61;&#x64;&#x73;\/2&#48;&#50;&#52;&#x2f;&#x30;&#x32;&#x2f;kv&#45;&#101;&#114;&#x77;&#x61;&#x63;&#x68;se&#110;&#101;&#45;&#x31;&#x34;&#x30;&#x30;px&#45;&#48;&#50;&#x2d;&#x31;&#x2d;&#x31;024&#120;&#54;&#x38;&#x33;&#x40;&#x32;x&#46;j&#112;&#103; 2048w, https:\/\/www&#46;kunstmuseumluzern&#46;&#99;&#104;&#47;&#119;&#112;&#45;&#99;&#111;&#110;&#116;&#101;&#110;&#116;&#47;&#117;&#112;&#108;&#111;&#97;&#100;&#115;&#47;&#50;&#48;&#50;&#52;&#47;&#48;&#50;&#47;&#107;&#x76;&#x2d;&#x65;&#x72;&#x77;&#x61;&#x63;&#x68;&#x73;&#x65;&#x6e;&#x65;&#x2d;&#x31;&#x34;&#x30;&#x30;&#x70;&#x78;&#x2d;&#x30;&#x32;&#x2d;&#x31;&#x2d;&#x34;&#x32;&#x30;&#x78;&#x32;&#x38;&#x30;&#x40;&#x32;&#x78;&#x2e;&#x6a;&#x70;&#x67; 840w\" sizes=\"(max-width: 2100px) 100vw, 2100px\" \/>        <\/div>        \n        \n              <\/div>\n                    <div class=\"swiper-slide\" data-index=\"2\">\n                <div data-caption=\"\">          <img decoding=\"async\" width=\"1050\" height=\"1400\" src=\"https:\/\/www.kunstmuseumluzern.ch\/wp-content\/uploads\/2024\/02\/kv-erwachsene-1400px-03-1.jpg\" class=\"attachment-gallery_image size-gallery_image\" alt=\"\" srcset=\"https:\/\/www.kunstmuseumluzern.ch\/wp-content\/uploads\/2024\/02\/kv-erwachsene-1400px-03-1.jpg 1050w, https:&#x2f;&#x2f;&#x77;&#x77;&#119;&#46;&#107;un&#x73;&#x74;&#x6d;&#x75;&#x73;&#101;&#117;&#109;lu&#x7a;&#x65;&#x72;&#x6e;&#x2e;&#99;&#104;&#47;wp&#x2d;&#x63;&#x6f;&#x6e;&#x74;&#101;&#110;&#116;\/u&#x70;&#x6c;&#x6f;&#x61;&#x64;&#115;&#47;&#50;02&#x34;&#x2f;&#x30;&#x32;&#x2f;&#107;&#118;&#45;er&#x77;&#x61;&#x63;&#x68;&#x73;&#101;&#110;&#101;-1&#x34;&#x30;&#x30;&#x70;&#x78;&#45;&#48;&#51;-1&#x2d;&#x31;&#x35;&#x30;&#x78;&#50;&#48;&#48;&#64;2&#x78;&#x2e;&#x6a;&#x70;&#x67; 300w, https:\/\/www.kunstmuseumluzern.ch\/wp-content\/uploads\/2024\/02\/kv-erwachsene-1400px-03-1-1024x1365.jpg 1024w, https:\/\/www.kunstmuseumluzern.ch\/wp-content\/uploads\/2024\/02\/kv-erwachsene-1400px-03-1-150x200.jpg 150w, https:\/\/www.kunstmuseumluzern.ch\/wp-content\/uploads\/2024\/02\/kv-erwachsene-1400px-03-1-420x560.jpg 420w, https:&#x2f;&#47;w&#x77;&#119;&#46;&#x6b;&#117;n&#x73;&#116;m&#x75;&#115;e&#x75;&#109;l&#x75;&#122;e&#x72;&#110;&#46;&#x63;&#104;\/&#x77;&#112;-&#x63;&#111;n&#x74;&#101;n&#x74;&#47;u&#x70;&#108;o&#x61;&#100;s&#x2f;&#50;0&#x32;&#52;\/&#x30;&#50;\/&#x6b;&#118;-&#x65;&#114;w&#x61;&#99;h&#x73;&#101;n&#x65;&#x2d;1&#x34;&#x30;0&#x70;&#x78;&#45;&#x30;&#x33;&#45;&#x31;&#x2d;&#51;&#x30;&#x30;&#120;&#x34;&#x30;&#48;&#x40;&#x32;&#120;&#x2e;&#x6a;&#112;&#x67; 600w, https:\/\/&#119;&#119;&#119;&#x2e;&#x6b;&#x75;&#x6e;st&#109;&#117;&#115;&#x65;&#x75;&#x6d;&#x6c;uz&#101;&#114;&#110;&#x2e;&#x63;&#x68;&#x2f;wp&#45;&#99;&#111;&#x6e;&#x74;&#x65;&#x6e;t\/&#117;&#112;&#108;&#x6f;&#x61;&#x64;&#x73;\/2&#48;&#50;&#52;&#x2f;&#x30;&#x32;&#x2f;kv&#45;&#101;&#114;&#x77;&#x61;&#x63;&#x68;se&#110;&#101;&#45;&#x31;&#x34;&#x30;&#x30;px&#45;&#48;&#51;&#x2d;&#x31;&#x2d;&#x34;20x&#53;&#54;&#x30;&#x40;&#x32;&#x78;&#46;jp&#103; 840w\" sizes=\"(max-width: 1050px) 100vw, 1050px\" \/>        <\/div>        \n        \n              <\/div>\n                    <div class=\"swiper-slide\" data-index=\"3\">\n                <div data-caption=\"\">          <img decoding=\"async\" width=\"2100\" height=\"1400\" src=\"https:\/\/www.kunstmuseumluzern.ch\/wp-content\/uploads\/2024\/02\/kv-erwachsene-1400px-07-1.jpg\" class=\"attachment-gallery_image size-gallery_image\" alt=\"\" srcset=\"https:\/\/www.kunstmuseumluzern.ch\/wp-content\/uploads\/2024\/02\/kv-erwachsene-1400px-07-1.jpg 2100w, https:&#x2f;\/&#x77;&#119;w&#x2e;&#107;&#x75;&#x6e;s&#x74;&#109;u&#x73;&#101;&#x75;&#109;l&#x75;&#122;e&#x72;&#110;&#x2e;&#99;h&#x2f;&#119;&#x70;&#x2d;c&#x6f;&#110;t&#x65;&#110;&#x74;&#x2f;u&#x70;&#108;o&#x61;&#100;&#x73;&#47;2&#x30;&#50;&#x34;&#x2f;0&#x32;&#47;k&#x76;&#45;&#x65;&#x72;w&#x61;&#99;h&#x73;&#101;&#x6e;&#101;-&#x31;&#52;0&#x30;&#112;&#x78;&#45;0&#x37;&#45;&#x31;&#x2d;1&#x35;&#48;x&#x31;&#48;&#x30;&#x40;2&#x78;&#46;j&#x70;&#103; 300w, https:\/\/www.kunstmuseumluzern.ch\/wp-content\/uploads\/2024\/02\/kv-erwachsene-1400px-07-1-1024x683.jpg 1024w, https:\/\/www.kunstmuseumluzern.ch\/wp-content\/uploads\/2024\/02\/kv-erwachsene-1400px-07-1-150x100.jpg 150w, https:\/\/www.kunstmuseumluzern.ch\/wp-content\/uploads\/2024\/02\/kv-erwachsene-1400px-07-1-420x280.jpg 420w, https:&#47;&#x2f;w&#119;&#x77;&#46;&#107;&#x75;n&#x73;&#x74;&#109;&#x75;s&#101;&#x75;m&#108;&#x75;z&#x65;&#x72;&#110;&#x2e;&#x63;&#104;&#x2f;w&#112;&#x2d;c&#111;&#x6e;t&#x65;&#x6e;&#116;&#x2f;u&#112;&#x6c;o&#97;&#x64;s&#x2f;&#x32;&#48;&#x32;&#x34;&#47;&#x30;2&#47;&#x6b;v&#45;&#x65;r&#x77;&#x61;&#99;&#x68;s&#101;&#x6e;e&#45;&#x31;4&#x30;&#x30;&#112;&#x78;&#x2d;&#48;&#x37;-&#49;&#x2d;3&#48;&#x30;x&#x32;&#x30;&#48;&#x40;2&#120;&#x2e;j&#112;&#x67; 600w, https:\/\/&#119;&#119;&#x77;&#x2e;&#x6b;&#x75;ns&#116;&#109;&#x75;&#x73;&#x65;&#x75;ml&#117;&#122;&#101;&#x72;&#x6e;&#x2e;&#x63;h\/&#119;&#112;&#x2d;&#x63;&#x6f;&#x6e;te&#110;&#116;&#x2f;&#x75;&#x70;&#x6c;oa&#100;&#115;&#47;&#x32;&#x30;&#x32;&#x34;\/0&#50;&#47;&#x6b;&#x76;&#x2d;&#x65;rw&#97;&#99;&#x68;&#x73;&#x65;&#x6e;e-&#49;&#52;&#48;&#x30;&#x70;&#x78;&#x2d;07&#45;&#49;&#x2d;&#x31;&#x30;&#x32;4x&#54;&#56;&#x33;&#x40;&#x32;&#x78;&#46;j&#112;&#103; 2048w, https:&#47;&#x2f;&#x77;w&#119;&#x2e;&#x6b;u&#110;&#x73;t&#109;&#x75;&#x73;e&#117;&#x6d;l&#117;&#x7a;&#x65;r&#110;&#x2e;&#x63;&#104;&#x2f;&#x77;p&#45;&#x63;&#x6f;n&#116;&#x65;n&#116;&#x2f;&#x75;p&#108;&#x6f;a&#100;&#x73;&#x2f;2&#48;&#x32;&#x34;&#47;&#x30;&#x32;\/&#107;&#x76;&#x2d;e&#114;&#x77;a&#99;&#x68;&#x73;e&#110;&#x65;-&#49;&#x34;&#x30;0&#112;&#x78;&#x2d;&#48;&#x37;&#x2d;1&#45;&#x34;&#x32;0&#120;&#x32;8&#48;&#x40;&#x32;x&#46;&#x6a;p&#103; 840w\" sizes=\"(max-width: 2100px) 100vw, 2100px\" \/>        <\/div>        \n        \n              <\/div>\n                    <div class=\"swiper-slide\" data-index=\"4\">\n                <div data-caption=\"\">          <img decoding=\"async\" width=\"1050\" height=\"1400\" src=\"https:\/\/www.kunstmuseumluzern.ch\/wp-content\/uploads\/2024\/02\/kv-erwachsene-1400px-05-1.jpg\" class=\"attachment-gallery_image size-gallery_image\" alt=\"\" srcset=\"https:\/\/www.kunstmuseumluzern.ch\/wp-content\/uploads\/2024\/02\/kv-erwachsene-1400px-05-1.jpg 1050w, https:&#47;&#x2f;&#119;&#x77;&#119;&#x2e;&#107;&#x75;&#110;&#x73;&#116;&#x6d;u&#x73;e&#x75;m&#x6c;u&#x7a;e&#x72;n&#46;&#x63;&#104;&#x2f;&#119;&#x70;&#45;&#x63;&#111;&#x6e;&#116;&#x65;&#110;&#x74;\/&#x75;p&#x6c;o&#x61;d&#x73;\/&#x32;0&#50;&#x34;&#47;&#x30;&#50;&#x2f;&#107;&#x76;&#45;&#x65;&#114;&#x77;&#97;&#x63;h&#x73;e&#x6e;e&#x2d;1&#x34;0&#x30;p&#120;&#x2d;&#48;&#x35;&#45;&#x31;&#45;&#x31;&#53;&#x30;&#120;&#x32;&#48;&#x30;&#64;&#x32;x&#x2e;j&#x70;g 300w, https:\/\/www.kunstmuseumluzern.ch\/wp-content\/uploads\/2024\/02\/kv-erwachsene-1400px-05-1-1024x1365.jpg 1024w, https:\/\/www.kunstmuseumluzern.ch\/wp-content\/uploads\/2024\/02\/kv-erwachsene-1400px-05-1-150x200.jpg 150w, https:\/\/www.kunstmuseumluzern.ch\/wp-content\/uploads\/2024\/02\/kv-erwachsene-1400px-05-1-420x560.jpg 420w, https:&#47;&#x2f;&#119;&#x77;&#119;&#x2e;&#107;&#x75;&#110;&#x73;&#116;&#x6d;&#117;&#x73;&#101;&#x75;&#109;&#x6c;&#117;&#x7a;&#101;&#x72;&#110;&#x2e;&#99;&#x68;&#47;&#x77;&#112;&#x2d;&#99;&#x6f;&#110;&#x74;&#101;&#x6e;&#116;&#x2f;&#117;&#x70;&#108;&#x6f;&#97;&#x64;&#115;&#x2f;&#50;&#x30;&#50;&#x34;&#47;&#x30;&#50;&#x2f;&#107;&#x76;&#45;&#x65;&#114;&#x77;&#97;&#x63;&#104;&#x73;&#101;&#x6e;&#101;&#x2d;&#49;&#x34;&#48;&#x30;&#112;&#x78;&#45;&#x30;&#53;&#x2d;&#49;&#x2d;&#51;&#x30;&#48;&#x78;&#52;&#x30;&#48;&#x40;&#50;&#x78;&#46;&#x6a;&#112;&#x67; 600w, https:\/\/&#119;&#119;&#119;&#x2e;&#x6b;&#x75;&#x6e;&#x73;tm&#117;&#115;&#101;&#x75;&#x6d;&#x6c;&#x75;&#x7a;er&#110;&#46;&#99;&#x68;&#x2f;&#x77;&#x70;&#x2d;co&#110;&#116;&#101;&#x6e;&#x74;&#x2f;&#x75;&#x70;lo&#97;&#100;&#115;&#x2f;&#x32;&#x30;&#x32;&#x34;\/0&#50;&#47;&#107;&#x76;&#x2d;&#x65;&#x72;&#x77;ac&#104;&#115;&#101;&#x6e;&#x65;&#x2d;&#x31;&#x34;00&#112;&#120;&#45;&#x30;&#x35;&#x2d;&#x31;&#x2d;42&#48;&#120;&#53;&#x36;&#x30;&#x40;&#x32;&#x78;&#46;j&#112;&#103; 840w\" sizes=\"(max-width: 1050px) 100vw, 1050px\" \/>        <\/div>        \n        \n              <\/div>\n              \n    <\/div>\n\n    <div class=\"swiper-button-prev\"><\/div>\n    <div class=\"swiper-button-next\"><\/div>\n    <div class=\"swiper-pagination\"><\/div>\n    <div class=\"swiper-caption\"><\/div>\n  <\/div>\n\n<\/div>\n\n\n\n<div style=\"height:60px\" aria-hidden=\"true\" class=\"wp-block-spacer\"><\/div>\n\n\n\n<p>Jeden Mittwoch um 18 Uhr und jeden Sonntag um 11 Uhr gibt es im Kunstmuseum Luzern eine Veranstaltungen. Es gibt verschiedene Angebote wie:<\/p>\n\n\n\n<ul class=\"wp-block-list\">\n<li>\u00d6ffentliche F\u00fchrung<\/li>\n\n\n\n<li>Begegnung mit dem Original: Ein Werk der Sammlung betrachten<\/li>\n\n\n\n<li>Gespr\u00e4che mit Expert:innen<\/li>\n\n\n\n<li>Konzert<\/li>\n\n\n\n<li>Performance<\/li>\n\n\n\n<li>Zeichnen in der Sammlung<\/li>\n<\/ul>\n\n\n\n<p>Die meisten Veranstaltungen sind im Eintritt erhalten.<\/p>\n\n\n\n<p>Unsere Veranstaltungen sind auf Deutsch und f\u00fcr verschiedene Deutsch-Niveaus geeignet. Sie finden <a href=\"https:\/\/www.kunstmuseumluzern.ch\/vermittlung\/erwachsene\/\">hier<\/a> weitere Informationen zu den Angeboten.<\/p>\n\n\n\n<p>Sie k\u00f6nnen auch eine private F\u00fchrung buchen.<\/p>\n\n\n\n<div style=\"height:120px\" aria-hidden=\"true\" class=\"wp-block-spacer\"><\/div>\n\n\n\n<h2 class=\"wp-block-heading has-text-align-center\" id=\"weitere-informationen\" id=\"weitere-informationen\">Weitere Informationen<\/h2>\n\n\n\n<div class=\"wp-block-columns is-layout-flex wp-container-core-columns-is-layout-28f84493 wp-block-columns-is-layout-flex\">\n<div class=\"wp-block-column is-layout-flow wp-block-column-is-layout-flow\">\n<div class=\"wp-block-pb-accordion-item c-accordion__item js-accordion-item no-js is-open\" data-initially-open=\"true\" data-click-to-close=\"true\" data-auto-close=\"true\" data-scroll=\"false\" data-scroll-offset=\"0\"><h2 id=\"at-1241780\" class=\"c-accordion__title js-accordion-controller\" role=\"button\" id=\"kontakt\">Kontakt<\/h2><div id=\"ac-1241780\" class=\"c-accordion__content\">\n<p>+41 41 226 78 18<br><a href=\"&#109;&#x61;&#x69;l&#116;&#x6f;:&#107;&#x75;&#x6e;&#115;&#x74;&#x76;e&#114;&#x6d;i&#116;&#x74;&#x6c;&#117;&#x6e;&#x67;&#64;&#107;&#x75;n&#115;&#x74;&#x6d;&#117;&#x73;&#x65;u&#109;&#x6c;u&#122;&#x65;&#x72;&#110;&#x2e;&#x63;h\" target=\"_blank\" rel=\"noreferrer noopener\">&#x6b;&#x75;&#110;st&#x76;&#x65;&#114;&#109;i&#x74;&#x74;&#108;&#117;n&#x67;&#x40;&#x6b;&#117;ns&#x74;&#x6d;&#117;&#115;e&#x75;&#x6d;&#108;&#117;z&#x65;&#x72;&#110;&#46;c&#x68;<\/a><\/p>\n<\/div><\/div>\n<\/div>\n<\/div>\n\n\n\n<div style=\"height:120px\" aria-hidden=\"true\" class=\"wp-block-spacer\"><\/div>\n\n\n\n<div class=\"wp-block-nav-links alignwide\">\n\n    <div class=\"wp-block-nav-links__link-wrapper\">\n  \n        <a class=\"wp-block-nav-links__link\" href=\"https:\/\/www.kunstmuseumluzern.ch\/de-es\/vermittlung\/60plus\/\" target=\"_self\">60plus<\/a>\n    \n  \n        <a class=\"wp-block-nav-links__link\" href=\"https:\/\/www.kunstmuseumluzern.ch\/de-es\/vermittlung\/kinder-familien\/\" target=\"_self\">Kinder &amp; Familien<\/a>\n    \n  \n        <a class=\"wp-block-nav-links__link\" href=\"https:\/\/www.kunstmuseumluzern.ch\/de-es\/mediathek\/digital\/\" target=\"_self\">Digital<\/a>\n    \n    <\/div>\n  \n<\/div>\n\n\n<div style=\"height:40px\" aria-hidden=\"true\" class=\"wp-block-spacer\"><\/div>\n\n\n\n<div class=\"wp-block-nav-links alignwide\">\n\n      <div class=\"wp-block-nav-links__title\">Aktuelle Ausstellungen<\/div>\n\n  <div class=\"wp-block-nav-links__link-wrapper\">\n  \n        <a class=\"wp-block-nav-links__link\" href=\"https:\/\/www.kunstmuseumluzern.ch\/de-es\/exhibitions\/maria-pininska-beres\/\">Maria Pininska-Beres<\/a>\n    \n  \n        <a class=\"wp-block-nav-links__link\" href=\"https:\/\/www.kunstmuseumluzern.ch\/de-es\/exhibitions\/1-raum-1-werk\/\">1 Raum, 1 Werk<\/a>\n    \n  \n        <a class=\"wp-block-nav-links__link\" href=\"https:\/\/www.kunstmuseumluzern.ch\/de-es\/exhibitions\/brian-dawn-chalkley\/\">Brian Dawn Chalkley<\/a>\n    \n    <\/div>\n  \n<\/div>","protected":false},"excerpt":{"rendered":"<p>Jeden Mittwoch um 18 Uhr und jeden Sonntag um 11 Uhr gibt es im Kunstmuseum Luzern eine Veranstaltungen. Es gibt verschiedene Angebote wie: Die meisten Veranstaltungen sind im Eintritt erhalten. Unsere Veranstaltungen sind auf Deutsch und f\u00fcr verschiedene Deutsch-Niveaus geeignet. Sie finden hier weitere Informationen zu den Angeboten. Sie k\u00f6nnen auch eine private F\u00fchrung buchen. [&hellip;]<\/p>\n","protected":false},"author":14,"featured_media":0,"parent":124170,"menu_order":3,"comment_status":"closed","ping_status":"closed","template":"","meta":{"_acf_changed":false,"_seopress_robots_primary_cat":"","_seopress_titles_title":"","_seopress_titles_desc":"","_seopress_robots_index":"","inline_featured_image":false,"ghostkit_customizer_options":"","ghostkit_custom_css":"","ghostkit_custom_js_head":"","ghostkit_custom_js_foot":"","ghostkit_typography":"","footnotes":""},"tags":[],"class_list":["post-124178","page","type-page","status-publish","hentry"],"acf":[],"_links":{"self":[{"href":"https:\/\/www.kunstmuseumluzern.ch\/de-es\/wp-json\/wp\/v2\/pages\/124178","targetHints":{"allow":["GET"]}}],"collection":[{"href":"https:\/\/www.kunstmuseumluzern.ch\/de-es\/wp-json\/wp\/v2\/pages"}],"about":[{"href":"https:\/\/www.kunstmuseumluzern.ch\/de-es\/wp-json\/wp\/v2\/types\/page"}],"author":[{"embeddable":true,"href":"https:\/\/www.kunstmuseumluzern.ch\/de-es\/wp-json\/wp\/v2\/users\/14"}],"replies":[{"embeddable":true,"href":"https:\/\/www.kunstmuseumluzern.ch\/de-es\/wp-json\/wp\/v2\/comments?post=124178"}],"version-history":[{"count":7,"href":"https:\/\/www.kunstmuseumluzern.ch\/de-es\/wp-json\/wp\/v2\/pages\/124178\/revisions"}],"predecessor-version":[{"id":125722,"href":"https:\/\/www.kunstmuseumluzern.ch\/de-es\/wp-json\/wp\/v2\/pages\/124178\/revisions\/125722"}],"up":[{"embeddable":true,"href":"https:\/\/www.kunstmuseumluzern.ch\/de-es\/wp-json\/wp\/v2\/pages\/124170"}],"wp:attachment":[{"href":"https:\/\/www.kunstmuseumluzern.ch\/de-es\/wp-json\/wp\/v2\/media?parent=124178"}],"wp:term":[{"taxonomy":"post_tag","embeddable":true,"href":"https:\/\/www.kunstmuseumluzern.ch\/de-es\/wp-json\/wp\/v2\/tags?post=124178"}],"curies":[{"name":"wp","href":"https:\/\/api.w.org\/{rel}","templated":true}]}}