{"id":126918,"date":"2023-11-09T10:21:29","date_gmt":"2023-11-09T09:21:29","guid":{"rendered":"https:\/\/www.kunstmuseumluzern.ch\/impressum\/"},"modified":"2024-10-17T15:05:29","modified_gmt":"2024-10-17T13:05:29","slug":"impressum","status":"publish","type":"page","link":"https:\/\/www.kunstmuseumluzern.ch\/de-es\/impressum\/","title":{"rendered":"Impressum"},"content":{"rendered":"\n<div style=\"height:100px\" aria-hidden=\"true\" class=\"wp-block-spacer\"><\/div>\n\n\n\n<div class=\"wp-block-columns is-layout-flex wp-container-core-columns-is-layout-28f84493 wp-block-columns-is-layout-flex\">\n<div class=\"wp-block-column is-layout-flow wp-block-column-is-layout-flow\">\n<h3 class=\"wp-block-heading\" id=\"h-adresse\" id=\"adresse\">Adresse<\/h3>\n\n\n\n<p>Kunstmuseum Luzern<br>Europaplatz 1<br>6002 Luzern<\/p>\n\n\n\n<h3 class=\"wp-block-heading\" id=\"vertretungsberechtigte-personen\" id=\"vertretungsberechtigte-personen\">Vertretungsberechtigte Personen<\/h3>\n\n\n\n<p>Andi Scheitlin, Pr\u00e4sident<br>Bruno Schmidiger, Qu\u00e4stor<\/p>\n\n\n\n<h3 class=\"wp-block-heading\" id=\"firmennummer\" id=\"firmennummer\">Firmennummer<\/h3>\n\n\n\n<p>CHE-107.252.187<\/p>\n\n\n\n<h3 class=\"wp-block-heading\" id=\"verantwortlich-fuer-den-inhalt\" id=\"verantwortlich-fuer-den-inhalt\">Verantwortlich f\u00fcr den Inhalt<\/h3>\n\n\n\n<p>Kunstmuseum Luzern<br>Europaplatz 1<br>6002 Luzern<\/p>\n<\/div>\n\n\n\n<div class=\"wp-block-column is-layout-flow wp-block-column-is-layout-flow\">\n<h3 class=\"wp-block-heading\" id=\"h-kontakt\" id=\"kontakt\">Kontakt<\/h3>\n\n\n\n<p>Tel. +41 41 226 78 00<br><a href=\"m&#97;&#105;&#108;&#x74;&#x6f;&#x3a;in&#102;&#111;&#x40;&#x6b;&#x75;&#x6e;st&#109;&#117;&#x73;&#x65;&#x75;&#x6d;l&#117;&#122;&#101;&#x72;&#x6e;&#x2e;ch\">&#105;&#x6e;&#102;&#x6f;&#64;&#x6b;u&#110;&#x73;&#116;&#x6d;&#117;&#x73;e&#x75;m&#108;&#x75;&#122;&#x65;r&#x6e;&#46;&#x63;&#x68;<\/a><\/p>\n\n\n\n<h3 class=\"wp-block-heading\" id=\"h-gestaltung\" id=\"gestaltung\">Gestaltung<\/h3>\n\n\n\n<p><a href=\"https:\/\/carlacrameri.ch\" target=\"_blank\" rel=\"noreferrer noopener\">Carla Crameri<\/a><\/p>\n\n\n\n<h3 class=\"wp-block-heading\" id=\"h-technische-umsetzung\" id=\"technische-umsetzung\">Technische Umsetzung<\/h3>\n\n\n\n<p><a href=\"https:\/\/www.modularte.de\/\" target=\"_blank\" rel=\"noreferrer noopener\">MODULARTE<\/a><\/p>\n<\/div>\n<\/div>\n","protected":false},"excerpt":{"rendered":"<p>Adresse Kunstmuseum LuzernEuropaplatz 16002 Luzern Vertretungsberechtigte Personen Andi Scheitlin, Pr\u00e4sidentBruno Schmidiger, Qu\u00e4stor Firmennummer CHE-107.252.187 Verantwortlich f\u00fcr den Inhalt Kunstmuseum LuzernEuropaplatz 16002 Luzern Kontakt Tel. +41 41 226 78 00&#x69;&#110;f&#x6f;&#64;k&#x75;&#110;s&#x74;&#109;u&#x73;&#101;u&#x6d;&#x6c;u&#x7a;&#x65;&#114;&#x6e;&#x2e;&#99;&#x68; Gestaltung Carla Crameri Technische Umsetzung MODULARTE<\/p>\n","protected":false},"author":14,"featured_media":0,"parent":0,"menu_order":10,"comment_status":"closed","ping_status":"closed","template":"","meta":{"_acf_changed":false,"_seopress_robots_primary_cat":"","_seopress_titles_title":"","_seopress_titles_desc":"","_seopress_robots_index":"yes","inline_featured_image":false,"ghostkit_customizer_options":"","ghostkit_custom_css":"","ghostkit_custom_js_head":"","ghostkit_custom_js_foot":"","ghostkit_typography":"","footnotes":""},"tags":[],"class_list":["post-126918","page","type-page","status-publish","hentry"],"acf":[],"_links":{"self":[{"href":"https:\/\/www.kunstmuseumluzern.ch\/de-es\/wp-json\/wp\/v2\/pages\/126918","targetHints":{"allow":["GET"]}}],"collection":[{"href":"https:\/\/www.kunstmuseumluzern.ch\/de-es\/wp-json\/wp\/v2\/pages"}],"about":[{"href":"https:\/\/www.kunstmuseumluzern.ch\/de-es\/wp-json\/wp\/v2\/types\/page"}],"author":[{"embeddable":true,"href":"https:\/\/www.kunstmuseumluzern.ch\/de-es\/wp-json\/wp\/v2\/users\/14"}],"replies":[{"embeddable":true,"href":"https:\/\/www.kunstmuseumluzern.ch\/de-es\/wp-json\/wp\/v2\/comments?post=126918"}],"version-history":[{"count":1,"href":"https:\/\/www.kunstmuseumluzern.ch\/de-es\/wp-json\/wp\/v2\/pages\/126918\/revisions"}],"predecessor-version":[{"id":126919,"href":"https:\/\/www.kunstmuseumluzern.ch\/de-es\/wp-json\/wp\/v2\/pages\/126918\/revisions\/126919"}],"wp:attachment":[{"href":"https:\/\/www.kunstmuseumluzern.ch\/de-es\/wp-json\/wp\/v2\/media?parent=126918"}],"wp:term":[{"taxonomy":"post_tag","embeddable":true,"href":"https:\/\/www.kunstmuseumluzern.ch\/de-es\/wp-json\/wp\/v2\/tags?post=126918"}],"curies":[{"name":"wp","href":"https:\/\/api.w.org\/{rel}","templated":true}]}}