{"id":22182,"date":"2023-11-09T10:25:55","date_gmt":"2023-11-09T09:25:55","guid":{"rendered":"https:\/\/www.kunstmuseumluzern.ch\/museum\/mitglied-werden\/"},"modified":"2024-12-18T15:03:27","modified_gmt":"2024-12-18T14:03:27","slug":"become-a-member","status":"publish","type":"page","link":"https:\/\/www.kunstmuseumluzern.ch\/en\/museum\/become-a-member\/","title":{"rendered":"Become a Member"},"content":{"rendered":"\n<div style=\"height:100px\" aria-hidden=\"true\" class=\"wp-block-spacer\"><\/div>\n\n\n<link rel='stylesheet' id='formidable-css' href='https:\/\/www.kunstmuseumluzern.ch\/wp-content\/plugins\/formidable\/css\/formidableforms.css?ver=331705' type='text\/css' media='all' \/><div class=\"frm_forms  with_frm_style frm_style_formidable-style\" id=\"frm_form_5_container\" data-token=\"e5b24fd5f53610c148ff2bb4be292012\"><form enctype=\"multipart\/form-data\" method=\"post\" class=\"frm-show-form  frm_pro_form \" id=\"form_anmeldung-mitgliedschaft\" data-token=\"e5b24fd5f53610c148ff2bb4be292012\"><div class=\"frm_form_fields \"><fieldset><legend class=\"frm_screen_reader\">Become a member<\/legend><h3 class=\"frm_form_title\" id=\"become-a-member\">Become a member<\/h3><div class=\"frm_fields_container\"><input type=\"hidden\" name=\"frm_action\" value=\"create\" \/><input type=\"hidden\" name=\"form_id\" value=\"5\" \/><input type=\"hidden\" name=\"frm_hide_fields_5\" id=\"frm_hide_fields_5\" value=\"\" \/><input type=\"hidden\" name=\"form_key\" value=\"anmeldung-mitgliedschaft\" \/><input type=\"hidden\" name=\"item_meta[0]\" value=\"\" \/><input type=\"hidden\" id=\"frm_submit_entry_5\" name=\"frm_submit_entry_5\" value=\"5061b1c74f\" \/><input type=\"hidden\" name=\"_wp_http_referer\" value=\"\/en\/wp-json\/wp\/v2\/pages\/22182\" \/><div id=\"frm_field_75_container\" class=\"frm_form_field form-field  frm_required_field frm_top_container frm_first frm12 spacer-bottom vertical_radio\"><div  id=\"field_6atf6_label\" class=\"frm_primary_label\">Type of membership<span class=\"frm_required\" aria-hidden=\"true\">*<\/span><\/div><div class=\"frm_opt_container\" aria-labelledby=\"field_6atf6_label\" role=\"group\"><div class=\"frm_checkbox\" id=\"frm_checkbox_75-0\"><label  for=\"field_6atf6-0\"><input type=\"checkbox\" name=\"item_meta[75][]\" id=\"field_6atf6-0\" value=\"Einzelmitgliedschaft, CHF 90.\u2013\"  data-frmlimit=\"1\"  data-frmmin=\"1\"  data-reqmsg=\"Type of membership must not be empty.\" data-invmsg=\"Type of membership is invalid\"   aria-required=\"true\"  \/> Single membership, CHF 90.\u2013<\/label><\/div><div class=\"frm_checkbox\" id=\"frm_checkbox_75-4\"><label  for=\"field_6atf6-4\"><input type=\"checkbox\" name=\"item_meta[75][]\" id=\"field_6atf6-4\" value=\"K\u00fcnstler:innen, CHF 50.\u2013\"  data-frmlimit=\"1\"  data-frmmin=\"1\"  data-reqmsg=\"Type of membership must not be empty.\" data-invmsg=\"Type of membership is invalid\"   \/> Artists, CHF 50.\u2013<\/label><\/div><div class=\"frm_checkbox\" id=\"frm_checkbox_75-3\"><label  for=\"field_6atf6-3\"><input type=\"checkbox\" name=\"item_meta[75][]\" id=\"field_6atf6-3\" value=\"Kinder, Jugendliche, Student:innen (bis 25 Jahre), CHF 30.\u2013\"  data-frmlimit=\"1\"  data-frmmin=\"1\"  data-reqmsg=\"Type of membership must not be empty.\" data-invmsg=\"Type of membership is invalid\"   \/> Young people, Students (till 25 Jahre), CHF 30.\u2013<\/label><\/div><div class=\"frm_checkbox\" id=\"frm_checkbox_75-1\"><label  for=\"field_6atf6-1\"><input type=\"checkbox\" name=\"item_meta[75][]\" id=\"field_6atf6-1\" value=\"Paare (an derselben Adresse), CHF 120.\u2013\"  data-frmlimit=\"1\"  data-frmmin=\"1\"  data-reqmsg=\"Type of membership must not be empty.\" data-invmsg=\"Type of membership is invalid\"   \/> Couple membership (one addresse), CHF 120.\u2013<\/label><\/div><div class=\"frm_checkbox\" id=\"frm_checkbox_75-7\"><label  for=\"field_6atf6-7\"><input type=\"checkbox\" name=\"item_meta[75][]\" id=\"field_6atf6-7\" value=\"K\u00fcnstler:innen Paare, CHF 80.\u2013\"  data-frmlimit=\"1\"  data-frmmin=\"1\"  data-reqmsg=\"Type of membership must not be empty.\" data-invmsg=\"Type of membership is invalid\"   \/> Artist Couples, CHF 80.\u2013<\/label><\/div><div class=\"frm_checkbox\" id=\"frm_checkbox_75-2\"><label  for=\"field_6atf6-2\"><input type=\"checkbox\" name=\"item_meta[75][]\" id=\"field_6atf6-2\" value=\"Familien, CHF 150.\u2013\"  data-frmlimit=\"1\"  data-frmmin=\"1\"  data-reqmsg=\"Type of membership must not be empty.\" data-invmsg=\"Type of membership is invalid\"   \/> Families, CHF 150.\u2013<\/label><\/div><div class=\"frm_checkbox\" id=\"frm_checkbox_75-8\"><label  for=\"field_6atf6-8\"><input type=\"checkbox\" name=\"item_meta[75][]\" id=\"field_6atf6-8\" value=\"K\u00fcnstler:innen Familien, CHF 110.\u2013\"  data-frmlimit=\"1\"  data-frmmin=\"1\"  data-reqmsg=\"Type of membership must not be empty.\" data-invmsg=\"Type of membership is invalid\"   \/> Artist Families, CHF 110.\u2013<\/label><\/div><div class=\"frm_checkbox\" id=\"frm_checkbox_75-6\"><label  for=\"field_6atf6-6\"><input type=\"checkbox\" name=\"item_meta[75][]\" id=\"field_6atf6-6\" value=\"Firmenmitgliedschaft, CHF 500.\u2013\"  data-frmlimit=\"1\"  data-frmmin=\"1\"  data-reqmsg=\"Type of membership must not be empty.\" data-invmsg=\"Type of membership is invalid\"   \/> Company membership, CHF 500.\u2013<\/label><\/div><div class=\"frm_checkbox\" id=\"frm_checkbox_75-5\"><label  for=\"field_6atf6-5\"><input type=\"checkbox\" name=\"item_meta[75][]\" id=\"field_6atf6-5\" value=\"G\u00f6nnermitgliedschaft (nur f\u00fcr Privatpersonen), CHF 300.\u2013\"  data-frmlimit=\"1\"  data-frmmin=\"1\"  data-reqmsg=\"Type of membership must not be empty.\" data-invmsg=\"Type of membership is invalid\"   \/> Benefactor membership (for privat purpose only), CHF 300.\u2013<\/label><\/div><\/div><\/div><div id=\"frm_field_68_container\" class=\"frm_form_field form-field  frm_top_container frm_first frm_half\"><label for=\"field_nxj052\" id=\"field_nxj052_label\" class=\"frm_primary_label\">Company <span class=\"frm_required\" aria-hidden=\"true\"><\/span><\/label><input  type=\"text\" id=\"field_nxj052\" name=\"item_meta[68]\" value=\"\"  data-invmsg=\"Company  is not valid\" aria-invalid=\"false\"   \/><\/div><div id=\"frm_field_62_container\" class=\"frm_form_field form-field  frm_required_field frm_top_container frm_first frm_half\"><label for=\"field_mgllt2\" id=\"field_mgllt2_label\" class=\"frm_primary_label\">Last name, first name<span class=\"frm_required\" aria-hidden=\"true\">*<\/span><\/label><input  type=\"text\" id=\"field_mgllt2\" name=\"item_meta[62]\" value=\"\"  data-reqmsg=\"Last name, first name must not be empty.\" aria-required=\"true\" data-invmsg=\"Last name, first name is not valid\" aria-invalid=\"false\"   \/><\/div><div id=\"frm_field_63_container\" class=\"frm_form_field form-field  frm_top_container frm_half\"><label for=\"field_ibluz2\" id=\"field_ibluz2_label\" class=\"frm_primary_label\">Last name, first name partner<span class=\"frm_required\" aria-hidden=\"true\"><\/span><\/label><input  type=\"text\" id=\"field_ibluz2\" name=\"item_meta[63]\" value=\"\"  data-invmsg=\"Last name, first name partner is not valid\" aria-invalid=\"false\"   \/><\/div><div id=\"frm_field_79_container\" class=\"frm_form_field form-field  frm_top_container frm_first frm_half\"><label for=\"field_vy2rz\" id=\"field_vy2rz_label\" class=\"frm_primary_label\">First name children<span class=\"frm_required\" aria-hidden=\"true\"><\/span><\/label><input  type=\"text\" id=\"field_vy2rz\" name=\"item_meta[79]\" value=\"\"  data-invmsg=\"First name children is not valid\" aria-invalid=\"false\"   \/><\/div><div id=\"frm_field_80_container\" class=\"frm_form_field form-field  frm_top_container frm_half\"><label for=\"field_1a48z\" id=\"field_1a48z_label\" class=\"frm_primary_label\">Year of birth (children, young people)<span class=\"frm_required\" aria-hidden=\"true\"><\/span><\/label><input  type=\"text\" id=\"field_1a48z\" name=\"item_meta[80]\" value=\"\"  data-invmsg=\"Year of birth (children, young people) is not valid\" aria-invalid=\"false\"   \/><\/div><div id=\"frm_field_93_container\" class=\"frm_form_field form-field  frm_required_field frm_top_container frm_first frm_half\"><label for=\"field_snnzs\" id=\"field_snnzs_label\" class=\"frm_primary_label\">Street, Nr.<span class=\"frm_required\" aria-hidden=\"true\">*<\/span><\/label><input  type=\"text\" id=\"field_snnzs\" name=\"item_meta[93]\" value=\"\"  data-reqmsg=\"Street, Nr. must not be empty.\" aria-required=\"true\" data-invmsg=\"Street, Nr. is not valid\" aria-invalid=\"false\"   \/><\/div><div id=\"frm_field_94_container\" class=\"frm_form_field form-field  frm_required_field frm_top_container frm_half\"><label for=\"field_ylvxe\" id=\"field_ylvxe_label\" class=\"frm_primary_label\">Postcode, city<span class=\"frm_required\" aria-hidden=\"true\">*<\/span><\/label><input  type=\"text\" id=\"field_ylvxe\" name=\"item_meta[94]\" value=\"\"  data-reqmsg=\"Postcode, city must not be empty.\" aria-required=\"true\" data-invmsg=\"Postcode, city is not valid\" aria-invalid=\"false\"   \/><\/div><div id=\"frm_field_83_container\" class=\"frm_form_field form-field  frm_required_field frm_top_container frm_first frm_half\"><label for=\"field_l6x7t\" id=\"field_l6x7t_label\" class=\"frm_primary_label\">Telephone<span class=\"frm_required\" aria-hidden=\"true\">*<\/span><\/label><input type=\"tel\" id=\"field_l6x7t\" name=\"item_meta[83]\" value=\"\"  data-reqmsg=\"Telephone must not be empty.\" aria-required=\"true\" data-invmsg=\"Telephone is not valid\" aria-invalid=\"false\" pattern=\"((\\+\\d{1,3}(-|.| )?\\(?\\d\\)?(-| |.)?\\d{1,5})|(\\(?\\d{2,6}\\)?))(-|.| )?(\\d{3,4})(-|.| )?(\\d{4})(( x| ext)\\d{1,5}){0,1}$\"  \/><\/div><div id=\"frm_field_84_container\" class=\"frm_form_field form-field  frm_required_field frm_top_container frm_half\"><label for=\"field_m7ys5\" id=\"field_m7ys5_label\" class=\"frm_primary_label\">E-Mail<span class=\"frm_required\" aria-hidden=\"true\">*<\/span><\/label><input type=\"email\" id=\"field_m7ys5\" name=\"item_meta[84]\" value=\"\"  autocomplete=\"email\"  data-reqmsg=\"E-Mail must not be empty.\" aria-required=\"true\" data-invmsg=\"E-Mail is not valid\" aria-invalid=\"false\"  \/><\/div><div id=\"frm_field_87_container\" class=\"frm_form_field form-field  frm_top_container frm_first frm12 spacer-top spacer-bottom vertical_radio\"><div  id=\"field_w10v1_label\" class=\"frm_primary_label\">Gift membership, invoice to<span class=\"frm_required\" aria-hidden=\"true\"><\/span><\/div><div class=\"frm_opt_container\" aria-labelledby=\"field_w10v1_label\" role=\"group\"><div class=\"frm_checkbox\" id=\"frm_checkbox_87-0\"><label  for=\"field_w10v1-0\"><input type=\"checkbox\" name=\"item_meta[87][]\" id=\"field_w10v1-0\" value=\"1 Jahr\"  data-frmlimit=\"1\"  data-invmsg=\"Gift membership, invoice to is invalid\"   \/> 1 year<\/label><\/div><div class=\"frm_checkbox\" id=\"frm_checkbox_87-1\"><label  for=\"field_w10v1-1\"><input type=\"checkbox\" name=\"item_meta[87][]\" id=\"field_w10v1-1\" value=\"auf Widerruf\"  data-frmlimit=\"1\"  data-invmsg=\"Gift membership, invoice to is invalid\"   \/> on cancellation<\/label><\/div><\/div><\/div><div id=\"frm_field_100_container\" class=\"frm_form_field form-field  frm_top_container frm6 frm_first\"><label for=\"field_3xiok\" id=\"field_3xiok_label\" class=\"frm_primary_label\">Last name<span class=\"frm_required\" aria-hidden=\"true\"><\/span><\/label><input  type=\"text\" id=\"field_3xiok\" name=\"item_meta[100]\" value=\"\"  data-invmsg=\"Last name is not valid\" aria-invalid=\"false\"   \/><\/div><div id=\"frm_field_101_container\" class=\"frm_form_field form-field  frm_top_container frm_half\"><label for=\"field_hj4k4\" id=\"field_hj4k4_label\" class=\"frm_primary_label\">First name<span class=\"frm_required\" aria-hidden=\"true\"><\/span><\/label><input  type=\"text\" id=\"field_hj4k4\" name=\"item_meta[101]\" value=\"\"  data-invmsg=\"First name is not valid\" aria-invalid=\"false\"   \/><\/div><div id=\"frm_field_95_container\" class=\"frm_form_field form-field  frm_top_container frm6 frm_first\"><label for=\"field_989iw\" id=\"field_989iw_label\" class=\"frm_primary_label\">Street, Nr.<span class=\"frm_required\" aria-hidden=\"true\"><\/span><\/label><input  type=\"text\" id=\"field_989iw\" name=\"item_meta[95]\" value=\"\"  data-invmsg=\"Street, Nr. is not valid\" aria-invalid=\"false\"   \/><\/div><div id=\"frm_field_96_container\" class=\"frm_form_field form-field  frm_top_container frm6\"><label for=\"field_m5onn\" id=\"field_m5onn_label\" class=\"frm_primary_label\">Postcode, city<span class=\"frm_required\" aria-hidden=\"true\"><\/span><\/label><input  type=\"text\" id=\"field_m5onn\" name=\"item_meta[96]\" value=\"\"  data-invmsg=\"Postcode, city is not valid\" aria-invalid=\"false\"   \/><\/div><div id=\"frm_field_98_container\" class=\"frm_form_field form-field  frm_top_container frm_first frm_half\"><label for=\"field_50r1z\" id=\"field_50r1z_label\" class=\"frm_primary_label\">Telephone<span class=\"frm_required\" aria-hidden=\"true\"><\/span><\/label><input type=\"tel\" id=\"field_50r1z\" name=\"item_meta[98]\" value=\"\"  data-invmsg=\"Telephone is not valid\" aria-invalid=\"false\" pattern=\"((\\+\\d{1,3}(-|.| )?\\(?\\d\\)?(-| |.)?\\d{1,5})|(\\(?\\d{2,6}\\)?))(-|.| )?(\\d{3,4})(-|.| )?(\\d{4})(( x| ext)\\d{1,5}){0,1}$\"  \/><\/div><div id=\"frm_field_99_container\" class=\"frm_form_field form-field  frm_top_container frm_half\"><label for=\"field_rb9ql\" id=\"field_rb9ql_label\" class=\"frm_primary_label\">E-Mail<span class=\"frm_required\" aria-hidden=\"true\"><\/span><\/label><input type=\"email\" id=\"field_rb9ql\" name=\"item_meta[99]\" value=\"\"  autocomplete=\"email\"  data-invmsg=\"E-Mail is not valid\" aria-invalid=\"false\"  \/><\/div><div id=\"frm_field_73_container\" class=\"frm_form_field form-field  frm_top_container frm_first frm12\"><label for=\"field_h4qxv2\" id=\"field_h4qxv2_label\" class=\"frm_primary_label\">Comments<span class=\"frm_required\" aria-hidden=\"true\"><\/span><\/label><textarea name=\"item_meta[73]\" id=\"field_h4qxv2\" rows=\"5\"  data-invmsg=\"Comments is not valid\" aria-invalid=\"false\"  ><\/textarea><\/div><div id=\"frm_field_131_container\" class=\"frm_form_field form-field  frm_required_field frm_top_container frm12 frm_first\"><div  id=\"field_haw75_label\" class=\"frm_primary_label\">Datenschutzhinweis<span class=\"frm_required\" aria-hidden=\"true\">*<\/span><\/div><div class=\"frm_checkbox\" role=\"group\" aria-labelledby=\"frm-gdpr-accept-131\"><label for=\"frm-gdpr-accept-131\"><input type=\"checkbox\" aria-required=\"true\" name=\"item_meta[131]\" id=\"frm-gdpr-accept-131\" value=\"1\"   data-reqmsg=\"Datenschutzhinweis must not be empty.\" aria-required=\"true\" data-invmsg=\"Datenschutzhinweis is invalid\" aria-invalid=\"false\"  \/>Mit dem Absenden des Formulars erkl\u00e4ren Sie sich damit einverstanden, dass Ihre angegebenen Daten zur Bearbeitung Ihrer Anfrage verwendet werden.   Weitere Informationen finden Sie in unserer <a href=\"\/datenschutzerklaerung\" target=\"_blank\" rel=\"noopener noreferrer\">Datenschutzerkl\u00e4rung<\/a>. Mit dem Antrag auf Mitgliedschaft erkl\u00e4ren Sie sich zudem mit der Ver\u00f6ffentlichung Ihres Namens im Jahresbericht des Kunstmuseums Luzern einverstanden. Falls Sie keine Nennung w\u00fcnschen, k\u00f6nnen Sie dieser Ver\u00f6ffentlichung jederzeit ohne Angabe von Gr\u00fcnden widersprechen. Bitte teilen Sie uns dies schriftlich mit: <a href=\"mai&#108;&#116;&#111;&#x3a;&#x69;&#x6e;&#x66;&#x6f;&#x40;kun&#115;&#116;&#109;&#117;&#x73;&#x65;&#x75;&#x6d;&#x6c;&#x75;zer&#110;&#46;&#99;&#x68;\">&#x69;&#110;f&#x6f;&#64;k&#x75;&#110;s&#x74;&#109;u&#x73;&#101;u&#x6d;&#108;u&#x7a;&#101;r&#x6e;&#46;c&#x68;<\/a>. <\/p><\/label><\/div><\/div><div id=\"frm_field_122_container\" class=\"frm_form_field form-field  frm_none_container frm12 frm_first\"><label for=\"h-captcha-response\" id=\"field_9ipz5_label\" class=\"frm_primary_label\">Captcha<span class=\"frm_required\" aria-hidden=\"true\"><\/span><\/label><div  id=\"field_9ipz5\" class=\"h-captcha\" data-sitekey=\"b500cfbe-2782-443c-b0fa-dbcab8f495cc\" data-size=\"normal\" data-theme=\"light\"><\/div><\/div><div id=\"frm_field_74_container\" class=\"frm_form_field form-field  frm12 frm_first\"><div class=\"frm_submit frm_flex\"><button class=\"frm_button_submit frm_final_submit\" type=\"submit\"   formnovalidate=\"formnovalidate\">Send<\/button><\/div><\/div><input type=\"hidden\" name=\"item_key\" value=\"\" \/><div id=\"frm_field_136_container\"><label for=\"field_dc52w\" >If you are human, leave this field blank.<\/label><input  id=\"field_dc52w\" type=\"text\" class=\"frm_form_field form-field frm_verify\" name=\"item_meta[136]\" value=\"\"  \/><\/div><input name=\"frm_state\" type=\"hidden\" value=\"HqK1UI5X6c4w+YqSOkM4zEBEFiF88SX7\/PSsw+5BeYV0CIZ5P+CdBlvSqeID+7TR\" \/><\/div><\/fieldset><\/div><\/form><\/div>","protected":false},"excerpt":{"rendered":"","protected":false},"author":14,"featured_media":0,"parent":22174,"menu_order":3,"comment_status":"closed","ping_status":"closed","template":"","meta":{"_acf_changed":false,"_seopress_robots_primary_cat":"","_seopress_titles_title":"","_seopress_titles_desc":"","_seopress_robots_index":"","inline_featured_image":false,"ghostkit_customizer_options":"","ghostkit_custom_css":"","ghostkit_custom_js_head":"","ghostkit_custom_js_foot":"","ghostkit_typography":"","footnotes":""},"tags":[],"class_list":["post-22182","page","type-page","status-publish","hentry"],"acf":[],"_links":{"self":[{"href":"https:\/\/www.kunstmuseumluzern.ch\/en\/wp-json\/wp\/v2\/pages\/22182","targetHints":{"allow":["GET"]}}],"collection":[{"href":"https:\/\/www.kunstmuseumluzern.ch\/en\/wp-json\/wp\/v2\/pages"}],"about":[{"href":"https:\/\/www.kunstmuseumluzern.ch\/en\/wp-json\/wp\/v2\/types\/page"}],"author":[{"embeddable":true,"href":"https:\/\/www.kunstmuseumluzern.ch\/en\/wp-json\/wp\/v2\/users\/14"}],"replies":[{"embeddable":true,"href":"https:\/\/www.kunstmuseumluzern.ch\/en\/wp-json\/wp\/v2\/comments?post=22182"}],"version-history":[{"count":3,"href":"https:\/\/www.kunstmuseumluzern.ch\/en\/wp-json\/wp\/v2\/pages\/22182\/revisions"}],"predecessor-version":[{"id":133563,"href":"https:\/\/www.kunstmuseumluzern.ch\/en\/wp-json\/wp\/v2\/pages\/22182\/revisions\/133563"}],"up":[{"embeddable":true,"href":"https:\/\/www.kunstmuseumluzern.ch\/en\/wp-json\/wp\/v2\/pages\/22174"}],"wp:attachment":[{"href":"https:\/\/www.kunstmuseumluzern.ch\/en\/wp-json\/wp\/v2\/media?parent=22182"}],"wp:term":[{"taxonomy":"post_tag","embeddable":true,"href":"https:\/\/www.kunstmuseumluzern.ch\/en\/wp-json\/wp\/v2\/tags?post=22182"}],"curies":[{"name":"wp","href":"https:\/\/api.w.org\/{rel}","templated":true}]}}