{"id":100881,"date":"2023-11-09T10:17:05","date_gmt":"2023-11-09T09:17:05","guid":{"rendered":"https:\/\/www.kunstmuseumluzern.ch\/informationen\/"},"modified":"2026-03-17T09:18:48","modified_gmt":"2026-03-17T08:18:48","slug":"informations","status":"publish","type":"page","link":"https:\/\/www.kunstmuseumluzern.ch\/fr\/visiter\/informations\/","title":{"rendered":"Informations"},"content":{"rendered":"\n<div class=\"wp-block-slider alignfull\">\n\n  <div class=\"swiper-container\">\n    <div class=\"swiper-wrapper\">\n\n      \n            <div class=\"swiper-slide\" data-index=\"0\">\n                <div data-caption=\"Kunstmuseum Luzern, Foto: Stefano Schr\u00f6ter\">          <img decoding=\"async\" width=\"2100\" height=\"1400\" src=\"https:\/\/www.kunstmuseumluzern.ch\/wp-content\/uploads\/2024\/02\/kml-fassade-seite.jpg\" class=\"attachment-gallery_image size-gallery_image\" alt=\"\" srcset=\"https:\/\/www.kunstmuseumluzern.ch\/wp-content\/uploads\/2024\/02\/kml-fassade-seite.jpg 2100w, https:&#47;&#x2f;&#119;&#x77;w&#x2e;k&#117;&#x6e;&#115;&#x74;&#109;&#x75;s&#x65;u&#109;&#x6c;&#117;&#x7a;e&#x72;n&#x2e;&#x63;&#104;&#x2f;&#119;&#x70;-&#x63;o&#110;&#x74;&#101;&#x6e;&#116;&#x2f;u&#x70;l&#111;&#x61;&#100;&#x73;\/&#x32;0&#x32;&#x34;&#47;&#x30;&#50;&#x2f;k&#x6d;l&#45;&#x66;&#97;&#x73;&#115;&#x61;d&#x65;-&#115;&#x65;&#105;&#x74;e&#x2d;1&#x35;&#x30;&#120;&#x31;&#48;&#x30;&#64;&#x32;x&#46;&#x6a;&#112;&#x67; 300w, https:\/\/www.kunstmuseumluzern.ch\/wp-content\/uploads\/2024\/02\/kml-fassade-seite-1024x683.jpg 1024w, https:\/\/www.kunstmuseumluzern.ch\/wp-content\/uploads\/2024\/02\/kml-fassade-seite-150x100.jpg 150w, https:\/\/www.kunstmuseumluzern.ch\/wp-content\/uploads\/2024\/02\/kml-fassade-seite-420x280.jpg 420w, https:\/\/&#119;&#119;&#119;&#46;&#x6b;&#x75;&#x6e;&#x73;&#x74;mu&#115;&#101;&#117;&#109;&#x6c;&#x75;&#x7a;&#x65;&#x72;n&#46;&#99;&#104;&#47;&#119;&#x70;&#x2d;&#x63;&#x6f;&#x6e;ten&#116;&#47;&#117;&#x70;&#x6c;&#x6f;&#x61;&#x64;s\/2&#48;&#50;&#52;&#x2f;&#x30;&#x32;&#x2f;&#x6b;ml-&#102;&#97;&#115;&#x73;&#x61;&#x64;&#x65;&#x2d;sei&#116;&#101;&#45;&#x33;&#x30;&#x30;&#x78;&#x32;00&#64;&#50;&#120;&#46;&#x6a;&#x70;&#x67; 600w, https:\/\/ww&#119;&#46;&#107;&#117;&#110;&#115;&#116;&#x6d;&#x75;&#x73;&#x65;&#x75;&#x6d;&#x6c;&#x75;&#x7a;ern&#46;&#99;&#104;&#47;&#119;&#112;&#45;&#99;&#x6f;&#x6e;&#x74;&#x65;&#x6e;&#x74;&#x2f;&#x75;&#x70;load&#115;&#47;&#50;&#48;&#50;&#52;&#47;&#x30;&#x32;&#x2f;&#x6b;&#x6d;&#x6c;&#x2d;&#x66;&#x61;ssad&#101;&#45;&#115;&#101;&#105;&#116;&#101;&#x2d;&#x31;&#x30;&#x32;&#x34;&#x78;&#x36;&#x38;&#x33;&#64;2x&#46;&#106;&#112;&#103; 2048w, https:&#x2f;&#47;&#119;w&#x77;&#x2e;&#107;u&#x6e;&#x73;&#116;mu&#x73;&#101;&#117;m&#x6c;&#x75;&#122;e&#x72;&#x6e;&#46;&#99;h&#x2f;&#x77;&#112;-&#x63;&#x6f;&#110;t&#x65;&#x6e;&#116;&#47;u&#x70;&#x6c;&#111;a&#x64;&#x73;&#47;2&#x30;&#x32;&#52;&#47;0&#x32;&#x2f;&#107;m&#x6c;&#x2d;&#102;a&#x73;&#x73;&#97;&#100;e&#x2d;&#x73;&#101;i&#x74;&#x65;&#45;4&#x32;&#x30;&#120;&#50;8&#x30;&#x40;&#50;x&#x2e;&#x6a;&#112;g 840w\" sizes=\"(max-width: 2100px) 100vw, 2100px\" \/>        <\/div>        \n        \n              <\/div>\n                    <div class=\"swiper-slide\" data-index=\"1\">\n                <div data-caption=\"Kunstmuseum Luzern, Eingang, Foto: Marc Latzel\">          <img decoding=\"async\" width=\"2000\" height=\"1333\" src=\"https:\/\/www.kunstmuseumluzern.ch\/wp-content\/uploads\/2024\/02\/kml-eingang-aussen.jpg\" class=\"attachment-gallery_image size-gallery_image\" alt=\"\" srcset=\"https:\/\/www.kunstmuseumluzern.ch\/wp-content\/uploads\/2024\/02\/kml-eingang-aussen.jpg 2000w, https:&#47;&#x2f;&#119;&#x77;&#119;&#x2e;&#107;&#x75;&#110;&#x73;&#116;&#x6d;u&#x73;e&#x75;m&#x6c;u&#x7a;e&#x72;n&#46;&#x63;&#104;&#x2f;&#119;&#x70;&#45;&#x63;&#111;&#x6e;&#116;&#x65;&#110;&#x74;\/&#x75;p&#x6c;o&#x61;d&#x73;\/&#x32;0&#50;&#x34;&#47;&#x30;&#50;&#x2f;&#107;&#x6d;&#108;&#x2d;&#101;&#x69;&#110;&#x67;a&#x6e;g&#x2d;a&#x75;s&#x73;e&#x6e;-&#49;&#x35;&#48;&#x78;&#49;&#x30;&#48;&#x40;&#50;&#x78;&#46;&#x6a;&#112;&#x67; 300w, https:\/\/www.kunstmuseumluzern.ch\/wp-content\/uploads\/2024\/02\/kml-eingang-aussen-1024x682.jpg 1024w, https:\/\/www.kunstmuseumluzern.ch\/wp-content\/uploads\/2024\/02\/kml-eingang-aussen-150x100.jpg 150w, https:\/\/www.kunstmuseumluzern.ch\/wp-content\/uploads\/2024\/02\/kml-eingang-aussen-420x280.jpg 420w, https:&#x2f;&#x2f;&#x77;&#x77;&#x77;&#x2e;&#x6b;&#x75;&#x6e;&#x73;&#x74;&#x6d;&#x75;&#x73;&#x65;&#x75;&#x6d;&#x6c;&#x75;&#x7a;&#x65;&#x72;&#110;&#46;&#99;&#104;&#47;&#119;&#112;&#45;&#99;&#111;&#110;&#116;&#101;&#110;&#116;\/uploads\/202&#x34;&#x2f;&#x30;&#x32;&#x2f;&#x6b;&#x6d;&#x6c;&#x2d;&#x65;&#x69;&#x6e;&#x67;&#x61;&#x6e;&#x67;&#x2d;&#x61;&#x75;&#x73;&#x73;&#x65;&#x6e;&#45;&#51;&#48;&#48;&#120;&#50;&#48;&#48;&#64;&#50;&#120;&#46;&#106;&#112;&#103; 600w, https:&#x2f;&#47;&#x77;&#119;w&#x2e;&#107;u&#x6e;&#115;&#x74;&#x6d;u&#x73;&#101;u&#x6d;&#108;&#x75;&#x7a;e&#x72;&#110;&#46;&#x63;&#104;\/&#x77;&#112;&#x2d;&#99;o&#x6e;&#116;e&#x6e;&#116;&#x2f;&#x75;p&#x6c;&#111;a&#x64;&#115;&#x2f;&#x32;0&#x32;&#52;\/&#x30;&#50;\/&#x6b;&#109;&#x6c;&#45;e&#x69;&#110;g&#x61;&#110;&#x67;&#x2d;a&#x75;&#115;s&#x65;&#110;&#x2d;&#x34;&#50;&#x30;&#120;2&#x38;&#48;&#64;&#x32;&#120;&#x2e;&#106;p&#x67; 840w\" sizes=\"(max-width: 2000px) 100vw, 2000px\" \/>        <\/div>        \n        \n              <\/div>\n                    <div class=\"swiper-slide\" data-index=\"2\">\n                <div data-caption=\"Kunstmuseum Luzern, Foyer, Foto: Marc Latzel\">          <img decoding=\"async\" width=\"2000\" height=\"1333\" src=\"https:\/\/www.kunstmuseumluzern.ch\/wp-content\/uploads\/2024\/02\/kml-cafe-shop.jpg\" class=\"attachment-gallery_image size-gallery_image\" alt=\"\" srcset=\"https:\/\/www.kunstmuseumluzern.ch\/wp-content\/uploads\/2024\/02\/kml-cafe-shop.jpg 2000w, https:&#x2f;&#47;&#x77;&#x77;&#119;&#x2e;&#107;u&#x6e;&#115;t&#x6d;&#117;s&#x65;&#117;m&#x6c;&#117;&#x7a;&#x65;&#114;&#x6e;&#x2e;&#99;&#x68;&#47;w&#x70;&#45;c&#x6f;&#110;t&#x65;&#110;t&#x2f;&#117;&#x70;&#x6c;&#111;&#x61;&#x64;&#115;&#x2f;&#50;0&#x32;&#52;\/&#x30;&#50;\/&#x6b;&#109;l&#x2d;&#99;&#x61;&#x66;&#101;&#x2d;&#x73;&#104;&#x6f;&#112;-&#x31;&#53;0&#x78;&#49;0&#x30;&#64;2&#x78;&#46;&#x6a;&#x70;&#103; 300w, https:\/\/www.kunstmuseumluzern.ch\/wp-content\/uploads\/2024\/02\/kml-cafe-shop-1024x682.jpg 1024w, https:\/\/www.kunstmuseumluzern.ch\/wp-content\/uploads\/2024\/02\/kml-cafe-shop-150x100.jpg 150w, https:\/\/www.kunstmuseumluzern.ch\/wp-content\/uploads\/2024\/02\/kml-cafe-shop-420x280.jpg 420w, https:\/\/w&#119;&#119;&#46;&#107;&#x75;&#x6e;&#x73;&#x74;&#x6d;&#x75;&#x73;eum&#108;&#117;&#122;&#101;&#114;&#x6e;&#x2e;&#x63;&#x68;&#x2f;&#x77;p-co&#110;&#116;&#101;&#110;&#x74;&#x2f;&#x75;&#x70;&#x6c;&#x6f;ads\/&#50;&#48;&#50;&#52;&#x2f;&#x30;&#x32;&#x2f;&#x6b;&#x6d;&#x6c;-ca&#102;&#101;&#45;&#115;&#104;&#x6f;&#x70;&#x2d;&#x33;&#x30;&#x30;x20&#48;&#64;&#50;&#120;&#46;&#x6a;&#x70;&#x67; 600w, https:&#47;\/&#x77;w&#x77;&#46;&#x6b;&#117;&#x6e;&#115;&#x74;&#109;u&#x73;e&#x75;m&#x6c;&#117;&#x7a;&#101;&#x72;&#110;&#x2e;&#99;h&#x2f;w&#x70;-&#x63;&#111;&#x6e;&#116;&#x65;&#110;&#x74;&#47;u&#x70;l&#x6f;a&#x64;&#115;&#x2f;&#50;&#x30;&#50;&#x34;&#47;0&#x32;\/&#x6b;m&#x6c;&#45;&#x63;&#97;&#x66;&#101;-&#x73;h&#x6f;p&#x2d;&#52;&#x32;&#48;&#x78;&#50;&#x38;&#48;&#64;&#x32;x&#x2e;j&#x70;&#103; 840w\" sizes=\"(max-width: 2000px) 100vw, 2000px\" \/>        <\/div>        \n        \n              <\/div>\n                    <div class=\"swiper-slide\" data-index=\"3\">\n                <div data-caption=\"Kunstmuseum Luzern, Kasse, Foto: Marc Latzel\">          <img decoding=\"async\" width=\"2000\" height=\"1333\" src=\"https:\/\/www.kunstmuseumluzern.ch\/wp-content\/uploads\/2024\/02\/kml-kasse.jpg\" class=\"attachment-gallery_image size-gallery_image\" alt=\"\" srcset=\"https:\/\/www.kunstmuseumluzern.ch\/wp-content\/uploads\/2024\/02\/kml-kasse.jpg 2000w, https:&#47;\/&#x77;w&#x77;&#46;&#x6b;&#117;&#x6e;&#115;&#x74;&#109;u&#x73;e&#x75;m&#x6c;&#117;&#x7a;&#101;&#x72;&#110;&#x2e;&#99;h&#x2f;w&#x70;-&#x63;&#111;&#x6e;&#116;&#x65;&#110;&#x74;&#47;u&#x70;l&#x6f;a&#x64;&#115;&#x2f;&#50;&#x30;&#50;&#x34;&#47;0&#x32;\/&#x6b;m&#x6c;&#45;&#x6b;&#97;&#x73;&#115;e&#x2d;1&#x35;0&#x78;&#49;&#x30;&#48;&#x40;&#50;&#x78;&#46;j&#x70;g 300w, https:\/\/www.kunstmuseumluzern.ch\/wp-content\/uploads\/2024\/02\/kml-kasse-1024x682.jpg 1024w, https:\/\/www.kunstmuseumluzern.ch\/wp-content\/uploads\/2024\/02\/kml-kasse-150x100.jpg 150w, https:\/\/www.kunstmuseumluzern.ch\/wp-content\/uploads\/2024\/02\/kml-kasse-420x280.jpg 420w, https:\/&#47;&#119;&#x77;&#x77;&#x2e;&#x6b;u&#110;&#115;&#116;&#x6d;&#x75;&#x73;eu&#109;&#108;&#x75;&#x7a;&#x65;rn&#46;&#99;&#x68;&#x2f;&#x77;p-&#99;&#111;&#x6e;&#x74;&#x65;nt&#47;&#117;&#x70;&#x6c;&#x6f;ad&#115;&#47;&#x32;&#x30;&#x32;&#x34;\/&#48;&#50;&#x2f;&#x6b;&#x6d;&#x6c;-&#107;&#97;&#115;&#x73;&#x65;&#x2d;30&#48;&#120;&#x32;&#x30;&#x30;&#64;2&#120;&#46;&#x6a;&#x70;&#x67; 600w, https:\/\/www&#46;kunstmuseumluzern&#46;&#99;&#104;&#47;&#119;&#112;&#45;&#99;&#111;&#110;&#116;&#101;&#110;&#116;&#47;&#117;&#112;&#108;&#111;&#97;&#100;&#115;&#47;&#50;&#48;&#50;&#52;&#47;&#48;&#50;&#47;&#107;&#x6d;&#x6c;&#x2d;&#x6b;&#x61;&#x73;&#x73;&#x65;&#x2d;&#x34;&#x32;&#x30;&#x78;&#x32;&#x38;&#x30;&#x40;&#x32;&#x78;&#x2e;&#x6a;&#x70;&#x67; 840w\" sizes=\"(max-width: 2000px) 100vw, 2000px\" \/>        <\/div>        \n        \n              <\/div>\n                    <div class=\"swiper-slide\" data-index=\"4\">\n                <div data-caption=\"Kunstmuseum Luzern, Shop, Foto: Marc Latzel\">          <img decoding=\"async\" width=\"2100\" height=\"1400\" src=\"https:\/\/www.kunstmuseumluzern.ch\/wp-content\/uploads\/2024\/02\/kml-shop.jpg\" class=\"attachment-gallery_image size-gallery_image\" alt=\"\" srcset=\"https:\/\/www.kunstmuseumluzern.ch\/wp-content\/uploads\/2024\/02\/kml-shop.jpg 2100w, https:\/\/&#119;&#119;&#x77;&#x2e;&#x6b;&#x75;ns&#116;&#109;&#x75;&#x73;&#x65;&#x75;ml&#117;&#122;&#101;&#x72;&#x6e;&#x2e;&#x63;h\/&#119;&#112;&#x2d;&#x63;&#x6f;&#x6e;te&#110;&#116;&#x2f;&#x75;&#x70;&#x6c;oa&#100;&#115;&#47;&#x32;&#x30;&#x32;&#x34;\/0&#50;&#47;&#x6b;&#x6d;&#x6c;&#x2d;sh&#111;&#112;&#x2d;&#x31;&#x35;&#x30;x1&#48;&#48;&#64;&#x32;&#x78;&#x2e;&#x6a;pg 300w, https:\/\/www.kunstmuseumluzern.ch\/wp-content\/uploads\/2024\/02\/kml-shop-1024x683.jpg 1024w, https:\/\/www.kunstmuseumluzern.ch\/wp-content\/uploads\/2024\/02\/kml-shop-150x100.jpg 150w, https:\/\/www.kunstmuseumluzern.ch\/wp-content\/uploads\/2024\/02\/kml-shop-420x280.jpg 420w, https:\/&#47;&#x77;&#x77;&#x77;&#46;&#107;&#x75;&#x6e;&#x73;t&#109;&#x75;&#x73;&#x65;u&#109;&#x6c;&#x75;&#x7a;e&#114;&#x6e;&#x2e;&#x63;h&#47;&#x77;&#x70;&#x2d;c&#111;&#x6e;&#x74;&#x65;n&#116;&#x2f;&#x75;&#x70;l&#111;&#x61;&#x64;&#x73;\/&#50;&#x30;&#x32;&#x34;\/&#48;&#x32;&#x2f;&#x6b;m&#108;&#x2d;&#x73;&#x68;o&#112;&#x2d;&#x33;&#x30;0&#120;&#x32;&#x30;&#x30;&#64;&#50;&#x78;&#x2e;&#x6a;p&#103; 600w, https:&#47;&#x2f;w&#119;&#x77;&#46;&#107;&#x75;n&#115;&#x74;m&#117;&#x73;e&#117;&#x6d;l&#117;&#x7a;e&#114;&#x6e;&#46;&#99;&#x68;\/&#119;&#x70;-&#99;&#x6f;n&#x74;&#x65;n&#x74;&#x2f;&#117;&#x70;&#x6c;&#111;&#x61;&#x64;&#115;&#x2f;&#x32;&#48;&#x32;&#x34;&#47;&#x30;2&#47;&#x6b;m&#108;&#x2d;s&#104;&#x6f;p&#45;&#x31;0&#50;&#x34;x&#54;&#x38;3&#64;&#x32;x&#46;&#x6a;p&#103; 2048w, https:&#x2f;&#x2f;&#x77;&#x77;&#119;&#46;&#107;&#117;nst&#x6d;&#x75;&#x73;&#x65;&#x75;&#109;&#108;&#117;zer&#x6e;&#x2e;&#x63;&#x68;&#x2f;&#119;&#112;&#45;con&#x74;&#x65;&#x6e;&#x74;&#x2f;&#117;&#112;&#108;oad&#x73;&#x2f;&#x32;&#x30;&#x32;&#52;&#47;&#48;2\/k&#x6d;&#x6c;&#x2d;&#x73;&#x68;&#111;&#112;&#45;420&#x78;&#x32;&#x38;&#x30;&#x40;&#50;&#120;&#46;&#106;pg 840w\" sizes=\"(max-width: 2100px) 100vw, 2100px\" \/>        <\/div>        \n        \n              <\/div>\n              \n    <\/div>\n\n    <div class=\"swiper-button-prev\"><\/div>\n    <div class=\"swiper-button-next\"><\/div>\n    <div class=\"swiper-pagination\"><\/div>\n    <div class=\"swiper-caption\"><\/div>\n  <\/div>\n\n<\/div>\n\n\n\n<div style=\"height:60px\" aria-hidden=\"true\" class=\"wp-block-spacer\"><\/div>\n\n\n\n<div class=\"wp-block-columns alignwide no-gap is-layout-flex wp-container-core-columns-is-layout-28f84493 wp-block-columns-is-layout-flex\">\n<div class=\"wp-block-column is-layout-flow wp-block-column-is-layout-flow\">\n<div class=\"wp-block-pb-accordion-item c-accordion__item js-accordion-item no-js\" data-initially-open=\"false\" data-click-to-close=\"true\" data-auto-close=\"true\" data-scroll=\"false\" data-scroll-offset=\"0\"><h2 id=\"at-1008810\" class=\"c-accordion__title js-accordion-controller\" role=\"button\" id=\"adresse\">Adresse<\/h2><div id=\"ac-1008810\" class=\"c-accordion__content\">\n<p>Kunstmuseum Luzern<br>Europaplatz 1<br>6002 Luzern<\/p>\n<\/div><\/div>\n\n\n\n<div class=\"wp-block-pb-accordion-item c-accordion__item js-accordion-item no-js\" data-initially-open=\"false\" data-click-to-close=\"true\" data-auto-close=\"true\" data-scroll=\"false\" data-scroll-offset=\"0\"><h2 id=\"at-1008811\" class=\"c-accordion__title js-accordion-controller\" role=\"button\" id=\"contact\">contact<\/h2><div id=\"ac-1008811\" class=\"c-accordion__content\">\n<p>+41 41 226 78 00<br><a href=\"&#x6d;&#x61;&#x69;&#x6c;&#116;&#111;&#58;in&#x66;&#x6f;&#x40;&#x6b;&#x75;&#110;&#115;&#116;mu&#x73;&#x65;&#x75;&#x6d;&#x6c;&#117;&#122;&#101;rn&#x2e;&#x63;&#x68;\">i&#110;&#102;&#x6f;&#x40;&#x6b;u&#110;&#115;&#x74;&#x6d;&#x75;se&#117;&#x6d;&#x6c;&#x75;ze&#114;&#110;&#x2e;&#x63;&#x68;<\/a><\/p>\n<\/div><\/div>\n\n\n\n<div class=\"wp-block-pb-accordion-item c-accordion__item js-accordion-item no-js\" data-initially-open=\"false\" data-click-to-close=\"true\" data-auto-close=\"true\" data-scroll=\"true\" data-scroll-offset=\"400\" id=\"prix\"><h2 id=\"at-1008812\" class=\"c-accordion__title js-accordion-controller\" role=\"button\" id=\"prix\">Prix<\/h2><div id=\"ac-1008812\" class=\"c-accordion__content\">\n<figure class=\"wp-block-table\"><table><tbody><tr><td>gratuit<\/td><td>chaque premier dimanche du mois<\/td><\/tr><tr><td>CHF 15.\u2013<\/td><td>Adulte<\/td><\/tr><tr><td>CHF 6.\u2013<\/td><td>Jeunes adultes de 16 \u00e0 25 ans<br>\u00c9tudiant\u00b7e\u00b7s avec carte<\/td><\/tr><tr><td>gratuit<\/td><td>Enfants et adolescents de moins de 16 ans<\/td><\/tr><tr><td>CHF 12.\u2013<br><\/td><td>Carte d\u2019h\u00f4te Lucerne<br>Visarte\/Art Card<br>IAA\/AIAP-Carte d&rsquo;artiste<br>IV<br>Groupes \u00e0 partir de 10 personnes (<a href=\"&#x6d;&#x61;&#105;l&#x74;&#x6f;&#x3a;&#107;u&#x6e;&#x73;&#x74;&#118;e&#x72;&#x6d;&#x69;&#116;t&#x6c;&#x75;&#x6e;&#103;&#64;&#x6b;&#x75;&#x6e;&#115;t&#x6d;&#x75;&#x73;&#101;u&#x6d;&#x6c;&#x75;&#122;e&#x72;&#x6e;&#x2e;&#99;h\">Inscription n\u00e9cessaire<\/a>)<\/td><\/tr><tr><td>gratuit<\/td><td>Membres Kunstgesellschaft Luzern<br>diverses associations d&rsquo;art<br>Kulturlegi<br>Schweizer Museumspass<br>Luzerner Museumspass<br>Raiffeisenkarte<br>Swiss Travel System<br>Membres de ICOM, VMS, IKT, CIMAM<br>Personnes accompagnant des personnes handicap\u00e9es<br>Enseignant\u00b7e\u00b7s Suisse centrale<br>Enseignant\u00b7e\u00b7s et \u00e9tudiant\u00b7e\u00b7s HSLU Design Film Arts et PHLU<\/td><\/tr><\/tbody><\/table><figcaption class=\"wp-element-caption\">Les prix peuvent varier en fonction de l&rsquo;exposition.<\/figcaption><\/figure>\n\n\n\n<div style=\"height:20px\" aria-hidden=\"true\" class=\"wp-block-spacer\"><\/div>\n\n\n\n<div class=\"wp-block-buttons is-content-justification-center is-layout-flex wp-container-core-buttons-is-layout-a89b3969 wp-block-buttons-is-layout-flex\">\n<div class=\"wp-block-button\"><a class=\"wp-block-button__link wp-element-button\" href=\"https:\/\/shop.kunstmuseumluzern.ch\/fr\/\">Acheter des billets<\/a><\/div>\n<\/div>\n<\/div><\/div>\n\n\n\n<div class=\"wp-block-pb-accordion-item c-accordion__item js-accordion-item no-js\" data-initially-open=\"false\" data-click-to-close=\"true\" data-auto-close=\"true\" data-scroll=\"true\" data-scroll-offset=\"300\" id=\"acces\"><h2 id=\"at-1008813\" class=\"c-accordion__title js-accordion-controller\" role=\"button\" id=\"acces\">Acc\u00e8s<\/h2><div id=\"ac-1008813\" class=\"c-accordion__content\">\n<div class=\"wp-block-buttons is-content-justification-center is-layout-flex wp-container-core-buttons-is-layout-a89b3969 wp-block-buttons-is-layout-flex\">\n<div class=\"wp-block-button\"><a class=\"wp-block-button__link wp-element-button\" href=\"https:\/\/maps.app.goo.gl\/aBQn7YzRrYaAdPEf7\" target=\"_blank\" rel=\"noreferrer noopener\">Google Maps<\/a><\/div>\n\n\n\n<div class=\"wp-block-button is-style-download\"><a class=\"wp-block-button__link wp-element-button\" href=\"https:\/\/www.kunstmuseumluzern.ch\/wp-content\/uploads\/2018\/06\/kunstmuseum-luzern-map.pdf\" target=\"_blank\" rel=\"noreferrer noopener\">Lageplan<\/a><\/div>\n<\/div>\n<\/div><\/div>\n<\/div>\n\n\n\n<div class=\"wp-block-column is-layout-flow wp-block-column-is-layout-flow\">\n<div class=\"wp-block-columns is-layout-flex wp-container-core-columns-is-layout-28f84493 wp-block-columns-is-layout-flex\">\n<div class=\"wp-block-column is-layout-flow wp-block-column-is-layout-flow\" style=\"flex-basis:100%\">\n<div class=\"wp-block-pb-accordion-item c-accordion__item js-accordion-item no-js\" data-initially-open=\"false\" data-click-to-close=\"true\" data-auto-close=\"true\" data-scroll=\"true\" data-scroll-offset=\"400\" id=\"horaires\"><h2 id=\"at-1008814\" class=\"c-accordion__title js-accordion-controller\" role=\"button\" id=\"horaires\">Horaires<\/h2><div id=\"ac-1008814\" class=\"c-accordion__content\">\n<figure class=\"wp-block-table\"><table><tbody><tr><td>Lundi<\/td><td>ferm\u00e9<\/td><\/tr><tr><td>Mardi<\/td><td>11h\u201318h<\/td><\/tr><tr><td>Mercredi<\/td><td>11h\u201319h<\/td><\/tr><tr><td>Jeudi<\/td><td>11h\u201318h<\/td><\/tr><tr><td>Vendredi<\/td><td>11h\u201318h<\/td><\/tr><tr><td>Samedi<\/td><td>11h\u201318h<\/td><\/tr><tr><td>Dimanche<\/td><td>11h\u201318h<\/td><\/tr><\/tbody><\/table><\/figure>\n<\/div><\/div>\n<\/div>\n<\/div>\n\n\n\n<div class=\"wp-block-pb-accordion-item c-accordion__item js-accordion-item no-js\" data-initially-open=\"false\" data-click-to-close=\"true\" data-auto-close=\"true\" data-scroll=\"false\" data-scroll-offset=\"0\"><h2 id=\"at-1008815\" class=\"c-accordion__title js-accordion-controller\" role=\"button\" id=\"jour-ferie\">jour f\u00e9ri\u00e9<\/h2><div id=\"ac-1008815\" class=\"c-accordion__content\">\n<div class=\"wp-block-columns is-layout-flex wp-container-core-columns-is-layout-28f84493 wp-block-columns-is-layout-flex\">\n<div class=\"wp-block-column is-layout-flow wp-block-column-is-layout-flow\" style=\"flex-basis:100%\">\n<figure class=\"wp-block-table\"><table><tbody><tr><td>Vendredi saint (03.04.)<br>Dimanche de P\u00e2ques (05.04.)<br>Ascension (14.05.)<br>Dimanche de Pentec\u00f4te (24.05.)<br>F\u00eate-Dieu (04.06.)<br>F\u00eate nationale (01.08.)<br>Assomption (15.08.)<br>St. Leodegar (02.10.)<br>Toussaint (01.11.)<br>Saint-\u00c9tienne (26.12.)<br>Nouvel an (01.01.2027)<\/td><td>ouvert 11\u201318 Uhr<\/td><\/tr><tr><td>Lundi de P\u00e2ques (06.04.)<br>Lundi de Pentec\u00f4te (25.05.)<br>Immacul\u00e9e Conception (08.12.)<br>R\u00e9veillon de No\u00ebl (24.12.)<br>No\u00ebl (25.12.)<br>R\u00e9veillon de nouvel an (31.12.)<\/td><td>ferm\u00e9<\/td><\/tr><\/tbody><\/table><\/figure>\n<\/div>\n<\/div>\n<\/div><\/div>\n\n\n\n<div class=\"wp-block-pb-accordion-item c-accordion__item js-accordion-item no-js\" data-initially-open=\"false\" data-click-to-close=\"true\" data-auto-close=\"true\" data-scroll=\"false\" data-scroll-offset=\"0\"><h2 id=\"at-1008816\" class=\"c-accordion__title js-accordion-controller\" role=\"button\" id=\"photographier-et-filmer\">Photographier et filmer<\/h2><div id=\"ac-1008816\" class=\"c-accordion__content\">\n<p>Il est permis de photographier et de filmer pour son usage personnel avec des smartphones et des appareils photo num\u00e9riques compacts. Les exceptions sont signal\u00e9es dans l&rsquo;exposition. Les flashs, les tr\u00e9pieds et les selfies sticks ne sont pas autoris\u00e9s. Les prises de photos et de films professionnelles doivent \u00eatre signal\u00e9es et autoris\u00e9es \u00e0 l&rsquo;avance.<\/p>\n<\/div><\/div>\n\n\n\n<div class=\"wp-block-pb-accordion-item c-accordion__item js-accordion-item no-js\" data-initially-open=\"false\" data-click-to-close=\"true\" data-auto-close=\"true\" data-scroll=\"false\" data-scroll-offset=\"0\"><h2 id=\"at-1008817\" class=\"c-accordion__title js-accordion-controller\" role=\"button\" id=\"utilisation-de-photos-et-films-lors-de-vernissages\">Utilisation de photos et films lors de vernissages<\/h2><div id=\"ac-1008817\" class=\"c-accordion__content\">\n<p>Nous documentons en partie nos vernissages avec des photos et des films. Ces photos et films sont publi\u00e9s sur les r\u00e9seaux sociaux du Kunstmuseum Luzern.<\/p>\n<\/div><\/div>\n<\/div>\n<\/div>\n\n\n\n<div style=\"height:60px\" aria-hidden=\"true\" class=\"wp-block-spacer\"><\/div>\n\n\n\n<div class=\"wp-block-columns is-layout-flex wp-container-core-columns-is-layout-28f84493 wp-block-columns-is-layout-flex\">\n<div class=\"wp-block-column is-layout-flow wp-block-column-is-layout-flow\"><\/div>\n\n\n\n<div class=\"wp-block-column is-layout-flow wp-block-column-is-layout-flow\">\n<div class=\"wp-block-buttons is-content-justification-center is-layout-flex wp-container-core-buttons-is-layout-a89b3969 wp-block-buttons-is-layout-flex\">\n<div class=\"wp-block-button is-style-download\"><a class=\"wp-block-button__link wp-element-button\" href=\"https:\/\/www.kunstmuseumluzern.ch\/wp-content\/uploads\/2023\/04\/anleitung-museumsbesuch-fr-2025.pdf\" target=\"_blank\" rel=\"noreferrer noopener\">R\u00e8glement<\/a><\/div>\n<\/div>\n<\/div>\n\n\n\n<div class=\"wp-block-column is-layout-flow wp-block-column-is-layout-flow\"><\/div>\n<\/div>\n\n\n\n<div style=\"height:120px\" aria-hidden=\"true\" class=\"wp-block-spacer\"><\/div>\n\n\n\n<div class=\"wp-block-nav-links alignwide\">\n\n    <div class=\"wp-block-nav-links__link-wrapper\">\n  \n        <a class=\"wp-block-nav-links__link\" href=\"https:\/\/www.kunstmuseumluzern.ch\/fr\/visiter\/agenda\/\" target=\"_self\">Agenda<\/a>\n    \n  \n        <a class=\"wp-block-nav-links__link\" href=\"https:\/\/www.kunstmuseumluzern.ch\/fr\/visiter\/accessibilite\/\" target=\"_self\">Accessibilit\u00e9<\/a>\n    \n  \n        <a class=\"wp-block-nav-links__link\" href=\"https:\/\/www.kunstmuseumluzern.ch\/fr\/visiter\/cafe\/\" target=\"_self\">Caf\u00e9<\/a>\n    \n  \n        <a class=\"wp-block-nav-links__link\" href=\"https:\/\/shop.kunstmuseumluzern.ch\/fr\/\" target=\"_self\">Shop<\/a>\n    \n    <\/div>\n  \n<\/div>\n\n\n<div class=\"wp-block-nav-links alignwide\">\n\n      <div class=\"wp-block-nav-links__title\">Expositions en cours<\/div>\n\n  <div class=\"wp-block-nav-links__link-wrapper\">\n  \n        <a class=\"wp-block-nav-links__link\" href=\"https:\/\/www.kunstmuseumluzern.ch\/fr\/exhibitions\/maria-pininska-beres\/\">Maria Pininska-Beres<\/a>\n    \n  \n        <a class=\"wp-block-nav-links__link\" href=\"https:\/\/www.kunstmuseumluzern.ch\/fr\/exhibitions\/1-raum-1-werk\/\">1 Raum, 1 Werk<\/a>\n    \n  \n        <a class=\"wp-block-nav-links__link\" href=\"https:\/\/www.kunstmuseumluzern.ch\/fr\/exhibitions\/brian-dawn-chalkley\/\">Brian Dawn Chalkley<\/a>\n    \n    <\/div>\n  \n<\/div>","protected":false},"excerpt":{"rendered":"","protected":false},"author":14,"featured_media":0,"parent":101456,"menu_order":1,"comment_status":"closed","ping_status":"closed","template":"","meta":{"_acf_changed":false,"_seopress_robots_primary_cat":"","_seopress_titles_title":"Informations | KUNSTMUSEUM LUZERN","_seopress_titles_desc":"Informations sur l'arriv\u00e9e, les heures d'ouverture et les prix. Visitez le Kunstmuseum Luzern pour une exp\u00e9rience d'art inoubliable.","_seopress_robots_index":"","inline_featured_image":false,"ghostkit_customizer_options":"","ghostkit_custom_css":"","ghostkit_custom_js_head":"","ghostkit_custom_js_foot":"","ghostkit_typography":"","footnotes":""},"tags":[],"class_list":["post-100881","page","type-page","status-publish","hentry"],"acf":[],"_links":{"self":[{"href":"https:\/\/www.kunstmuseumluzern.ch\/fr\/wp-json\/wp\/v2\/pages\/100881","targetHints":{"allow":["GET"]}}],"collection":[{"href":"https:\/\/www.kunstmuseumluzern.ch\/fr\/wp-json\/wp\/v2\/pages"}],"about":[{"href":"https:\/\/www.kunstmuseumluzern.ch\/fr\/wp-json\/wp\/v2\/types\/page"}],"author":[{"embeddable":true,"href":"https:\/\/www.kunstmuseumluzern.ch\/fr\/wp-json\/wp\/v2\/users\/14"}],"replies":[{"embeddable":true,"href":"https:\/\/www.kunstmuseumluzern.ch\/fr\/wp-json\/wp\/v2\/comments?post=100881"}],"version-history":[{"count":68,"href":"https:\/\/www.kunstmuseumluzern.ch\/fr\/wp-json\/wp\/v2\/pages\/100881\/revisions"}],"predecessor-version":[{"id":222055,"href":"https:\/\/www.kunstmuseumluzern.ch\/fr\/wp-json\/wp\/v2\/pages\/100881\/revisions\/222055"}],"up":[{"embeddable":true,"href":"https:\/\/www.kunstmuseumluzern.ch\/fr\/wp-json\/wp\/v2\/pages\/101456"}],"wp:attachment":[{"href":"https:\/\/www.kunstmuseumluzern.ch\/fr\/wp-json\/wp\/v2\/media?parent=100881"}],"wp:term":[{"taxonomy":"post_tag","embeddable":true,"href":"https:\/\/www.kunstmuseumluzern.ch\/fr\/wp-json\/wp\/v2\/tags?post=100881"}],"curies":[{"name":"wp","href":"https:\/\/api.w.org\/{rel}","templated":true}]}}