{"id":101814,"date":"2024-01-15T16:00:31","date_gmt":"2024-01-15T15:00:31","guid":{"rendered":"https:\/\/www.kunstmuseumluzern.ch\/musee\/partenariats\/oeffentliche-hand\/"},"modified":"2024-08-07T18:21:04","modified_gmt":"2024-08-07T16:21:04","slug":"pouvoirs-publics","status":"publish","type":"page","link":"https:\/\/www.kunstmuseumluzern.ch\/fr\/musee\/partenariats\/pouvoirs-publics\/","title":{"rendered":"Pouvoirs publics\u00a0"},"content":{"rendered":"\n<figure class=\"wp-block-image alignwide size-full\"><img decoding=\"async\" width=\"2760\" height=\"1020\" src=\"https:\/\/www.kunstmuseumluzern.ch\/wp-content\/uploads\/2024\/02\/kml-luzern.jpg\" alt=\"\" class=\"wp-image-21078\" srcset=\"https:\/\/www.kunstmuseumluzern.ch\/wp-content\/uploads\/2024\/02\/kml-luzern.jpg 2760w, https:&#x2f;&#47;w&#x77;&#119;&#46;&#x6b;&#117;n&#x73;&#x74;&#109;&#x75;&#x73;&#101;u&#x6d;&#108;u&#x7a;&#101;r&#x6e;&#x2e;&#99;&#x68;&#x2f;&#119;p&#x2d;&#99;o&#x6e;&#116;e&#x6e;&#116;\/&#x75;&#x70;&#108;&#x6f;&#x61;&#100;s&#x2f;&#50;0&#x32;&#52;\/&#x30;&#x32;&#47;&#x6b;&#x6d;&#108;-&#x6c;&#117;z&#x65;&#114;n&#x2d;&#49;5&#x30;&#x78;&#53;&#x35;&#x40;&#50;x&#x2e;&#106;p&#x67; 300w, https:\/\/www.kunstmuseumluzern.ch\/wp-content\/uploads\/2024\/02\/kml-luzern-1024x378.jpg 1024w, https:\/\/www.kunstmuseumluzern.ch\/wp-content\/uploads\/2024\/02\/kml-luzern-150x55.jpg 150w, https:\/\/www.kunstmuseumluzern.ch\/wp-content\/uploads\/2024\/02\/kml-luzern-420x155.jpg 420w, https:&#x2f;&#x2f;&#x77;&#119;&#119;&#46;k&#x75;&#x6e;&#x73;&#116;&#109;us&#x65;&#x75;&#x6d;&#108;&#117;ze&#x72;&#x6e;&#x2e;&#99;&#104;\/w&#x70;&#x2d;&#x63;&#111;&#110;te&#x6e;&#x74;&#x2f;&#117;&#112;&#108;o&#x61;&#x64;&#x73;&#x2f;&#50;&#48;2&#x34;&#x2f;&#x30;&#x32;&#47;&#107;ml&#x2d;&#x6c;&#x75;&#122;&#101;rn&#x2d;&#x33;&#x30;&#48;&#120;11&#x31;&#x40;&#x32;&#120;&#46;jp&#x67; 600w, https:&#x2f;&#x2f;&#x77;&#x77;&#119;&#46;&#107;&#117;nst&#x6d;&#x75;&#x73;&#x65;&#x75;&#109;&#108;&#117;zer&#x6e;&#x2e;&#x63;&#x68;&#x2f;&#119;&#112;&#45;con&#x74;&#x65;&#x6e;&#x74;&#x2f;&#117;&#112;&#108;oad&#x73;&#x2f;&#x32;&#x30;&#x32;&#52;&#47;&#48;2\/k&#x6d;&#x6c;&#x2d;&#x6c;&#x75;&#122;&#101;&#114;n-1&#x30;&#x32;&#x34;&#x78;&#x33;&#55;&#56;&#64;&#50;x&#46;&#x6a;&#x70;&#x67; 2048w, https:&#x2f;&#x2f;&#x77;&#x77;&#x77;&#x2e;&#x6b;&#x75;&#x6e;&#x73;&#x74;&#x6d;&#x75;&#x73;&#101;&#117;&#109;&#108;&#117;&#122;&#101;&#114;&#110;&#46;&#99;h\/wp-con&#x74;&#x65;&#x6e;&#x74;&#x2f;&#x75;&#x70;&#x6c;&#x6f;&#x61;&#x64;&#x73;&#x2f;&#x32;&#x30;&#50;&#52;&#47;&#48;&#50;&#47;&#107;&#109;&#108;&#45;luzern-4&#x32;&#x30;&#x78;&#x31;&#x35;&#x35;&#x40;&#x32;&#x78;&#x2e;&#x6a;&#x70;&#x67; 840w\" sizes=\"(max-width: 2760px) 100vw, 2760px\" \/><figcaption class=\"wp-element-caption\">Werner Friedli, Luzern, 15.07.1965, im Vordergrund das alte Kunstmuseum von Armin Meili<\/figcaption><\/figure>\n\n\n\n<div style=\"height:60px\" aria-hidden=\"true\" class=\"wp-block-spacer\"><\/div>\n\n\n\n<h2 class=\"wp-block-heading\" id=\"pouvoirs-publics\" id=\"pouvoirs-publics\">Pouvoirs publics<strong>\u00a0<\/strong><\/h2>\n\n\n\n<div style=\"height:30px\" aria-hidden=\"true\" class=\"wp-block-spacer\"><\/div>\n\n\n\n<p>Les subventions publiques que le Kunstmuseum Luzern re\u00e7oit au titre de son action culturelle sont r\u00e9gies par d\u00e9cret. Une partie importante de son budget de fonctionnement est financ\u00e9e par le Canton et la Ville de Lucerne par le biais de l\u2019association de droit public Grosse Kulturbetriebe Luzern. Par ailleurs, les membres de la Kunstgesellschaft Luzern, la Stiftung f\u00fcr das Kunstmuseum Luzern, l\u2019ArtClub Luzern et la Fondation BEST Art Collection Luzern contribuent au financement de ses activit\u00e9s d\u2019exposition, de collection et de m\u00e9diation. \u00c0 charge du mus\u00e9e de compl\u00e9ter son budget au moyen de dons et de partenariats de sponsoring ainsi que par les recettes d\u2019exploitation.<\/p>\n\n\n\n<div style=\"height:30px\" aria-hidden=\"true\" class=\"wp-block-spacer\"><\/div>\n","protected":false},"excerpt":{"rendered":"<p>Pouvoirs publics\u00a0 Les subventions publiques que le Kunstmuseum Luzern re\u00e7oit au titre de son action culturelle sont r\u00e9gies par d\u00e9cret. Une partie importante de son budget de fonctionnement est financ\u00e9e par le Canton et la Ville de Lucerne par le biais de l\u2019association de droit public Grosse Kulturbetriebe Luzern. Par ailleurs, les membres de la [&hellip;]<\/p>\n","protected":false},"author":14,"featured_media":0,"parent":101769,"menu_order":0,"comment_status":"closed","ping_status":"closed","template":"","meta":{"_acf_changed":false,"_seopress_robots_primary_cat":"","_seopress_titles_title":"","_seopress_titles_desc":"","_seopress_robots_index":"","inline_featured_image":false,"ghostkit_customizer_options":"","ghostkit_custom_css":"","ghostkit_custom_js_head":"","ghostkit_custom_js_foot":"","ghostkit_typography":"","footnotes":""},"tags":[],"class_list":["post-101814","page","type-page","status-publish","hentry"],"acf":[],"_links":{"self":[{"href":"https:\/\/www.kunstmuseumluzern.ch\/fr\/wp-json\/wp\/v2\/pages\/101814","targetHints":{"allow":["GET"]}}],"collection":[{"href":"https:\/\/www.kunstmuseumluzern.ch\/fr\/wp-json\/wp\/v2\/pages"}],"about":[{"href":"https:\/\/www.kunstmuseumluzern.ch\/fr\/wp-json\/wp\/v2\/types\/page"}],"author":[{"embeddable":true,"href":"https:\/\/www.kunstmuseumluzern.ch\/fr\/wp-json\/wp\/v2\/users\/14"}],"replies":[{"embeddable":true,"href":"https:\/\/www.kunstmuseumluzern.ch\/fr\/wp-json\/wp\/v2\/comments?post=101814"}],"version-history":[{"count":4,"href":"https:\/\/www.kunstmuseumluzern.ch\/fr\/wp-json\/wp\/v2\/pages\/101814\/revisions"}],"predecessor-version":[{"id":119995,"href":"https:\/\/www.kunstmuseumluzern.ch\/fr\/wp-json\/wp\/v2\/pages\/101814\/revisions\/119995"}],"up":[{"embeddable":true,"href":"https:\/\/www.kunstmuseumluzern.ch\/fr\/wp-json\/wp\/v2\/pages\/101769"}],"wp:attachment":[{"href":"https:\/\/www.kunstmuseumluzern.ch\/fr\/wp-json\/wp\/v2\/media?parent=101814"}],"wp:term":[{"taxonomy":"post_tag","embeddable":true,"href":"https:\/\/www.kunstmuseumluzern.ch\/fr\/wp-json\/wp\/v2\/tags?post=101814"}],"curies":[{"name":"wp","href":"https:\/\/api.w.org\/{rel}","templated":true}]}}