{"id":102464,"date":"2023-11-09T10:23:35","date_gmt":"2023-11-09T09:23:07","guid":{"rendered":"https:\/\/www.kunstmuseumluzern.ch\/mediation\/children-families\/"},"modified":"2024-05-02T10:50:47","modified_gmt":"2024-05-02T08:50:47","slug":"enfants-familles","status":"publish","type":"page","link":"https:\/\/www.kunstmuseumluzern.ch\/fr\/mediation\/enfants-familles\/","title":{"rendered":"Enfants &amp; familles"},"content":{"rendered":"\n<div class=\"wp-block-slider alignfull\">\n\n  <div class=\"swiper-container\">\n    <div class=\"swiper-wrapper\">\n\n      \n            <div class=\"swiper-slide\" data-index=\"0\">\n                <div data-caption=\"\">          <img decoding=\"async\" width=\"1876\" height=\"1400\" src=\"https:\/\/www.kunstmuseumluzern.ch\/wp-content\/uploads\/2024\/02\/kv-kinder-familien-1400px-01.jpg\" class=\"attachment-gallery_image size-gallery_image\" alt=\"\" srcset=\"https:\/\/www.kunstmuseumluzern.ch\/wp-content\/uploads\/2024\/02\/kv-kinder-familien-1400px-01.jpg 1876w, https:&#47;&#x2f;&#x77;w&#119;&#x2e;k&#117;&#x6e;&#x73;t&#109;&#x75;s&#101;&#x75;&#x6d;l&#117;&#x7a;e&#114;&#x6e;&#x2e;&#99;&#104;&#x2f;w&#112;&#x2d;&#x63;&#111;&#x6e;&#x74;e&#110;&#x74;\/&#117;&#x70;&#x6c;o&#97;&#x64;s&#47;&#x32;&#x30;2&#52;&#x2f;0&#50;&#x2f;&#x6b;v&#45;&#x6b;i&#110;&#x64;&#x65;&#114;&#x2d;&#x66;a&#109;&#x69;l&#105;&#x65;&#x6e;-&#49;&#x34;0&#48;&#x70;&#x78;-&#48;&#x31;-&#49;&#x35;&#x30;x&#49;&#x31;2&#64;&#x32;&#x78;&#46;&#106;&#x70;g 300w, https:\/\/www.kunstmuseumluzern.ch\/wp-content\/uploads\/2024\/02\/kv-kinder-familien-1400px-01-1024x764.jpg 1024w, https:\/\/www.kunstmuseumluzern.ch\/wp-content\/uploads\/2024\/02\/kv-kinder-familien-1400px-01-150x112.jpg 150w, https:\/\/www.kunstmuseumluzern.ch\/wp-content\/uploads\/2024\/02\/kv-kinder-familien-1400px-01-420x313.jpg 420w, https:&#47;&#x2f;&#119;&#x77;w&#46;&#x6b;&#117;&#x6e;s&#x74;m&#117;&#x73;&#101;&#x75;m&#x6c;&#x75;&#122;&#x65;r&#x6e;&#46;&#99;&#x68;&#47;&#x77;p&#x2d;c&#111;&#x6e;&#116;&#x65;n&#116;&#x2f;&#117;&#x70;l&#x6f;a&#100;&#x73;&#47;&#x32;0&#x32;&#x34;&#47;&#x30;&#50;&#x2f;k&#118;&#x2d;&#107;&#x69;n&#x64;e&#114;&#x2d;&#102;&#x61;m&#x69;&#x6c;&#105;&#x65;n&#x2d;1&#52;&#x30;&#48;&#x70;x&#x2d;0&#49;&#x2d;&#51;&#x30;0&#120;&#x32;&#50;&#x34;&#64;&#x32;x&#46;&#x6a;&#112;&#x67; 600w, https:&#47;&#x2f;&#119;&#x77;&#119;&#x2e;&#107;&#x75;n&#x73;t&#x6d;u&#x73;e&#117;&#x6d;&#108;&#x75;&#122;&#x65;&#114;&#x6e;&#46;&#x63;h&#x2f;w&#x70;-&#x63;o&#110;&#x74;&#101;&#x6e;&#116;&#x2f;&#117;&#x70;&#108;&#x6f;a&#x64;s&#x2f;2&#x30;2&#52;&#x2f;&#48;&#x32;&#47;&#x6b;&#118;&#x2d;&#107;&#x69;n&#x64;e&#x72;-&#102;a&#109;&#x69;&#108;&#x69;&#101;&#x6e;&#45;&#x31;&#52;&#x30;0&#x70;x&#x2d;0&#49;-&#52;&#x32;&#48;&#x78;&#51;&#x31;&#51;&#x40;2&#x78;&#46;&#x6a;p&#x67; 840w\" sizes=\"(max-width: 1876px) 100vw, 1876px\" \/>        <\/div>        \n        \n              <\/div>\n                    <div class=\"swiper-slide\" data-index=\"1\">\n                <div data-caption=\"\">          <img decoding=\"async\" width=\"2099\" height=\"1400\" src=\"https:\/\/www.kunstmuseumluzern.ch\/wp-content\/uploads\/2024\/02\/kv-kinder-familien-1400px-02.jpg\" class=\"attachment-gallery_image size-gallery_image\" alt=\"\" srcset=\"https:\/\/www.kunstmuseumluzern.ch\/wp-content\/uploads\/2024\/02\/kv-kinder-familien-1400px-02.jpg 2099w, https:&#x2f;&#x2f;&#119;w&#x77;&#x2e;&#107;un&#x73;&#x74;&#109;u&#x73;&#x65;&#117;&#109;l&#x75;&#x7a;&#101;r&#x6e;&#x2e;&#99;&#104;\/&#x77;&#x70;&#45;c&#x6f;&#x6e;&#116;&#101;n&#x74;&#x2f;&#117;p&#x6c;&#x6f;&#97;&#100;s&#x2f;&#x32;&#48;2&#x34;&#x2f;&#x30;&#50;\/&#x6b;&#x76;&#45;ki&#x6e;&#x64;&#101;r&#x2d;&#x66;&#97;&#109;i&#x6c;&#x69;&#101;n&#x2d;&#x31;&#52;&#48;0&#x70;&#x78;&#45;0&#x32;&#x2d;&#49;&#53;0&#x78;&#x31;&#48;0&#x40;&#x32;&#120;&#46;j&#x70;&#x67; 300w, https:\/\/www.kunstmuseumluzern.ch\/wp-content\/uploads\/2024\/02\/kv-kinder-familien-1400px-02-1024x683.jpg 1024w, https:\/\/www.kunstmuseumluzern.ch\/wp-content\/uploads\/2024\/02\/kv-kinder-familien-1400px-02-150x100.jpg 150w, https:\/\/www.kunstmuseumluzern.ch\/wp-content\/uploads\/2024\/02\/kv-kinder-familien-1400px-02-420x280.jpg 420w, https:&#x2f;&#x2f;&#119;ww&#x2e;&#x6b;&#117;&#110;s&#x74;&#x6d;&#117;&#115;e&#x75;&#x6d;&#x6c;&#117;ze&#x72;&#x6e;&#46;&#99;h&#x2f;&#x77;&#112;&#45;c&#x6f;&#x6e;&#116;&#101;n&#x74;&#x2f;&#x75;&#112;lo&#x61;&#x64;&#115;&#47;2&#x30;&#x32;&#52;&#47;0&#x32;&#x2f;&#107;&#118;-&#x6b;&#x69;&#x6e;&#100;er&#x2d;&#x66;&#97;&#109;i&#x6c;&#x69;&#101;&#110;-&#x31;&#x34;&#x30;&#48;p&#x78;&#x2d;&#x30;&#50;-3&#x30;&#x30;&#120;&#50;0&#x30;&#x40;&#50;&#120;&#46;&#x6a;&#x70;&#x67; 600w, https:&#47;&#x2f;w&#x77;&#x77;&#46;&#x6b;u&#110;&#x73;&#116;&#x6d;u&#115;&#x65;u&#x6d;l&#117;&#x7a;e&#x72;&#x6e;&#46;&#x63;h&#47;&#x77;&#112;&#x2d;c&#111;&#x6e;&#116;&#x65;n&#116;&#x2f;u&#x70;&#x6c;&#111;&#x61;d&#115;&#x2f;&#50;&#x30;2&#52;&#x2f;&#48;&#x32;\/&#107;&#x76;-&#x6b;i&#110;&#x64;e&#x72;&#x2d;&#102;&#x61;m&#105;&#x6c;&#105;&#x65;n&#45;&#x31;&#52;&#x30;0&#112;&#x78;-&#x30;&#x32;&#45;&#x31;0&#50;&#x34;&#120;&#x36;8&#51;&#x40;&#50;&#x78;&#46;&#106;&#x70;g 2048w, https:\/\/ww&#119;&#46;&#107;&#117;&#110;&#115;&#116;&#x6d;&#x75;&#x73;&#x65;&#x75;&#x6d;&#x6c;&#x75;&#x7a;ern&#46;&#99;&#104;&#47;&#119;&#112;&#45;&#99;&#x6f;&#x6e;&#x74;&#x65;&#x6e;&#x74;&#x2f;&#x75;&#x70;load&#115;&#47;&#50;&#48;&#50;&#52;&#47;&#x30;&#x32;&#x2f;&#x6b;&#x76;&#x2d;&#x6b;&#x69;&#x6e;der-&#102;&#97;&#109;&#105;&#108;&#105;&#101;&#x6e;&#x2d;&#x31;&#x34;&#x30;&#x30;&#x70;&#x78;&#x2d;02-4&#50;&#48;&#120;&#50;&#56;&#48;&#64;&#x32;&#x78;&#x2e;&#x6a;&#x70;&#x67; 840w\" sizes=\"(max-width: 2099px) 100vw, 2099px\" \/>        <\/div>        \n        \n              <\/div>\n                    <div class=\"swiper-slide\" data-index=\"2\">\n                <div data-caption=\"\">          <img decoding=\"async\" width=\"1052\" height=\"1400\" src=\"https:\/\/www.kunstmuseumluzern.ch\/wp-content\/uploads\/2024\/02\/kv-kinder-familien-1400px-03.jpg\" class=\"attachment-gallery_image size-gallery_image\" alt=\"\" srcset=\"https:\/\/www.kunstmuseumluzern.ch\/wp-content\/uploads\/2024\/02\/kv-kinder-familien-1400px-03.jpg 1052w, https:&#47;&#x2f;&#119;&#x77;&#119;&#x2e;&#107;&#x75;&#110;&#x73;&#116;&#x6d;&#117;&#x73;&#101;&#x75;&#109;&#x6c;&#117;&#x7a;&#101;&#x72;&#110;&#x2e;&#99;&#x68;\/&#x77;p&#x2d;c&#x6f;n&#x74;e&#x6e;t&#x2f;u&#x70;l&#x6f;a&#x64;s&#47;2&#48;2&#52;&#x2f;&#48;&#x32;&#47;&#x6b;&#118;&#x2d;&#107;&#x69;&#110;&#x64;&#101;&#x72;&#45;&#x66;&#97;&#x6d;&#105;&#x6c;&#105;&#x65;&#110;&#x2d;&#49;&#x34;0&#x30;p&#x78;-&#x30;3&#x2d;1&#x35;0&#x78;2&#x30;0&#x40;2&#x78;&#46;&#106;p&#103; 300w, https:\/\/www.kunstmuseumluzern.ch\/wp-content\/uploads\/2024\/02\/kv-kinder-familien-1400px-03-1024x1363.jpg 1024w, https:\/\/www.kunstmuseumluzern.ch\/wp-content\/uploads\/2024\/02\/kv-kinder-familien-1400px-03-150x200.jpg 150w, https:\/\/www.kunstmuseumluzern.ch\/wp-content\/uploads\/2024\/02\/kv-kinder-familien-1400px-03-420x559.jpg 420w, https:&#x2f;&#47;&#119;w&#x77;&#x2e;&#107;u&#x6e;&#x73;&#116;mu&#x73;&#101;&#117;m&#x6c;&#x75;&#122;e&#x72;&#x6e;&#46;&#99;h&#x2f;&#x77;&#112;-&#x63;&#x6f;&#110;t&#x65;&#x6e;&#116;&#47;u&#x70;&#x6c;&#111;a&#x64;&#x73;&#47;2&#x30;&#x32;&#52;&#47;0&#x32;&#x2f;&#107;v&#x2d;&#x6b;&#105;n&#x64;&#x65;&#114;&#45;f&#x61;&#x6d;&#105;l&#x69;&#x65;&#110;-&#x31;&#x34;&#48;&#48;p&#x78;&#x2d;&#48;3&#x2d;&#x33;&#48;0&#x78;&#x33;&#57;&#57;&#64;&#x32;&#x78;&#46;j&#x70;&#x67; 600w, https:&#x2f;\/&#x77;&#119;&#x77;&#x2e;k&#x75;&#110;&#x73;&#x74;m&#x75;&#115;&#x65;&#x75;m&#x6c;&#117;&#x7a;&#x65;r&#x6e;&#46;&#x63;&#x68;\/&#x77;&#112;&#x2d;&#x63;o&#x6e;&#116;&#x65;&#x6e;t&#x2f;&#117;&#x70;&#x6c;o&#x61;&#100;&#x73;&#x2f;2&#x30;&#50;&#x34;&#x2f;0&#x32;&#47;&#x6b;&#x76;-&#x6b;&#105;&#x6e;&#x64;e&#x72;&#45;&#x66;&#x61;m&#x69;&#108;&#x69;&#x65;n&#x2d;&#49;&#x34;&#x30;0&#x70;&#120;&#x2d;&#x30;3&#x2d;&#52;&#x32;&#x30;x&#x35;&#53;&#x39;&#x40;2&#x78;&#46;&#x6a;&#x70;g 840w\" sizes=\"(max-width: 1052px) 100vw, 1052px\" \/>        <\/div>        \n        \n              <\/div>\n                    <div class=\"swiper-slide\" data-index=\"3\">\n                <div data-caption=\"\">          <img decoding=\"async\" width=\"2100\" height=\"1400\" src=\"https:\/\/www.kunstmuseumluzern.ch\/wp-content\/uploads\/2024\/02\/kv-schulen-1400px-03.jpg\" class=\"attachment-gallery_image size-gallery_image\" alt=\"\" srcset=\"https:\/\/www.kunstmuseumluzern.ch\/wp-content\/uploads\/2024\/02\/kv-schulen-1400px-03.jpg 2100w, https:\/\/&#119;&#119;&#x77;&#x2e;&#x6b;&#x75;ns&#116;&#109;&#x75;&#x73;&#x65;&#x75;ml&#117;&#122;&#101;&#x72;&#x6e;&#x2e;&#x63;h\/&#119;&#112;&#x2d;&#x63;&#x6f;&#x6e;te&#110;&#116;&#x2f;&#x75;&#x70;&#x6c;oa&#100;&#115;&#47;&#x32;&#x30;&#x32;&#x34;\/0&#50;&#47;&#x6b;&#x76;&#x2d;&#x73;ch&#117;&#108;&#x65;&#x6e;&#x2d;&#x31;40&#48;&#112;&#120;&#x2d;&#x30;&#x33;&#x2d;15&#48;&#120;&#x31;&#x30;&#x30;&#x40;2x&#46;&#106;&#x70;&#x67; 300w, https:\/\/www.kunstmuseumluzern.ch\/wp-content\/uploads\/2024\/02\/kv-schulen-1400px-03-1024x683.jpg 1024w, https:\/\/www.kunstmuseumluzern.ch\/wp-content\/uploads\/2024\/02\/kv-schulen-1400px-03-150x100.jpg 150w, https:\/\/www.kunstmuseumluzern.ch\/wp-content\/uploads\/2024\/02\/kv-schulen-1400px-03-420x280.jpg 420w, https:&#x2f;&#x2f;&#x77;&#x77;&#x77;&#x2e;&#107;&#117;&#110;&#115;tmus&#x65;&#x75;&#x6d;&#x6c;&#x75;&#x7a;&#101;&#114;&#110;&#46;&#99;h\/w&#x70;&#x2d;&#x63;&#x6f;&#x6e;&#x74;&#101;&#110;&#116;&#47;&#117;plo&#x61;&#x64;&#x73;&#x2f;&#x32;&#x30;&#x32;&#52;&#47;&#48;&#50;\/kv-&#x73;&#x63;&#x68;&#x75;&#x6c;&#x65;&#110;&#45;&#49;&#52;00px&#x2d;&#x30;&#x33;&#x2d;&#x33;&#x30;&#48;&#120;&#50;&#48;&#48;&#64;2x&#x2e;&#x6a;&#x70;&#x67; 600w, https:\/\/w&#119;&#119;&#46;&#107;&#x75;&#x6e;&#x73;&#x74;&#x6d;&#x75;&#x73;eum&#108;&#117;&#122;&#101;&#114;&#x6e;&#x2e;&#x63;&#x68;&#x2f;&#x77;p-co&#110;&#116;&#101;&#110;&#x74;&#x2f;&#x75;&#x70;&#x6c;&#x6f;ads\/&#50;&#48;&#50;&#52;&#x2f;&#x30;&#x32;&#x2f;&#x6b;&#x76;&#x2d;sch&#117;&#108;&#101;&#110;&#45;&#x31;&#x34;&#x30;&#x30;&#x70;&#x78;-03&#45;&#49;&#48;&#50;&#52;&#x78;&#x36;&#x38;&#x33;&#x40;&#x32;x&#46;jp&#103; 2048w, https:&#x2f;&#47;&#x77;&#119;w&#x2e;&#107;u&#x6e;&#115;&#x74;&#x6d;u&#x73;&#101;u&#x6d;&#108;&#x75;&#x7a;e&#x72;&#110;&#46;&#x63;&#104;\/&#x77;&#112;&#x2d;&#99;o&#x6e;&#116;e&#x6e;&#116;&#x2f;&#x75;p&#x6c;&#111;a&#x64;&#115;&#x2f;&#x32;0&#x32;&#52;\/&#x30;&#50;\/&#x6b;&#118;&#x2d;&#115;c&#x68;&#117;l&#x65;&#110;&#x2d;&#x31;4&#x30;&#48;p&#x78;&#45;&#x30;&#x33;&#45;&#x34;&#50;0&#x78;&#50;8&#x30;&#64;&#x32;&#120;&#46;&#x6a;&#112;g 840w\" sizes=\"(max-width: 2100px) 100vw, 2100px\" \/>        <\/div>        \n        \n              <\/div>\n              \n    <\/div>\n\n    <div class=\"swiper-button-prev\"><\/div>\n    <div class=\"swiper-button-next\"><\/div>\n    <div class=\"swiper-pagination\"><\/div>\n    <div class=\"swiper-caption\"><\/div>\n  <\/div>\n\n<\/div>\n\n\n\n<div style=\"height:60px\" aria-hidden=\"true\" class=\"wp-block-spacer\"><\/div>\n\n\n\n<p>Le Kunstmuseum Luzern multiplie les offres de m\u00e9diation en direction des familles et des enfants. D\u00e9couvrez les expositions ensemble dans le cadre d\u2019une visite familiale ou de mani\u00e8re autonome gr\u00e2ce aux guides pour enfants.&nbsp;<\/p>\n\n\n\n<p>Veuillez noter que nos actions de m\u00e9diation ont lieu en allemand.<\/p>\n\n\n\n<div class=\"wp-block-columns is-layout-flex wp-container-core-columns-is-layout-28f84493 wp-block-columns-is-layout-flex\">\n<div class=\"wp-block-column is-layout-flow wp-block-column-is-layout-flow\">\n<p class=\"has-simplon-bp-font-family has-small-font-size\">Les projets de m\u00e9diation sont soutenus par <strong>Beisheim Stiftung, B. Braun Medical AG, Helvetia Versicherungen, Schmid Unternehmerstiftung, Josef M\u00fcller Stiftung.<\/strong><\/p>\n<\/div>\n\n\n\n<div class=\"wp-block-column is-layout-flow wp-block-column-is-layout-flow\"><\/div>\n<\/div>\n\n\n\n<div style=\"height:120px\" aria-hidden=\"true\" class=\"wp-block-spacer\"><\/div>\n\n\n\n<h2 class=\"wp-block-heading has-text-align-center\" id=\"plus-d-information\" id=\"plus-dinformation\">PLUS D\u2019INFORMATION<\/h2>\n\n\n\n<div class=\"wp-block-columns is-layout-flex wp-container-core-columns-is-layout-28f84493 wp-block-columns-is-layout-flex\">\n<div class=\"wp-block-column is-layout-flow wp-block-column-is-layout-flow\">\n<div class=\"wp-block-pb-accordion-item c-accordion__item js-accordion-item no-js is-open\" data-initially-open=\"true\" data-click-to-close=\"true\" data-auto-close=\"true\" data-scroll=\"false\" data-scroll-offset=\"0\"><h2 id=\"at-1024640\" class=\"c-accordion__title js-accordion-controller\" role=\"button\" id=\"contact\">Contact<\/h2><div id=\"ac-1024640\" class=\"c-accordion__content\">\n<p>+41 41 226 78 18<br><a href=\"&#x6d;a&#x69;&#108;t&#x6f;&#58;&#x6b;&#117;n&#x73;&#116;&#x76;&#101;r&#x6d;&#105;&#x74;&#x74;l&#x75;&#110;g&#x40;&#107;&#x75;&#110;s&#x74;&#109;&#x75;&#115;e&#x75;&#109;&#x6c;&#x75;z&#x65;&#114;n&#x2e;c&#x68;\">ku&#110;&#115;&#116;&#x76;&#x65;&#x72;&#x6d;&#x69;tt&#108;&#117;&#110;&#x67;&#x40;&#x6b;&#x75;&#x6e;st&#109;&#117;&#115;&#x65;&#x75;&#x6d;&#x6c;&#x75;ze&#114;&#110;&#46;&#x63;&#x68;<\/a><\/p>\n<\/div><\/div>\n<\/div>\n<\/div>\n\n\n\n<div style=\"height:40px\" aria-hidden=\"true\" class=\"wp-block-spacer\"><\/div>\n\n\n\n<div class=\"wp-block-buttons is-content-justification-center is-layout-flex wp-container-core-buttons-is-layout-a89b3969 wp-block-buttons-is-layout-flex\">\n<div class=\"wp-block-button\"><a class=\"wp-block-button__link wp-element-button\" href=\"mai&#108;&#116;&#111;&#58;&#x6b;&#x75;&#x6e;&#x73;&#x74;&#x76;&#x65;rmi&#116;&#116;&#108;&#117;&#110;&#x67;&#x40;&#x6b;&#x75;&#x6e;&#x73;tmus&#101;&#117;&#109;&#108;&#x75;&#x7a;&#x65;&#x72;&#x6e;&#x2e;ch\" target=\"_blank\" rel=\"noreferrer noopener\">Newsletter Familles (allemand)<\/a><\/div>\n<\/div>\n\n\n\n<div style=\"height:120px\" aria-hidden=\"true\" class=\"wp-block-spacer\"><\/div>\n\n\n\n<div class=\"wp-block-nav-links alignwide\">\n\n    <div class=\"wp-block-nav-links__link-wrapper\">\n  \n        <a class=\"wp-block-nav-links__link\" href=\"https:\/\/www.kunstmuseumluzern.ch\/fr\/mediation\/adultes\/\" target=\"_self\">Adultes<\/a>\n    \n  \n        <a class=\"wp-block-nav-links__link\" href=\"https:\/\/www.kunstmuseumluzern.ch\/fr\/mediation\/ecoles\/\" target=\"_self\">\u00c9coles<\/a>\n    \n  \n        <a class=\"wp-block-nav-links__link\" href=\"https:\/\/www.kunstmuseumluzern.ch\/fr\/mediathek\/digital\/\" target=\"_self\">Digital<\/a>\n    \n    <\/div>\n  \n<\/div>\n\n\n<div style=\"height:40px\" aria-hidden=\"true\" class=\"wp-block-spacer\"><\/div>\n\n\n\n<div class=\"wp-block-nav-links alignwide\">\n\n      <div class=\"wp-block-nav-links__title\">Expositions en cours<\/div>\n\n  <div class=\"wp-block-nav-links__link-wrapper\">\n  \n        <a class=\"wp-block-nav-links__link\" href=\"https:\/\/www.kunstmuseumluzern.ch\/fr\/exhibitions\/maria-pininska-beres\/\">Maria Pininska-Beres<\/a>\n    \n  \n        <a class=\"wp-block-nav-links__link\" href=\"https:\/\/www.kunstmuseumluzern.ch\/fr\/exhibitions\/1-raum-1-werk\/\">1 Raum, 1 Werk<\/a>\n    \n  \n        <a class=\"wp-block-nav-links__link\" href=\"https:\/\/www.kunstmuseumluzern.ch\/fr\/exhibitions\/brian-dawn-chalkley\/\">Brian Dawn Chalkley<\/a>\n    \n    <\/div>\n  \n<\/div>","protected":false},"excerpt":{"rendered":"<p>Le Kunstmuseum Luzern multiplie les offres de m\u00e9diation en direction des familles et des enfants. D\u00e9couvrez les expositions ensemble dans le cadre d\u2019une visite familiale ou de mani\u00e8re autonome gr\u00e2ce aux guides pour enfants.&nbsp; Veuillez noter que nos actions de m\u00e9diation ont lieu en allemand. Les projets de m\u00e9diation sont soutenus par Beisheim Stiftung, B. [&hellip;]<\/p>\n","protected":false},"author":14,"featured_media":0,"parent":102446,"menu_order":2,"comment_status":"closed","ping_status":"closed","template":"","meta":{"_acf_changed":false,"_seopress_robots_primary_cat":"","_seopress_titles_title":"","_seopress_titles_desc":"","_seopress_robots_index":"","inline_featured_image":false,"ghostkit_customizer_options":"","ghostkit_custom_css":"","ghostkit_custom_js_head":"","ghostkit_custom_js_foot":"","ghostkit_typography":"","footnotes":""},"tags":[],"class_list":["post-102464","page","type-page","status-publish","hentry"],"acf":[],"_links":{"self":[{"href":"https:\/\/www.kunstmuseumluzern.ch\/fr\/wp-json\/wp\/v2\/pages\/102464","targetHints":{"allow":["GET"]}}],"collection":[{"href":"https:\/\/www.kunstmuseumluzern.ch\/fr\/wp-json\/wp\/v2\/pages"}],"about":[{"href":"https:\/\/www.kunstmuseumluzern.ch\/fr\/wp-json\/wp\/v2\/types\/page"}],"author":[{"embeddable":true,"href":"https:\/\/www.kunstmuseumluzern.ch\/fr\/wp-json\/wp\/v2\/users\/14"}],"replies":[{"embeddable":true,"href":"https:\/\/www.kunstmuseumluzern.ch\/fr\/wp-json\/wp\/v2\/comments?post=102464"}],"version-history":[{"count":10,"href":"https:\/\/www.kunstmuseumluzern.ch\/fr\/wp-json\/wp\/v2\/pages\/102464\/revisions"}],"predecessor-version":[{"id":111014,"href":"https:\/\/www.kunstmuseumluzern.ch\/fr\/wp-json\/wp\/v2\/pages\/102464\/revisions\/111014"}],"up":[{"embeddable":true,"href":"https:\/\/www.kunstmuseumluzern.ch\/fr\/wp-json\/wp\/v2\/pages\/102446"}],"wp:attachment":[{"href":"https:\/\/www.kunstmuseumluzern.ch\/fr\/wp-json\/wp\/v2\/media?parent=102464"}],"wp:term":[{"taxonomy":"post_tag","embeddable":true,"href":"https:\/\/www.kunstmuseumluzern.ch\/fr\/wp-json\/wp\/v2\/tags?post=102464"}],"curies":[{"name":"wp","href":"https:\/\/api.w.org\/{rel}","templated":true}]}}