{"id":102478,"date":"2023-11-09T10:24:35","date_gmt":"2023-11-09T09:24:27","guid":{"rendered":"https:\/\/www.kunstmuseumluzern.ch\/mediation\/60plus\/"},"modified":"2024-05-02T10:51:29","modified_gmt":"2024-05-02T08:51:29","slug":"60plus","status":"publish","type":"page","link":"https:\/\/www.kunstmuseumluzern.ch\/fr\/mediation\/60plus\/","title":{"rendered":"60Plus"},"content":{"rendered":"\n<div class=\"wp-block-slider alignfull\">\n\n  <div class=\"swiper-container\">\n    <div class=\"swiper-wrapper\">\n\n      \n            <div class=\"swiper-slide\" data-index=\"0\">\n                <div data-caption=\"\">          <img decoding=\"async\" width=\"2491\" height=\"1400\" src=\"https:\/\/www.kunstmuseumluzern.ch\/wp-content\/uploads\/2024\/02\/kv-60plus-1400px-05.jpg\" class=\"attachment-gallery_image size-gallery_image\" alt=\"\" srcset=\"https:\/\/www.kunstmuseumluzern.ch\/wp-content\/uploads\/2024\/02\/kv-60plus-1400px-05.jpg 2491w, https:&#x2f;&#x2f;&#119;&#119;w&#x2e;&#x6b;&#x75;&#110;&#115;t&#x6d;&#x75;&#x73;&#101;&#117;m&#x6c;&#x75;&#x7a;&#101;&#114;n&#x2e;&#x63;&#x68;&#47;wp&#x2d;&#x63;&#x6f;&#110;te&#x6e;&#x74;&#47;&#117;pl&#x6f;&#x61;&#100;&#115;\/2&#x30;&#x32;&#52;&#47;0&#x32;&#x2f;&#x6b;&#118;&#45;6&#x30;&#x70;&#x6c;&#117;&#115;-&#x31;&#x34;&#x30;&#48;&#112;x&#x2d;&#x30;&#x35;&#45;&#49;5&#x30;&#x78;&#x38;&#52;&#64;2&#x78;&#x2e;&#106;&#112;g 300w, https:\/\/www.kunstmuseumluzern.ch\/wp-content\/uploads\/2024\/02\/kv-60plus-1400px-05-1024x576.jpg 1024w, https:\/\/www.kunstmuseumluzern.ch\/wp-content\/uploads\/2024\/02\/kv-60plus-1400px-05-150x84.jpg 150w, https:\/\/www.kunstmuseumluzern.ch\/wp-content\/uploads\/2024\/02\/kv-60plus-1400px-05-420x236.jpg 420w, https:\/&#47;&#x77;&#x77;w&#46;&#107;&#x75;&#x6e;s&#116;&#x6d;&#x75;s&#101;&#117;&#x6d;&#x6c;u&#122;&#x65;&#x72;n&#46;&#99;&#x68;&#x2f;w&#112;&#x2d;&#x63;o&#110;&#116;&#x65;&#x6e;t&#47;&#x75;&#x70;lo&#97;&#x64;&#x73;\/&#50;&#x30;&#x32;&#x34;\/&#48;&#x32;&#x2f;k&#118;&#45;&#x36;&#x30;p&#108;&#x75;&#x73;-&#49;&#52;&#x30;&#x30;p&#120;&#x2d;&#x30;5&#45;&#51;&#x30;&#x30;x&#49;&#x36;&#x39;&#64;&#50;&#120;&#x2e;&#x6a;p&#103; 600w, https:&#47;&#x2f;&#119;&#x77;&#119;&#x2e;&#107;&#x75;&#110;&#x73;&#116;&#x6d;&#117;&#x73;&#101;&#x75;&#109;&#x6c;&#117;&#x7a;&#101;&#x72;&#110;&#x2e;&#99;&#x68;&#47;&#x77;&#112;&#x2d;&#99;&#x6f;&#110;&#x74;&#101;&#x6e;&#116;&#x2f;&#117;&#x70;&#108;&#x6f;&#97;&#x64;&#115;&#x2f;&#50;&#x30;&#50;&#x34;&#47;&#x30;&#50;&#x2f;&#107;&#x76;&#45;&#x36;&#48;&#x70;&#108;&#x75;&#115;&#x2d;&#49;&#x34;&#48;&#x30;&#112;&#x78;&#45;&#x30;&#53;&#x2d;&#49;&#x30;&#50;&#x34;&#120;&#x35;&#55;&#x36;&#64;&#x32;&#120;&#x2e;&#106;&#x70;&#103; 2048w, https:\/\/&#119;&#119;&#119;&#46;&#x6b;&#x75;&#x6e;&#x73;&#x74;mu&#115;&#101;&#117;&#109;&#x6c;&#x75;&#x7a;&#x65;&#x72;n&#46;&#99;&#104;&#47;&#119;&#x70;&#x2d;&#x63;&#x6f;&#x6e;ten&#116;&#47;&#117;&#x70;&#x6c;&#x6f;&#x61;&#x64;s\/2&#48;&#50;&#52;&#x2f;&#x30;&#x32;&#x2f;&#x6b;v-6&#48;&#112;&#108;&#x75;&#x73;&#x2d;&#x31;&#x34;00p&#120;&#45;&#48;&#x35;&#x2d;&#x34;&#x32;&#x30;x23&#54;&#64;&#50;&#x78;&#x2e;&#x6a;&#x70;&#x67; 840w\" sizes=\"(max-width: 2491px) 100vw, 2491px\" \/>        <\/div>        \n        \n              <\/div>\n                    <div class=\"swiper-slide\" data-index=\"1\">\n                <div data-caption=\"\">          <img decoding=\"async\" width=\"2099\" height=\"1400\" src=\"https:\/\/www.kunstmuseumluzern.ch\/wp-content\/uploads\/2024\/02\/kv-60plus-1400px-01.jpg\" class=\"attachment-gallery_image size-gallery_image\" alt=\"\" srcset=\"https:\/\/www.kunstmuseumluzern.ch\/wp-content\/uploads\/2024\/02\/kv-60plus-1400px-01.jpg 2099w, https:&#x2f;&#x2f;&#x77;&#119;&#119;&#46;k&#x75;&#x6e;&#x73;&#116;&#109;us&#x65;&#x75;&#x6d;&#108;&#117;ze&#x72;&#x6e;&#x2e;&#99;&#104;\/w&#x70;&#x2d;&#x63;&#111;&#110;te&#x6e;&#x74;&#x2f;&#117;&#112;&#108;o&#x61;&#x64;&#x73;&#x2f;&#50;&#48;2&#x34;&#x2f;&#x30;&#x32;&#47;&#107;v-&#x36;&#x30;&#x70;&#108;&#117;s-&#x31;&#x34;&#x30;&#48;&#112;x-&#x30;&#x31;&#x2d;&#49;&#53;0x&#x31;&#x30;&#x30;&#64;&#50;x&#46;&#x6a;&#x70;&#x67; 300w, https:\/\/www.kunstmuseumluzern.ch\/wp-content\/uploads\/2024\/02\/kv-60plus-1400px-01-1024x683.jpg 1024w, https:\/\/www.kunstmuseumluzern.ch\/wp-content\/uploads\/2024\/02\/kv-60plus-1400px-01-150x100.jpg 150w, https:\/\/www.kunstmuseumluzern.ch\/wp-content\/uploads\/2024\/02\/kv-60plus-1400px-01-420x280.jpg 420w, https:&#47;&#x2f;w&#x77;&#x77;&#46;&#x6b;u&#x6e;&#x73;&#116;&#x6d;u&#x73;&#x65;&#117;&#x6d;l&#x75;&#x7a;&#101;&#x72;n&#x2e;&#x63;&#104;&#x2f;w&#x70;&#x2d;&#99;&#x6f;n&#x74;&#x65;&#110;&#x74;\/&#x75;&#x70;&#108;&#x6f;a&#x64;&#x73;&#47;&#x32;0&#x32;&#x34;&#47;&#x30;2&#x2f;&#x6b;&#118;&#x2d;6&#x30;&#x70;&#108;&#x75;s&#x2d;&#x31;&#52;&#x30;0&#x70;&#x78;&#45;&#x30;1&#x2d;&#x33;&#48;&#x30;x&#x32;&#x30;&#48;&#x40;2&#x78;&#x2e;&#106;&#x70;g 600w, https:&#x2f;&#47;w&#x77;&#119;&#46;&#x6b;&#117;n&#x73;&#116;m&#x75;&#115;e&#x75;&#109;l&#x75;&#122;e&#x72;&#110;&#46;&#x63;&#104;\/&#x77;&#112;-&#x63;&#111;n&#x74;&#101;n&#x74;&#47;u&#x70;&#108;o&#x61;&#100;s&#x2f;&#50;0&#x32;&#52;\/&#x30;&#50;\/&#x6b;&#118;-&#x36;&#48;p&#x6c;&#117;s&#x2d;&#49;4&#x30;&#x30;p&#x78;&#x2d;0&#x31;&#x2d;&#49;&#x30;&#x32;&#52;&#x78;&#x36;&#56;&#x33;&#x40;&#50;&#x78;&#x2e;&#106;&#x70;&#x67; 2048w, https:\/&#47;&#119;&#x77;&#x77;&#46;k&#117;&#110;&#x73;&#x74;mu&#115;&#101;&#x75;&#x6d;lu&#122;&#x65;&#x72;&#x6e;&#46;&#99;&#104;&#x2f;&#x77;&#x70;-&#99;&#111;&#x6e;&#x74;&#x65;n&#116;&#47;&#x75;&#x70;&#x6c;o&#97;&#100;&#x73;&#x2f;&#x32;0&#50;&#52;&#x2f;&#x30;2\/&#107;&#118;&#x2d;&#x36;0p&#108;&#117;&#x73;&#x2d;14&#48;&#x30;&#x70;&#x78;-0&#49;&#x2d;&#x34;&#x32;0&#120;&#50;&#x38;&#x30;&#x40;2&#120;&#46;&#x6a;&#x70;&#x67; 840w\" sizes=\"(max-width: 2099px) 100vw, 2099px\" \/>        <\/div>        \n        \n              <\/div>\n                    <div class=\"swiper-slide\" data-index=\"2\">\n                <div data-caption=\"\">          <img decoding=\"async\" width=\"2100\" height=\"1400\" src=\"https:\/\/www.kunstmuseumluzern.ch\/wp-content\/uploads\/2024\/02\/kv-60plus-1400px-02.jpg\" class=\"attachment-gallery_image size-gallery_image\" alt=\"\" srcset=\"https:\/\/www.kunstmuseumluzern.ch\/wp-content\/uploads\/2024\/02\/kv-60plus-1400px-02.jpg 2100w, https:\/\/ww&#119;&#46;&#107;&#117;&#110;&#x73;&#x74;&#x6d;&#x75;&#x73;&#x65;&#x75;mluz&#101;&#114;&#110;&#46;&#99;&#x68;&#x2f;&#x77;&#x70;&#x2d;&#x63;&#x6f;&#x6e;tent&#47;&#117;&#112;&#108;&#111;&#x61;&#x64;&#x73;&#x2f;&#x32;&#x30;&#x32;&#x34;\/02\/&#107;&#118;&#45;&#54;&#48;&#x70;&#x6c;&#x75;&#x73;&#x2d;&#x31;&#x34;00px&#45;&#48;&#50;&#45;&#49;&#x35;&#x30;&#x78;&#x31;&#x30;&#x30;&#x40;&#x32;x&#46;jp&#103; 300w, https:\/\/www.kunstmuseumluzern.ch\/wp-content\/uploads\/2024\/02\/kv-60plus-1400px-02-1024x683.jpg 1024w, https:\/\/www.kunstmuseumluzern.ch\/wp-content\/uploads\/2024\/02\/kv-60plus-1400px-02-150x100.jpg 150w, https:\/\/www.kunstmuseumluzern.ch\/wp-content\/uploads\/2024\/02\/kv-60plus-1400px-02-420x280.jpg 420w, https:&#47;&#x2f;&#119;&#x77;&#119;&#x2e;&#107;&#x75;&#110;&#x73;&#116;&#x6d;u&#x73;e&#x75;m&#x6c;u&#x7a;e&#x72;n&#46;&#x63;&#104;&#x2f;&#119;&#x70;&#45;&#x63;&#111;&#x6e;&#116;&#x65;&#110;&#x74;\/&#x75;p&#x6c;o&#x61;d&#x73;\/&#x32;0&#50;&#x34;&#47;&#x30;&#50;&#x2f;&#107;&#x76;&#45;&#x36;&#48;&#x70;&#108;&#x75;s&#x2d;1&#x34;0&#x30;p&#x78;-&#x30;2&#45;&#x33;&#48;&#x30;&#120;&#x32;&#48;&#x30;&#64;&#x32;&#120;&#x2e;&#106;&#x70;g 600w, https:&#x2f;&#x2f;&#x77;&#119;&#119;&#46;k&#x75;&#x6e;&#x73;&#116;&#109;us&#x65;&#x75;&#x6d;&#108;&#117;ze&#x72;&#x6e;&#x2e;&#99;&#104;\/w&#x70;&#x2d;&#x63;&#111;&#110;te&#x6e;&#x74;&#x2f;&#117;&#112;&#108;o&#x61;&#x64;&#x73;&#x2f;&#50;&#48;2&#x34;&#x2f;&#x30;&#x32;&#47;&#107;v-&#x36;&#x30;&#x70;&#108;&#117;s-&#x31;&#x34;&#x30;&#48;&#112;x-&#x30;&#x32;&#x2d;&#49;&#48;24&#x78;&#x36;&#x38;&#51;&#64;2x&#x2e;&#x6a;&#x70;&#103; 2048w, https:\/&#47;&#x77;&#x77;w&#46;&#107;&#x75;&#x6e;s&#116;&#x6d;&#x75;s&#101;&#117;&#x6d;&#x6c;u&#122;&#x65;&#x72;n&#46;&#99;&#x68;&#x2f;w&#112;&#x2d;&#x63;o&#110;&#116;&#x65;&#x6e;t&#47;&#x75;&#x70;lo&#97;&#x64;&#x73;\/&#50;&#x30;&#x32;&#x34;\/&#48;&#x32;&#x2f;k&#118;&#45;&#x36;&#x30;p&#108;&#x75;&#x73;-&#49;&#52;&#x30;&#x30;p&#120;&#x2d;&#x30;2&#45;&#52;&#x32;&#x30;x&#50;&#x38;&#x30;&#64;&#50;&#120;&#x2e;&#x6a;p&#103; 840w\" sizes=\"(max-width: 2100px) 100vw, 2100px\" \/>        <\/div>        \n        \n              <\/div>\n                    <div class=\"swiper-slide\" data-index=\"3\">\n                <div data-caption=\"\">          <img decoding=\"async\" width=\"2100\" height=\"1400\" src=\"https:\/\/www.kunstmuseumluzern.ch\/wp-content\/uploads\/2024\/02\/kv-60plus-1400px-03.jpg\" class=\"attachment-gallery_image size-gallery_image\" alt=\"\" srcset=\"https:\/\/www.kunstmuseumluzern.ch\/wp-content\/uploads\/2024\/02\/kv-60plus-1400px-03.jpg 2100w, https:&#47;&#x2f;&#x77;w&#119;&#x2e;k&#117;&#x6e;s&#116;&#x6d;u&#115;&#x65;&#x75;&#109;&#x6c;&#x75;z&#101;&#x72;n&#46;&#x63;h&#47;&#x77;&#x70;&#45;&#x63;&#x6f;n&#116;&#x65;n&#116;&#x2f;u&#112;&#x6c;o&#97;&#x64;&#x73;&#47;&#x32;&#x30;2&#52;&#x2f;0&#50;&#x2f;k&#118;&#x2d;&#x36;&#48;&#x70;&#x6c;u&#115;&#x2d;1&#52;&#x30;0&#112;&#x78;-&#48;&#x33;&#x2d;&#49;&#x35;&#x30;x&#49;&#x30;0&#64;&#x32;x&#46;&#x6a;&#x70;&#103; 300w, https:\/\/www.kunstmuseumluzern.ch\/wp-content\/uploads\/2024\/02\/kv-60plus-1400px-03-1024x683.jpg 1024w, https:\/\/www.kunstmuseumluzern.ch\/wp-content\/uploads\/2024\/02\/kv-60plus-1400px-03-150x100.jpg 150w, https:\/\/www.kunstmuseumluzern.ch\/wp-content\/uploads\/2024\/02\/kv-60plus-1400px-03-420x280.jpg 420w, https:\/&#47;&#x77;&#x77;w&#46;&#x6b;&#x75;n&#115;&#116;&#x6d;&#x75;s&#101;&#x75;&#x6d;l&#117;&#x7a;&#x65;r&#110;&#46;&#x63;&#x68;\/&#119;&#x70;&#x2d;c&#111;&#x6e;&#x74;e&#110;&#116;&#x2f;&#x75;p&#108;&#x6f;&#x61;d&#115;&#x2f;&#x32;0&#50;&#52;&#x2f;&#x30;2&#47;&#x6b;&#x76;-&#54;&#x30;&#x70;l&#117;&#115;&#x2d;&#x31;4&#48;&#x30;&#x70;x&#45;&#x30;&#x33;-&#51;&#48;&#x30;&#x78;2&#48;&#x30;&#x40;2&#120;&#46;&#x6a;pg 600w, https:&#x2f;&#x2f;&#119;w&#x77;&#x2e;&#107;un&#x73;&#x74;&#109;u&#x73;&#x65;&#117;&#109;l&#x75;&#x7a;&#101;r&#x6e;&#x2e;&#99;&#104;\/&#x77;&#x70;&#45;c&#x6f;&#x6e;&#116;&#101;n&#x74;&#x2f;&#117;p&#x6c;&#x6f;&#97;&#100;s&#x2f;&#x32;&#48;2&#x34;&#x2f;&#x30;&#50;\/&#x6b;&#x76;&#45;60&#x70;&#x6c;&#117;s&#x2d;&#x31;&#52;&#48;0&#x70;&#x78;&#45;0&#x33;&#x2d;&#49;&#48;2&#x34;&#x78;&#54;8&#x33;&#x40;&#50;&#120;&#46;&#x6a;&#x70;&#103; 2048w, https:&#x2f;&#47;w&#x77;&#119;&#46;&#x6b;&#117;n&#x73;&#116;m&#x75;&#115;e&#x75;&#109;l&#x75;&#122;e&#x72;&#110;&#46;&#x63;&#104;\/&#x77;&#112;-&#x63;&#111;n&#x74;&#101;n&#x74;&#47;u&#x70;&#108;o&#x61;&#100;s&#x2f;&#50;0&#x32;&#52;\/&#x30;&#50;\/&#x6b;&#118;-&#x36;&#48;p&#x6c;&#117;s&#x2d;&#49;4&#x30;&#x30;p&#x78;&#x2d;0&#x33;&#x2d;&#52;&#x32;&#x30;&#120;&#x32;&#x38;&#48;&#x40;&#x32;&#120;&#x2e;&#x6a;&#112;&#x67; 840w\" sizes=\"(max-width: 2100px) 100vw, 2100px\" \/>        <\/div>        \n        \n              <\/div>\n                    <div class=\"swiper-slide\" data-index=\"4\">\n                <div data-caption=\"\">          <img decoding=\"async\" width=\"2100\" height=\"1400\" src=\"https:\/\/www.kunstmuseumluzern.ch\/wp-content\/uploads\/2024\/02\/kv-60plus-1400px-04.jpg\" class=\"attachment-gallery_image size-gallery_image\" alt=\"\" srcset=\"https:\/\/www.kunstmuseumluzern.ch\/wp-content\/uploads\/2024\/02\/kv-60plus-1400px-04.jpg 2100w, https:\/&#47;&#119;&#x77;&#x77;&#x2e;ku&#110;&#115;&#x74;&#x6d;&#x75;s&#101;&#117;&#109;&#x6c;&#x75;&#x7a;e&#114;&#110;&#x2e;&#x63;&#x68;\/w&#112;&#45;&#x63;&#x6f;&#x6e;t&#101;&#110;&#116;&#x2f;&#x75;&#x70;l&#111;&#97;&#x64;&#x73;&#x2f;20&#50;&#52;&#x2f;&#x30;&#x32;\/&#107;&#118;&#45;&#x36;&#x30;&#x70;l&#117;&#115;&#x2d;&#x31;&#x34;00&#112;&#120;&#x2d;&#x30;&#x34;-&#49;&#53;&#48;&#x78;&#x31;&#x30;0&#64;&#50;&#x78;&#x2e;&#x6a;pg 300w, https:\/\/www.kunstmuseumluzern.ch\/wp-content\/uploads\/2024\/02\/kv-60plus-1400px-04-1024x683.jpg 1024w, https:\/\/www.kunstmuseumluzern.ch\/wp-content\/uploads\/2024\/02\/kv-60plus-1400px-04-150x100.jpg 150w, https:\/\/www.kunstmuseumluzern.ch\/wp-content\/uploads\/2024\/02\/kv-60plus-1400px-04-420x280.jpg 420w, https:&#x2f;&#47;w&#x77;&#119;&#46;&#x6b;&#117;n&#x73;&#116;m&#x75;&#115;e&#x75;&#109;l&#x75;&#122;e&#x72;&#110;&#46;&#x63;&#104;\/&#x77;&#112;-&#x63;&#111;n&#x74;&#101;n&#x74;&#47;u&#x70;&#108;o&#x61;&#100;s&#x2f;&#50;0&#x32;&#52;\/&#x30;&#50;\/&#x6b;&#118;-&#x36;&#48;p&#x6c;&#117;s&#x2d;&#49;4&#x30;&#x30;p&#x78;&#x2d;0&#x34;&#x2d;&#51;&#x30;&#x30;&#120;&#x32;&#x30;&#48;&#x40;&#x32;&#120;&#x2e;&#x6a;&#112;&#x67; 600w, https:\/\/www&#46;kunstmuseumluzern&#46;&#99;&#104;&#47;&#119;&#112;&#45;&#99;&#111;&#110;&#116;&#101;&#110;&#116;&#47;&#117;&#112;&#108;&#111;&#97;&#100;&#115;&#47;&#50;&#48;&#50;&#52;&#47;&#48;&#50;&#47;&#107;&#x76;&#x2d;&#x36;&#x30;&#x70;&#x6c;&#x75;&#x73;&#x2d;&#x31;&#x34;&#x30;&#x30;&#x70;&#x78;&#x2d;&#x30;&#x34;&#x2d;&#x31;&#x30;&#x32;&#x34;&#x78;&#x36;&#x38;&#x33;&#x40;&#x32;&#x78;&#x2e;&#x6a;&#x70;&#x67; 2048w, https:\/\/ww&#119;&#46;&#107;&#117;&#110;&#115;&#116;&#x6d;&#x75;&#x73;&#x65;&#x75;&#x6d;&#x6c;&#x75;&#x7a;ern&#46;&#99;&#104;&#47;&#119;&#112;&#45;&#99;&#x6f;&#x6e;&#x74;&#x65;&#x6e;&#x74;&#x2f;&#x75;&#x70;load&#115;&#47;&#50;&#48;&#50;&#52;&#47;&#x30;&#x32;&#x2f;&#x6b;&#x76;&#x2d;&#x36;&#x30;&#x70;lus-&#49;&#52;&#48;&#48;&#112;&#120;&#45;&#x30;&#x34;&#x2d;&#x34;&#x32;&#x30;&#x78;&#x32;&#x38;0&#64;2x&#46;&#106;&#112;&#103; 840w\" sizes=\"(max-width: 2100px) 100vw, 2100px\" \/>        <\/div>        \n        \n              <\/div>\n              \n    <\/div>\n\n    <div class=\"swiper-button-prev\"><\/div>\n    <div class=\"swiper-button-next\"><\/div>\n    <div class=\"swiper-pagination\"><\/div>\n    <div class=\"swiper-caption\"><\/div>\n  <\/div>\n\n<\/div>\n\n\n\n<div style=\"height:60px\" aria-hidden=\"true\" class=\"wp-block-spacer\"><\/div>\n\n\n\n<p>Le Kunstmuseum Luzern propose un large \u00e9ventail d\u2019actions de m\u00e9diation con\u00e7ues pour la g\u00e9n\u00e9ration des 60plus. D\u00e9couvrez les expositions en groupe lors d\u2019une visite guid\u00e9e ou approfondissez vos connaissances sur l\u2019art lors de l\u2019universit\u00e9 des seniors.<\/p>\n\n\n\n<p>Veuillez noter que toutes nos actions de m\u00e9diation ont lieu en allemand.<\/p>\n\n\n\n<div style=\"height:60px\" aria-hidden=\"true\" class=\"wp-block-spacer\"><\/div>\n\n\n\n<h2 class=\"wp-block-heading has-text-align-center\" id=\"h-more-information\" id=\"plus-dinformation\">PLUS D\u2019INFORMATION<\/h2>\n\n\n\n<div class=\"wp-block-columns is-layout-flex wp-container-core-columns-is-layout-28f84493 wp-block-columns-is-layout-flex\">\n<div class=\"wp-block-column is-layout-flow wp-block-column-is-layout-flow\">\n<div class=\"wp-block-pb-accordion-item c-accordion__item js-accordion-item no-js is-open\" data-initially-open=\"true\" data-click-to-close=\"true\" data-auto-close=\"true\" data-scroll=\"false\" data-scroll-offset=\"0\"><h2 id=\"at-1024780\" class=\"c-accordion__title js-accordion-controller\" role=\"button\" id=\"contact\">Contact<\/h2><div id=\"ac-1024780\" class=\"c-accordion__content\">\n<p>+41 41 226 78 18<br><a href=\"m&#97;&#x69;&#x6c;&#x74;o&#58;&#x6b;&#x75;&#x6e;s&#116;&#x76;&#x65;&#x72;m&#105;&#x74;&#x74;&#x6c;u&#110;&#x67;&#x40;&#x6b;u&#110;&#x73;&#x74;&#x6d;u&#115;&#x65;&#x75;&#x6d;l&#117;&#x7a;&#x65;&#x72;n&#46;&#x63;&#x68;\">k&#117;&#110;&#x73;&#x74;v&#101;&#114;&#x6d;&#x69;&#x74;t&#108;&#117;&#x6e;&#x67;&#64;k&#117;&#x6e;&#x73;&#x74;m&#117;&#115;&#x65;&#x75;ml&#117;&#x7a;&#x65;&#x72;n&#46;&#99;&#x68;<\/a><\/p>\n<\/div><\/div>\n<\/div>\n<\/div>\n\n\n\n<div style=\"height:120px\" aria-hidden=\"true\" class=\"wp-block-spacer\"><\/div>\n\n\n\n<div class=\"wp-block-nav-links alignwide\">\n\n    <div class=\"wp-block-nav-links__link-wrapper\">\n  \n        <a class=\"wp-block-nav-links__link\" href=\"https:\/\/www.kunstmuseumluzern.ch\/fr\/mediation\/adultes\/\" target=\"_self\">Adultes<\/a>\n    \n  \n        <a class=\"wp-block-nav-links__link\" href=\"https:\/\/www.kunstmuseumluzern.ch\/fr\/mediathek\/digital\/\" target=\"_self\">Digital<\/a>\n    \n  \n        <a class=\"wp-block-nav-links__link\" href=\"https:\/\/www.kunstmuseumluzern.ch\/fr\/visiter\/cafe\/\" target=\"_self\">Caf\u00e9<\/a>\n    \n    <\/div>\n  \n<\/div>\n\n\n<div style=\"height:40px\" aria-hidden=\"true\" class=\"wp-block-spacer\"><\/div>\n\n\n\n<div class=\"wp-block-nav-links alignwide\">\n\n      <div class=\"wp-block-nav-links__title\">Expositions en cours<\/div>\n\n  <div class=\"wp-block-nav-links__link-wrapper\">\n  \n        <a class=\"wp-block-nav-links__link\" href=\"https:\/\/www.kunstmuseumluzern.ch\/fr\/exhibitions\/maria-pininska-beres\/\">Maria Pininska-Beres<\/a>\n    \n  \n        <a class=\"wp-block-nav-links__link\" href=\"https:\/\/www.kunstmuseumluzern.ch\/fr\/exhibitions\/1-raum-1-werk\/\">1 Raum, 1 Werk<\/a>\n    \n  \n        <a class=\"wp-block-nav-links__link\" href=\"https:\/\/www.kunstmuseumluzern.ch\/fr\/exhibitions\/brian-dawn-chalkley\/\">Brian Dawn Chalkley<\/a>\n    \n    <\/div>\n  \n<\/div>","protected":false},"excerpt":{"rendered":"<p>Le Kunstmuseum Luzern propose un large \u00e9ventail d\u2019actions de m\u00e9diation con\u00e7ues pour la g\u00e9n\u00e9ration des 60plus. D\u00e9couvrez les expositions en groupe lors d\u2019une visite guid\u00e9e ou approfondissez vos connaissances sur l\u2019art lors de l\u2019universit\u00e9 des seniors. Veuillez noter que toutes nos actions de m\u00e9diation ont lieu en allemand. PLUS D\u2019INFORMATION<\/p>\n","protected":false},"author":14,"featured_media":0,"parent":102446,"menu_order":4,"comment_status":"closed","ping_status":"closed","template":"","meta":{"_acf_changed":false,"_seopress_robots_primary_cat":"","_seopress_titles_title":"","_seopress_titles_desc":"","_seopress_robots_index":"","inline_featured_image":false,"ghostkit_customizer_options":"","ghostkit_custom_css":"","ghostkit_custom_js_head":"","ghostkit_custom_js_foot":"","ghostkit_typography":"","footnotes":""},"tags":[],"class_list":["post-102478","page","type-page","status-publish","hentry"],"acf":[],"_links":{"self":[{"href":"https:\/\/www.kunstmuseumluzern.ch\/fr\/wp-json\/wp\/v2\/pages\/102478","targetHints":{"allow":["GET"]}}],"collection":[{"href":"https:\/\/www.kunstmuseumluzern.ch\/fr\/wp-json\/wp\/v2\/pages"}],"about":[{"href":"https:\/\/www.kunstmuseumluzern.ch\/fr\/wp-json\/wp\/v2\/types\/page"}],"author":[{"embeddable":true,"href":"https:\/\/www.kunstmuseumluzern.ch\/fr\/wp-json\/wp\/v2\/users\/14"}],"replies":[{"embeddable":true,"href":"https:\/\/www.kunstmuseumluzern.ch\/fr\/wp-json\/wp\/v2\/comments?post=102478"}],"version-history":[{"count":5,"href":"https:\/\/www.kunstmuseumluzern.ch\/fr\/wp-json\/wp\/v2\/pages\/102478\/revisions"}],"predecessor-version":[{"id":111017,"href":"https:\/\/www.kunstmuseumluzern.ch\/fr\/wp-json\/wp\/v2\/pages\/102478\/revisions\/111017"}],"up":[{"embeddable":true,"href":"https:\/\/www.kunstmuseumluzern.ch\/fr\/wp-json\/wp\/v2\/pages\/102446"}],"wp:attachment":[{"href":"https:\/\/www.kunstmuseumluzern.ch\/fr\/wp-json\/wp\/v2\/media?parent=102478"}],"wp:term":[{"taxonomy":"post_tag","embeddable":true,"href":"https:\/\/www.kunstmuseumluzern.ch\/fr\/wp-json\/wp\/v2\/tags?post=102478"}],"curies":[{"name":"wp","href":"https:\/\/api.w.org\/{rel}","templated":true}]}}