{"id":102787,"date":"2023-11-09T11:01:14","date_gmt":"2023-11-09T10:01:14","guid":{"rendered":"https:\/\/www.kunstmuseumluzern.ch\/archiv\/"},"modified":"2025-08-04T15:23:33","modified_gmt":"2025-08-04T13:23:33","slug":"passees","status":"publish","type":"page","link":"https:\/\/www.kunstmuseumluzern.ch\/fr\/passees\/","title":{"rendered":"Pass\u00e9es"},"content":{"rendered":"\n<p>L&rsquo;archive d&rsquo;exposition en fran\u00e7ais est en ligne uniquement \u00e0 partir de l&rsquo;ann\u00e9e 2024. Pour les expositions avant 2024, veuillez visiter notre site en <a href=\"https:\/\/www.kunstmuseumluzern.ch\/fr\/passees\/\">allemand<\/a> ou en <a href=\"https:\/\/www.kunstmuseumluzern.ch\/fr\/passees\/\">anglais<\/a>.<\/p>\n\n\n\n<div style=\"height:20px\" aria-hidden=\"true\" class=\"wp-block-spacer\"><\/div>\n","protected":false},"excerpt":{"rendered":"<p>L&rsquo;archive d&rsquo;exposition en fran\u00e7ais est en ligne uniquement \u00e0 partir de l&rsquo;ann\u00e9e 2024. Pour les expositions avant 2024, veuillez visiter notre site en allemand ou en anglais.<\/p>\n","protected":false},"author":14,"featured_media":0,"parent":0,"menu_order":2,"comment_status":"closed","ping_status":"closed","template":"template-archive.php","meta":{"_acf_changed":false,"_seopress_robots_primary_cat":"","_seopress_titles_title":"Pass\u00e9es | KUNSTMUSEUM LUZERN","_seopress_titles_desc":"Les expositions et projets de coop\u00e9ration du Kunstmuseum Luzern sont pr\u00e9sent\u00e9s dans notre rubrique pass\u00e9es.","_seopress_robots_index":"","inline_featured_image":false,"ghostkit_customizer_options":"","ghostkit_custom_css":"","ghostkit_custom_js_head":"","ghostkit_custom_js_foot":"","ghostkit_typography":"","footnotes":""},"tags":[],"class_list":["post-102787","page","type-page","status-publish","hentry"],"acf":[],"_links":{"self":[{"href":"https:\/\/www.kunstmuseumluzern.ch\/fr\/wp-json\/wp\/v2\/pages\/102787","targetHints":{"allow":["GET"]}}],"collection":[{"href":"https:\/\/www.kunstmuseumluzern.ch\/fr\/wp-json\/wp\/v2\/pages"}],"about":[{"href":"https:\/\/www.kunstmuseumluzern.ch\/fr\/wp-json\/wp\/v2\/types\/page"}],"author":[{"embeddable":true,"href":"https:\/\/www.kunstmuseumluzern.ch\/fr\/wp-json\/wp\/v2\/users\/14"}],"replies":[{"embeddable":true,"href":"https:\/\/www.kunstmuseumluzern.ch\/fr\/wp-json\/wp\/v2\/comments?post=102787"}],"version-history":[{"count":10,"href":"https:\/\/www.kunstmuseumluzern.ch\/fr\/wp-json\/wp\/v2\/pages\/102787\/revisions"}],"predecessor-version":[{"id":167422,"href":"https:\/\/www.kunstmuseumluzern.ch\/fr\/wp-json\/wp\/v2\/pages\/102787\/revisions\/167422"}],"wp:attachment":[{"href":"https:\/\/www.kunstmuseumluzern.ch\/fr\/wp-json\/wp\/v2\/media?parent=102787"}],"wp:term":[{"taxonomy":"post_tag","embeddable":true,"href":"https:\/\/www.kunstmuseumluzern.ch\/fr\/wp-json\/wp\/v2\/tags?post=102787"}],"curies":[{"name":"wp","href":"https:\/\/api.w.org\/{rel}","templated":true}]}}