{"id":102890,"date":"2023-11-09T10:25:55","date_gmt":"2023-11-09T09:25:55","guid":{"rendered":"https:\/\/www.kunstmuseumluzern.ch\/?page_id=102890"},"modified":"2024-12-18T15:05:33","modified_gmt":"2024-12-18T14:05:33","slug":"devenir-membre","status":"publish","type":"page","link":"https:\/\/www.kunstmuseumluzern.ch\/fr\/musee\/devenir-membre\/","title":{"rendered":"Devenir membre"},"content":{"rendered":"\n<div style=\"height:100px\" aria-hidden=\"true\" class=\"wp-block-spacer\"><\/div>\n\n\n<link rel='stylesheet' id='formidable-css' href='https:\/\/www.kunstmuseumluzern.ch\/wp-content\/plugins\/formidable\/css\/formidableforms.css?ver=331705' type='text\/css' media='all' \/>\n<div class=\"frm_forms  with_frm_style frm_style_formidable-style\" id=\"frm_form_5_container\" data-token=\"b0924314a83893f102283b7ca36e22a1\">\n<form enctype=\"multipart\/form-data\" method=\"post\" class=\"frm-show-form  frm_pro_form \" id=\"form_anmeldung-mitgliedschaft\" data-token=\"b0924314a83893f102283b7ca36e22a1\">\n<div class=\"frm_form_fields \">\n<fieldset>\n<legend class=\"frm_screen_reader\">Devenir membre<\/legend>\r\n\r\n<div class=\"frm_fields_container\">\n<input type=\"hidden\" name=\"frm_action\" value=\"create\" \/>\n<input type=\"hidden\" name=\"form_id\" value=\"5\" \/>\n<input type=\"hidden\" name=\"frm_hide_fields_5\" id=\"frm_hide_fields_5\" value=\"\" \/>\n<input type=\"hidden\" name=\"form_key\" value=\"anmeldung-mitgliedschaft\" \/>\n<input type=\"hidden\" name=\"item_meta[0]\" value=\"\" \/>\n<input type=\"hidden\" id=\"frm_submit_entry_5\" name=\"frm_submit_entry_5\" value=\"dbab07ca7b\" \/><input type=\"hidden\" name=\"_wp_http_referer\" value=\"\/fr\/wp-json\/wp\/v2\/pages\/102890\" \/><div id=\"frm_field_75_container\" class=\"frm_form_field form-field  frm_required_field frm_top_container frm_first frm12 spacer-bottom vertical_radio\">\r\n\t<div  id=\"field_6atf6_label\" class=\"frm_primary_label\">Type de membre\r\n\t\t<span class=\"frm_required\" aria-hidden=\"true\">*<\/span>\r\n\t<\/div>\r\n\t<div class=\"frm_opt_container\" aria-labelledby=\"field_6atf6_label\" role=\"group\">\t\t<div class=\"frm_checkbox\" id=\"frm_checkbox_75-0\">\t\t\t<label  for=\"field_6atf6-0\">\n\t\t\t<input type=\"checkbox\" name=\"item_meta[75][]\" id=\"field_6atf6-0\" value=\"Einzelmitgliedschaft, CHF 90.\u2013\"  data-frmlimit=\"1\"  data-frmmin=\"1\"  data-reqmsg=\"Cette case ne doit pas \u00eatre vide.\" data-invmsg=\"Type de membre est non valide\"   aria-required=\"true\"  \/> Membre individuel, CHF 90.\u2013<\/label><\/div>\n\t\t<div class=\"frm_checkbox\" id=\"frm_checkbox_75-4\">\t\t\t<label  for=\"field_6atf6-4\">\n\t\t\t<input type=\"checkbox\" name=\"item_meta[75][]\" id=\"field_6atf6-4\" value=\"K\u00fcnstler:innen, CHF 50.\u2013\"  data-frmlimit=\"1\"  data-frmmin=\"1\"  data-reqmsg=\"Cette case ne doit pas \u00eatre vide.\" data-invmsg=\"Type de membre est non valide\"   \/> Artiste, CHF 50.\u2013<\/label><\/div>\n\t\t<div class=\"frm_checkbox\" id=\"frm_checkbox_75-3\">\t\t\t<label  for=\"field_6atf6-3\">\n\t\t\t<input type=\"checkbox\" name=\"item_meta[75][]\" id=\"field_6atf6-3\" value=\"Kinder, Jugendliche, Student:innen (bis 25 Jahre), CHF 30.\u2013\"  data-frmlimit=\"1\"  data-frmmin=\"1\"  data-reqmsg=\"Cette case ne doit pas \u00eatre vide.\" data-invmsg=\"Type de membre est non valide\"   \/> Enfants, jeunes, \u00e9tudiant\u00b7e\u00b7s (jusqu\u2019\u00e0 25 ans), CHF 30.\u2013<\/label><\/div>\n\t\t<div class=\"frm_checkbox\" id=\"frm_checkbox_75-1\">\t\t\t<label  for=\"field_6atf6-1\">\n\t\t\t<input type=\"checkbox\" name=\"item_meta[75][]\" id=\"field_6atf6-1\" value=\"Paare (an derselben Adresse), CHF 120.\u2013\"  data-frmlimit=\"1\"  data-frmmin=\"1\"  data-reqmsg=\"Cette case ne doit pas \u00eatre vide.\" data-invmsg=\"Type de membre est non valide\"   \/> Couples (m\u00eame adresse), CHF 120.\u2013<\/label><\/div>\n\t\t<div class=\"frm_checkbox\" id=\"frm_checkbox_75-7\">\t\t\t<label  for=\"field_6atf6-7\">\n\t\t\t<input type=\"checkbox\" name=\"item_meta[75][]\" id=\"field_6atf6-7\" value=\"K\u00fcnstler:innen Paare, CHF 80.\u2013\"  data-frmlimit=\"1\"  data-frmmin=\"1\"  data-reqmsg=\"Cette case ne doit pas \u00eatre vide.\" data-invmsg=\"Type de membre est non valide\"   \/> Couples d\u2019artistes, CHF 80.\u2013<\/label><\/div>\n\t\t<div class=\"frm_checkbox\" id=\"frm_checkbox_75-2\">\t\t\t<label  for=\"field_6atf6-2\">\n\t\t\t<input type=\"checkbox\" name=\"item_meta[75][]\" id=\"field_6atf6-2\" value=\"Familien, CHF 150.\u2013\"  data-frmlimit=\"1\"  data-frmmin=\"1\"  data-reqmsg=\"Cette case ne doit pas \u00eatre vide.\" data-invmsg=\"Type de membre est non valide\"   \/> Familles, CHF 150.\u2013<\/label><\/div>\n\t\t<div class=\"frm_checkbox\" id=\"frm_checkbox_75-8\">\t\t\t<label  for=\"field_6atf6-8\">\n\t\t\t<input type=\"checkbox\" name=\"item_meta[75][]\" id=\"field_6atf6-8\" value=\"K\u00fcnstler:innen Familien, CHF 110.\u2013\"  data-frmlimit=\"1\"  data-frmmin=\"1\"  data-reqmsg=\"Cette case ne doit pas \u00eatre vide.\" data-invmsg=\"Type de membre est non valide\"   \/> Familles d\u2019artistes, CHF 110.\u2013<\/label><\/div>\n\t\t<div class=\"frm_checkbox\" id=\"frm_checkbox_75-6\">\t\t\t<label  for=\"field_6atf6-6\">\n\t\t\t<input type=\"checkbox\" name=\"item_meta[75][]\" id=\"field_6atf6-6\" value=\"Firmenmitgliedschaft, CHF 500.\u2013\"  data-frmlimit=\"1\"  data-frmmin=\"1\"  data-reqmsg=\"Cette case ne doit pas \u00eatre vide.\" data-invmsg=\"Type de membre est non valide\"   \/> Membre d\u2019entreprise, CHF 500.\u2013<\/label><\/div>\n\t\t<div class=\"frm_checkbox\" id=\"frm_checkbox_75-5\">\t\t\t<label  for=\"field_6atf6-5\">\n\t\t\t<input type=\"checkbox\" name=\"item_meta[75][]\" id=\"field_6atf6-5\" value=\"G\u00f6nnermitgliedschaft (nur f\u00fcr Privatpersonen), CHF 300.\u2013\"  data-frmlimit=\"1\"  data-frmmin=\"1\"  data-reqmsg=\"Cette case ne doit pas \u00eatre vide.\" data-invmsg=\"Type de membre est non valide\"   \/> Membre donateur ( seulement pour les particuliers), CHF 300.\u2013<\/label><\/div>\n<\/div>\r\n\t\r\n\t\r\n<\/div>\n<div id=\"frm_field_68_container\" class=\"frm_form_field form-field  frm_top_container frm_first frm_half\">\r\n    <label for=\"field_nxj052\" id=\"field_nxj052_label\" class=\"frm_primary_label\">Entreprise\r\n        <span class=\"frm_required\" aria-hidden=\"true\"><\/span>\r\n    <\/label>\r\n    <input  type=\"text\" id=\"field_nxj052\" name=\"item_meta[68]\" value=\"\"  data-invmsg=\"Entreprise n&#039;est pas valable\" aria-invalid=\"false\"   \/>\r\n    \r\n    \r\n<\/div>\n<div id=\"frm_field_62_container\" class=\"frm_form_field form-field  frm_required_field frm_top_container frm_first frm_half\">\r\n    <label for=\"field_mgllt2\" id=\"field_mgllt2_label\" class=\"frm_primary_label\">Nom, pr\u00e9nom\r\n        <span class=\"frm_required\" aria-hidden=\"true\">*<\/span>\r\n    <\/label>\r\n    <input  type=\"text\" id=\"field_mgllt2\" name=\"item_meta[62]\" value=\"\"  data-reqmsg=\"Cette case ne doit pas \u00eatre vide.\" aria-required=\"true\" data-invmsg=\"Nom, pr\u00e9nom n&#039;est pas valable\" aria-invalid=\"false\"   \/>\r\n    \r\n    \r\n<\/div>\n<div id=\"frm_field_63_container\" class=\"frm_form_field form-field  frm_top_container frm_half\">\r\n    <label for=\"field_ibluz2\" id=\"field_ibluz2_label\" class=\"frm_primary_label\">Nom, pr\u00e9nom de la partenaire\r\n        <span class=\"frm_required\" aria-hidden=\"true\"><\/span>\r\n    <\/label>\r\n    <input  type=\"text\" id=\"field_ibluz2\" name=\"item_meta[63]\" value=\"\"  data-invmsg=\"Nom, pr\u00e9nom de la partenaire n&#039;est pas valable\" aria-invalid=\"false\"   \/>\r\n    \r\n    \r\n<\/div>\n<div id=\"frm_field_79_container\" class=\"frm_form_field form-field  frm_top_container frm_first frm_half\">\r\n\t<label for=\"field_vy2rz\" id=\"field_vy2rz_label\" class=\"frm_primary_label\">Pr\u00e9nom des enfants\r\n\t\t<span class=\"frm_required\" aria-hidden=\"true\"><\/span>\r\n\t<\/label>\r\n\t<input  type=\"text\" id=\"field_vy2rz\" name=\"item_meta[79]\" value=\"\"  data-invmsg=\"Pr\u00e9nom des enfants n&#039;est pas valable\" aria-invalid=\"false\"   \/>\r\n\t\r\n\t\r\n<\/div>\n<div id=\"frm_field_80_container\" class=\"frm_form_field form-field  frm_top_container frm_half\">\r\n\t<label for=\"field_1a48z\" id=\"field_1a48z_label\" class=\"frm_primary_label\">Ann\u00e9e de naissance (enfants, jeunes)\r\n\t\t<span class=\"frm_required\" aria-hidden=\"true\"><\/span>\r\n\t<\/label>\r\n\t<input  type=\"text\" id=\"field_1a48z\" name=\"item_meta[80]\" value=\"\"  data-invmsg=\"Ann\u00e9e de naissance (enfants, jeunes) n&#039;est pas valable\" aria-invalid=\"false\"   \/>\r\n\t\r\n\t\r\n<\/div>\n<div id=\"frm_field_93_container\" class=\"frm_form_field form-field  frm_required_field frm_top_container frm_first frm_half\">\r\n\t<label for=\"field_snnzs\" id=\"field_snnzs_label\" class=\"frm_primary_label\">Rue, num\u00e9ro\r\n\t\t<span class=\"frm_required\" aria-hidden=\"true\">*<\/span>\r\n\t<\/label>\r\n\t<input  type=\"text\" id=\"field_snnzs\" name=\"item_meta[93]\" value=\"\"  data-reqmsg=\"Cette case ne doit pas \u00eatre vide.\" aria-required=\"true\" data-invmsg=\"Rue, num\u00e9ro n&#039;est pas valable\" aria-invalid=\"false\"   \/>\r\n\t\r\n\t\r\n<\/div>\n<div id=\"frm_field_94_container\" class=\"frm_form_field form-field  frm_required_field frm_top_container frm_half\">\r\n\t<label for=\"field_ylvxe\" id=\"field_ylvxe_label\" class=\"frm_primary_label\">Code postal, lieu\r\n\t\t<span class=\"frm_required\" aria-hidden=\"true\">*<\/span>\r\n\t<\/label>\r\n\t<input  type=\"text\" id=\"field_ylvxe\" name=\"item_meta[94]\" value=\"\"  data-reqmsg=\"Cette case ne doit pas \u00eatre vide.\" aria-required=\"true\" data-invmsg=\"Code postal, lieu n&#039;est pas valable\" aria-invalid=\"false\"   \/>\r\n\t\r\n\t\r\n<\/div>\n<div id=\"frm_field_83_container\" class=\"frm_form_field form-field  frm_required_field frm_top_container frm_first frm_half\">\r\n\t<label for=\"field_l6x7t\" id=\"field_l6x7t_label\" class=\"frm_primary_label\">T\u00e9l\u00e9phone\r\n\t\t<span class=\"frm_required\" aria-hidden=\"true\">*<\/span>\r\n\t<\/label>\r\n\t<input type=\"tel\" id=\"field_l6x7t\" name=\"item_meta[83]\" value=\"\"  data-reqmsg=\"Cette case ne doit pas \u00eatre vide.\" aria-required=\"true\" data-invmsg=\"T\u00e9l\u00e9phone n&#039;est pas valable\" aria-invalid=\"false\" pattern=\"((\\+\\d{1,3}(-|.| )?\\(?\\d\\)?(-| |.)?\\d{1,5})|(\\(?\\d{2,6}\\)?))(-|.| )?(\\d{3,4})(-|.| )?(\\d{4})(( x| ext)\\d{1,5}){0,1}$\"  \/>\r\n\t\r\n\t\r\n<\/div>\n<div id=\"frm_field_84_container\" class=\"frm_form_field form-field  frm_required_field frm_top_container frm_half\">\r\n\t<label for=\"field_m7ys5\" id=\"field_m7ys5_label\" class=\"frm_primary_label\">E-mail\r\n\t\t<span class=\"frm_required\" aria-hidden=\"true\">*<\/span>\r\n\t<\/label>\r\n\t<input type=\"email\" id=\"field_m7ys5\" name=\"item_meta[84]\" value=\"\"  autocomplete=\"email\"  data-reqmsg=\"Cette case ne doit pas \u00eatre vide.\" aria-required=\"true\" data-invmsg=\"E-mail n&#039;est pas valable\" aria-invalid=\"false\"  \/>\r\n\t\r\n\t\r\n<\/div>\n<div id=\"frm_field_87_container\" class=\"frm_form_field form-field  frm_top_container frm_first frm12 spacer-top spacer-bottom vertical_radio\">\r\n\t<div  id=\"field_w10v1_label\" class=\"frm_primary_label\">Cadeau de membre, facture \u00e0\r\n\t\t<span class=\"frm_required\" aria-hidden=\"true\"><\/span>\r\n\t<\/div>\r\n\t<div class=\"frm_opt_container\" aria-labelledby=\"field_w10v1_label\" role=\"group\">\t\t<div class=\"frm_checkbox\" id=\"frm_checkbox_87-0\">\t\t\t<label  for=\"field_w10v1-0\">\n\t\t\t<input type=\"checkbox\" name=\"item_meta[87][]\" id=\"field_w10v1-0\" value=\"1 Jahr\"  data-frmlimit=\"1\"  data-invmsg=\"Cadeau de membre, facture \u00e0 est non valide\"   \/> 1 ann\u00e9e<\/label><\/div>\n\t\t<div class=\"frm_checkbox\" id=\"frm_checkbox_87-1\">\t\t\t<label  for=\"field_w10v1-1\">\n\t\t\t<input type=\"checkbox\" name=\"item_meta[87][]\" id=\"field_w10v1-1\" value=\"auf Widerruf\"  data-frmlimit=\"1\"  data-invmsg=\"Cadeau de membre, facture \u00e0 est non valide\"   \/> sur r\u00e9vocation<\/label><\/div>\n<\/div>\r\n\t\r\n\t\r\n<\/div>\n<div id=\"frm_field_100_container\" class=\"frm_form_field form-field  frm_top_container frm6 frm_first\">\r\n\t<label for=\"field_3xiok\" id=\"field_3xiok_label\" class=\"frm_primary_label\">Nom\r\n\t\t<span class=\"frm_required\" aria-hidden=\"true\"><\/span>\r\n\t<\/label>\r\n\t<input  type=\"text\" id=\"field_3xiok\" name=\"item_meta[100]\" value=\"\"  data-invmsg=\"Nom n&#039;est pas valable\" aria-invalid=\"false\"   \/>\r\n\t\r\n\t\r\n<\/div>\n<div id=\"frm_field_101_container\" class=\"frm_form_field form-field  frm_top_container frm_half\">\r\n\t<label for=\"field_hj4k4\" id=\"field_hj4k4_label\" class=\"frm_primary_label\">Pr\u00e9nom\r\n\t\t<span class=\"frm_required\" aria-hidden=\"true\"><\/span>\r\n\t<\/label>\r\n\t<input  type=\"text\" id=\"field_hj4k4\" name=\"item_meta[101]\" value=\"\"  data-invmsg=\"Pr\u00e9nom n&#039;est pas valable\" aria-invalid=\"false\"   \/>\r\n\t\r\n\t\r\n<\/div>\n<div id=\"frm_field_95_container\" class=\"frm_form_field form-field  frm_top_container frm6 frm_first\">\r\n\t<label for=\"field_989iw\" id=\"field_989iw_label\" class=\"frm_primary_label\">Rue, num\u00e9ro\r\n\t\t<span class=\"frm_required\" aria-hidden=\"true\"><\/span>\r\n\t<\/label>\r\n\t<input  type=\"text\" id=\"field_989iw\" name=\"item_meta[95]\" value=\"\"  data-invmsg=\"Rue, num\u00e9ro n&#039;est pas valable\" aria-invalid=\"false\"   \/>\r\n\t\r\n\t\r\n<\/div>\n<div id=\"frm_field_96_container\" class=\"frm_form_field form-field  frm_top_container frm6\">\r\n\t<label for=\"field_m5onn\" id=\"field_m5onn_label\" class=\"frm_primary_label\">Code postal, lieu\r\n\t\t<span class=\"frm_required\" aria-hidden=\"true\"><\/span>\r\n\t<\/label>\r\n\t<input  type=\"text\" id=\"field_m5onn\" name=\"item_meta[96]\" value=\"\"  data-invmsg=\"Code postal, lieu n&#039;est pas valable\" aria-invalid=\"false\"   \/>\r\n\t\r\n\t\r\n<\/div>\n<div id=\"frm_field_98_container\" class=\"frm_form_field form-field  frm_top_container frm_first frm_half\">\r\n\t<label for=\"field_50r1z\" id=\"field_50r1z_label\" class=\"frm_primary_label\">T\u00e9l\u00e9phone\r\n\t\t<span class=\"frm_required\" aria-hidden=\"true\"><\/span>\r\n\t<\/label>\r\n\t<input type=\"tel\" id=\"field_50r1z\" name=\"item_meta[98]\" value=\"\"  data-invmsg=\"T\u00e9l\u00e9phone n&#039;est pas valable\" aria-invalid=\"false\" pattern=\"((\\+\\d{1,3}(-|.| )?\\(?\\d\\)?(-| |.)?\\d{1,5})|(\\(?\\d{2,6}\\)?))(-|.| )?(\\d{3,4})(-|.| )?(\\d{4})(( x| ext)\\d{1,5}){0,1}$\"  \/>\r\n\t\r\n\t\r\n<\/div>\n<div id=\"frm_field_99_container\" class=\"frm_form_field form-field  frm_top_container frm_half\">\r\n\t<label for=\"field_rb9ql\" id=\"field_rb9ql_label\" class=\"frm_primary_label\">E-mail\r\n\t\t<span class=\"frm_required\" aria-hidden=\"true\"><\/span>\r\n\t<\/label>\r\n\t<input type=\"email\" id=\"field_rb9ql\" name=\"item_meta[99]\" value=\"\"  autocomplete=\"email\"  data-invmsg=\"E-mail n&#039;est pas valable\" aria-invalid=\"false\"  \/>\r\n\t\r\n\t\r\n<\/div>\n<div id=\"frm_field_73_container\" class=\"frm_form_field form-field  frm_top_container frm_first frm12\">\r\n    <label for=\"field_h4qxv2\" id=\"field_h4qxv2_label\" class=\"frm_primary_label\">Commentaires\r\n        <span class=\"frm_required\" aria-hidden=\"true\"><\/span>\r\n    <\/label>\r\n    <textarea name=\"item_meta[73]\" id=\"field_h4qxv2\" rows=\"5\"  data-invmsg=\"Commentaires n&#039;est pas valable\" aria-invalid=\"false\"  ><\/textarea>\r\n    \r\n    \r\n<\/div>\n<div id=\"frm_field_131_container\" class=\"frm_form_field form-field  frm_required_field frm_top_container frm12 frm_first\">\r\n\t<div  id=\"field_haw75_label\" class=\"frm_primary_label\">Datenschutzhinweis\r\n\t\t<span class=\"frm_required\" aria-hidden=\"true\">*<\/span>\r\n\t<\/div>\r\n\t\n<div class=\"frm_checkbox\" role=\"group\" aria-labelledby=\"frm-gdpr-accept-131\">\n\t<label for=\"frm-gdpr-accept-131\">\n\t\t<input type=\"checkbox\" aria-required=\"true\" name=\"item_meta[131]\" id=\"frm-gdpr-accept-131\" value=\"1\" \n\t\t \t\t data-reqmsg=\"Cette case ne doit pas \u00eatre vide.\" aria-required=\"true\" data-invmsg=\"Datenschutzhinweis est non valide\" aria-invalid=\"false\"  \t\t\/>\n\t\tMit dem Absenden des Formulars erkl\u00e4ren Sie sich damit einverstanden, dass Ihre angegebenen Daten zur Bearbeitung Ihrer Anfrage verwendet werden.   Weitere Informationen finden Sie in unserer <a href=\"\/datenschutzerklaerung\" target=\"_blank\" rel=\"noopener noreferrer\">Datenschutzerkl\u00e4rung<\/a>. Mit dem Antrag auf Mitgliedschaft erkl\u00e4ren Sie sich zudem mit der Ver\u00f6ffentlichung Ihres Namens im Jahresbericht des Kunstmuseums Luzern einverstanden. Falls Sie keine Nennung w\u00fcnschen, k\u00f6nnen Sie dieser Ver\u00f6ffentlichung jederzeit ohne Angabe von Gr\u00fcnden widersprechen. Bitte teilen Sie uns dies schriftlich mit: <a href=\"&#x6d;&#97;i&#x6c;&#116;o&#x3a;&#105;n&#x66;&#x6f;&#64;&#x6b;&#x75;&#110;s&#x74;&#109;u&#x73;&#101;u&#x6d;&#x6c;&#117;&#x7a;&#x65;&#114;n&#x2e;&#99;h\">&#105;&#x6e;&#102;&#x6f;&#64;&#x6b;u&#110;&#x73;&#116;&#x6d;&#117;&#x73;e&#x75;m&#108;&#x75;&#122;&#x65;r&#x6e;&#46;&#x63;&#x68;<\/a>. <\/p>\t<\/label>\n<\/div>\n\r\n\t\r\n\t\r\n<\/div>\n<div id=\"frm_field_122_container\" class=\"frm_form_field form-field  frm_none_container frm12 frm_first\">\r\n\t<label for=\"h-captcha-response\" id=\"field_9ipz5_label\" class=\"frm_primary_label\">CAPTCHA\r\n\t\t<span class=\"frm_required\" aria-hidden=\"true\"><\/span>\r\n\t<\/label>\r\n\t<div  id=\"field_9ipz5\" class=\"h-captcha\" data-sitekey=\"b500cfbe-2782-443c-b0fa-dbcab8f495cc\" data-size=\"normal\" data-theme=\"light\"><\/div>\r\n\t\r\n\t\r\n<\/div>\n<div id=\"frm_field_74_container\" class=\"frm_form_field form-field  frm12 frm_first\">\r\n\t<div class=\"frm_submit frm_flex\">\r\n<button class=\"frm_button_submit frm_final_submit\" type=\"submit\"   formnovalidate=\"formnovalidate\">Envoyer<\/button>\r\n\r\n\r\n\r\n<\/div>\r\n<\/div>\n\t<input type=\"hidden\" name=\"item_key\" value=\"\" \/>\n\t\t\t<div id=\"frm_field_136_container\">\n\t\t\t<label for=\"field_3rscn\" >\n\t\t\t\tSi vous \u00eates un humain, ne remplissez pas ce champ.\t\t\t<\/label>\n\t\t\t<input  id=\"field_3rscn\" type=\"text\" class=\"frm_form_field form-field frm_verify\" name=\"item_meta[136]\" value=\"\"  \/>\n\t\t<\/div>\n\t\t<input name=\"frm_state\" type=\"hidden\" value=\"5cAYhwIpCZvW6S645EUQ1LRFEgmRlY+AG8tdJOdzS2IEBa8BLnSnffOSA32NPUPo\" \/><\/div>\n<\/fieldset>\n<\/div>\n\n<\/form>\n<\/div>\n","protected":false},"excerpt":{"rendered":"","protected":false},"author":14,"featured_media":0,"parent":101459,"menu_order":3,"comment_status":"closed","ping_status":"closed","template":"","meta":{"_acf_changed":false,"_seopress_robots_primary_cat":"","_seopress_titles_title":"","_seopress_titles_desc":"","_seopress_robots_index":"","inline_featured_image":false,"ghostkit_customizer_options":"","ghostkit_custom_css":"","ghostkit_custom_js_head":"","ghostkit_custom_js_foot":"","ghostkit_typography":"","footnotes":""},"tags":[],"class_list":["post-102890","page","type-page","status-publish","hentry"],"acf":[],"_links":{"self":[{"href":"https:\/\/www.kunstmuseumluzern.ch\/fr\/wp-json\/wp\/v2\/pages\/102890","targetHints":{"allow":["GET"]}}],"collection":[{"href":"https:\/\/www.kunstmuseumluzern.ch\/fr\/wp-json\/wp\/v2\/pages"}],"about":[{"href":"https:\/\/www.kunstmuseumluzern.ch\/fr\/wp-json\/wp\/v2\/types\/page"}],"author":[{"embeddable":true,"href":"https:\/\/www.kunstmuseumluzern.ch\/fr\/wp-json\/wp\/v2\/users\/14"}],"replies":[{"embeddable":true,"href":"https:\/\/www.kunstmuseumluzern.ch\/fr\/wp-json\/wp\/v2\/comments?post=102890"}],"version-history":[{"count":3,"href":"https:\/\/www.kunstmuseumluzern.ch\/fr\/wp-json\/wp\/v2\/pages\/102890\/revisions"}],"predecessor-version":[{"id":133676,"href":"https:\/\/www.kunstmuseumluzern.ch\/fr\/wp-json\/wp\/v2\/pages\/102890\/revisions\/133676"}],"up":[{"embeddable":true,"href":"https:\/\/www.kunstmuseumluzern.ch\/fr\/wp-json\/wp\/v2\/pages\/101459"}],"wp:attachment":[{"href":"https:\/\/www.kunstmuseumluzern.ch\/fr\/wp-json\/wp\/v2\/media?parent=102890"}],"wp:term":[{"taxonomy":"post_tag","embeddable":true,"href":"https:\/\/www.kunstmuseumluzern.ch\/fr\/wp-json\/wp\/v2\/tags?post=102890"}],"curies":[{"name":"wp","href":"https:\/\/api.w.org\/{rel}","templated":true}]}}